{"id":99511,"date":"2023-08-14T14:15:03","date_gmt":"2023-08-14T12:15:03","guid":{"rendered":"https:\/\/www.luxor.cz\/blog\/produkt\/ten-kdo-te-miloval-dvd\/"},"modified":"2023-08-14T14:15:03","modified_gmt":"2023-08-14T12:15:03","slug":"ten-kdo-te-miloval-dvd","status":"publish","type":"product","link":"https:\/\/www.luxor.cz\/blog\/produkt\/ten-kdo-te-miloval-dvd\/","title":{"rendered":"Ten, kdo t\u011b miloval DVD"},"content":{"rendered":"<p>Kpt. Kalina (Pavel \u0158ezn\u00ed\u010dek) policista, miluj\u00edc\u00ed man\u017eel a skv\u011bl\u00fd otec, se stane ob\u011bt\u00ed autonehody. Z pozice ducha sleduje vy\u0161et\u0159ov\u00e1n\u00ed vlastn\u00edho \u00famrt\u00ed. Doch\u00e1z\u00ed p\u0159i n\u011bm k mnoha humorn\u00fdm a ne\u010dekan\u00fdm situac\u00edm, proto\u017ee ho vede v\u00edce jeho rodina, ne\u017e \u010dlenov\u00e9 policejn\u00edho sboru\u2026 Postupn\u011b se za\u010d\u00ednaj\u00ed objevovat drobn\u00e9 indicie, \u017ee v\u0161echno nemuselo b\u00fdt tak, jak se zd\u00e1lo. Partnersk\u00e1 d\u016fv\u011bra je naru\u0161ena, sta\u010d\u00ed p\u00e1r fotek, slov a Vanda (So\u0148a Norisov\u00e1) za\u010dne m\u00edt podez\u0159en\u00ed, \u017ee j\u00ed mohl b\u00fdt man\u017eel nev\u011brn\u00fd. Dva kluci, maminka Vanda a babi\u010dka (Eva Holubov\u00e1) rozj\u00ed\u017ed\u011bj\u00ed vy\u0161et\u0159ov\u00e1n\u00ed na vlastn\u00ed p\u011bst. Vanda se setk\u00e1v\u00e1 s Kalinovou domn\u011blou milenkou Irinou (L\u00edvia Bielovi\u010d), kter\u00e1 po n\u00ed chce, aby dot\u00e1hla to, co j\u00ed Vandy man\u017eel kpt. Kalina sl\u00edbil a nedokon\u010dil. Nast\u00e1v\u00e1 ne\u010dekan\u00e1 eskap\u00e1da ud\u00e1lost\u00ed s jasn\u00fdm \u00fa\u010delem dobrat se pravdy, do kter\u00e9 je Kalinov\u00fdmi zasv\u011bcen je\u0161t\u011b rodinn\u00fd p\u0159\u00edtel nepraktick\u00fd praktick\u00fd l\u00e9ka\u0159 (Hynek \u010cerm\u00e1k). Kl\u00ed\u010dov\u00fd materi\u00e1l opou\u0161t\u00ed Kalin\u016fv sejf prost\u0159ednictv\u00edm v\u0161ete\u010dn\u00e9 tch\u00fdn\u011b, aby byl se dostal do rukou nic netu\u0161\u00edc\u00edho doktora a zamotal hlavy policist\u016fm. Vand\u011b se nakonec za pomoc\u00ed syn\u016f poda\u0159\u00ed rozlu\u0161tit zaheslovan\u00fd soubor v po\u010d\u00edta\u010di sv\u00e9ho mu\u017ee, kter\u00fd j\u00ed d\u00e1 nejen odpov\u011b\u010f na v\u0161echny ot\u00e1zky vznikl\u00e9 ned\u016fv\u011bry, ale zejm\u00e9na pom\u016f\u017ee \u00fasp\u011b\u0161n\u011b vy\u0159e\u0161it posledn\u00ed p\u0159\u00edpad kpt. Kaliny.<\/p>\n","protected":false},"excerpt":{"rendered":"<p>Kpt. Kalina (Pavel \u0158ezn\u00ed\u010dek) policista, miluj\u00edc\u00ed man\u017eel a skv\u011bl\u00fd otec, se stane ob\u011bt\u00ed autonehody. Z pozice ducha sleduje vy\u0161et\u0159ov\u00e1n\u00ed vlastn\u00edho \u00famrt\u00ed. Doch\u00e1z\u00ed p\u0159i n\u011bm k mnoha humorn\u00fdm a ne\u010dekan\u00fdm situac\u00edm, [&hellip;]<\/p>\n","protected":false},"featured_media":0,"comment_status":"closed","ping_status":"open","template":"","meta":{"_acf_changed":false,"_monsterinsights_skip_tracking":false,"_monsterinsights_sitenote_active":false,"_monsterinsights_sitenote_note":"","_monsterinsights_sitenote_category":0,"_EventAllDay":false,"_EventTimezone":"","_EventStartDate":"","_EventEndDate":"","_EventStartDateUTC":"","_EventEndDateUTC":"","_EventShowMap":false,"_EventShowMapLink":false,"_EventURL":"","_EventCost":"","_EventCostDescription":"","_EventCurrencySymbol":"","_EventCurrencyCode":"","_EventCurrencyPosition":"","_EventDateTimeSeparator":"","_EventTimeRangeSeparator":"","_EventOrganizerID":[],"_EventVenueID":[],"_OrganizerEmail":"","_OrganizerPhone":"","_OrganizerWebsite":"","_VenueAddress":"","_VenueCity":"","_VenueCountry":"","_VenueProvince":"","_VenueState":"","_VenueZip":"","_VenuePhone":"","_VenueURL":"","_VenueStateProvince":"","_VenueLat":"","_VenueLng":"","_VenueShowMap":false,"_VenueShowMapLink":false,"twitterCardType":"","cardImageID":0,"cardImage":"","cardTitle":"","cardDesc":"","cardImageAlt":"","cardPlayer":"","cardPlayerWidth":0,"cardPlayerHeight":0,"cardPlayerStream":"","cardPlayerCodec":""},"product_cat":[],"product_tag":[],"class_list":["post-99511","product","type-product","status-publish","hentry"],"acf":{"description":"Kpt. Kalina (Pavel \u0158ezn\u00ed\u010dek) policista, miluj\u00edc\u00ed man\u017eel a skv\u011bl\u00fd otec, se stane ob\u011bt\u00ed autonehody. Z pozice ducha sleduje vy\u0161et\u0159ov\u00e1n\u00ed vlastn\u00edho \u00famrt\u00ed. Doch\u00e1z\u00ed p\u0159i n\u011bm k mnoha humorn\u00fdm a ne\u010dekan\u00fdm situac\u00edm, proto\u017ee ho vede v\u00edce jeho rodina, ne\u017e \u010dlenov\u00e9 policejn\u00edho sboru\u2026 Postupn\u011b se za\u010d\u00ednaj\u00ed objevovat drobn\u00e9 indicie, \u017ee v\u0161echno nemuselo b\u00fdt tak, jak se zd\u00e1lo. Partnersk\u00e1 d\u016fv\u011bra je naru\u0161ena, sta\u010d\u00ed p\u00e1r fotek, slov a Vanda (So\u0148a Norisov\u00e1) za\u010dne m\u00edt podez\u0159en\u00ed, \u017ee j\u00ed mohl b\u00fdt man\u017eel nev\u011brn\u00fd. Dva kluci, maminka Vanda a babi\u010dka (Eva Holubov\u00e1) rozj\u00ed\u017ed\u011bj\u00ed vy\u0161et\u0159ov\u00e1n\u00ed na vlastn\u00ed p\u011bst. Vanda se setk\u00e1v\u00e1 s Kalinovou domn\u011blou milenkou Irinou (L\u00edvia Bielovi\u010d), kter\u00e1 po n\u00ed chce, aby dot\u00e1hla to, co j\u00ed Vandy man\u017eel kpt. Kalina sl\u00edbil a nedokon\u010dil. Nast\u00e1v\u00e1 ne\u010dekan\u00e1 eskap\u00e1da ud\u00e1lost\u00ed s jasn\u00fdm \u00fa\u010delem dobrat se pravdy, do kter\u00e9 je Kalinov\u00fdmi zasv\u011bcen je\u0161t\u011b rodinn\u00fd p\u0159\u00edtel nepraktick\u00fd praktick\u00fd l\u00e9ka\u0159 (Hynek \u010cerm\u00e1k). Kl\u00ed\u010dov\u00fd materi\u00e1l opou\u0161t\u00ed Kalin\u016fv sejf prost\u0159ednictv\u00edm v\u0161ete\u010dn\u00e9 tch\u00fdn\u011b, aby byl se dostal do rukou nic netu\u0161\u00edc\u00edho doktora a zamotal hlavy policist\u016fm. Vand\u011b se nakonec za pomoc\u00ed syn\u016f poda\u0159\u00ed rozlu\u0161tit zaheslovan\u00fd soubor v po\u010d\u00edta\u010di sv\u00e9ho mu\u017ee, kter\u00fd j\u00ed d\u00e1 nejen odpov\u011b\u010f na v\u0161echny ot\u00e1zky vznikl\u00e9 ned\u016fv\u011bry, ale zejm\u00e9na pom\u016f\u017ee \u00fasp\u011b\u0161n\u011b vy\u0159e\u0161it posledn\u00ed p\u0159\u00edpad kpt. Kaliny.","item_id":"LX1700921","productname":"Ten, kdo t\u011b miloval DVD","product":"Ten, kdo t\u011b miloval DVD","url":"https:\/\/www.luxor.cz\/v\/1700921\/ten-kdo-te-miloval-dvd","imgurl":"https:\/\/img.luxor.cz\/orig\/produkty\/8595165369595.jpg","price_vat":"94.00","margin":"","vat":"","paramname1":"","paramval1":"","paramname2":"","paramval2":"","paramname3":"","paramval3":"","paramname4":"","paramval4":"","paramname5":"","paramval5":"","paramname6":"","paramval6":"","paramname7":"","paramval7":"","paramname8":"","paramval8":"","paramname9":"","paramval9":"","paramname10":"","paramval10":"","ean":"8595165369595","manufacturer":"Magic Box","categorytext":""},"_links":{"self":[{"href":"https:\/\/www.luxor.cz\/blog\/wp-json\/wp\/v2\/product\/99511","targetHints":{"allow":["GET"]}}],"collection":[{"href":"https:\/\/www.luxor.cz\/blog\/wp-json\/wp\/v2\/product"}],"about":[{"href":"https:\/\/www.luxor.cz\/blog\/wp-json\/wp\/v2\/types\/product"}],"replies":[{"embeddable":true,"href":"https:\/\/www.luxor.cz\/blog\/wp-json\/wp\/v2\/comments?post=99511"}],"wp:attachment":[{"href":"https:\/\/www.luxor.cz\/blog\/wp-json\/wp\/v2\/media?parent=99511"}],"wp:term":[{"taxonomy":"product_cat","embeddable":true,"href":"https:\/\/www.luxor.cz\/blog\/wp-json\/wp\/v2\/product_cat?post=99511"},{"taxonomy":"product_tag","embeddable":true,"href":"https:\/\/www.luxor.cz\/blog\/wp-json\/wp\/v2\/product_tag?post=99511"}],"curies":[{"name":"wp","href":"https:\/\/api.w.org\/{rel}","templated":true}]}}