{"id":98153,"date":"2023-08-14T14:03:47","date_gmt":"2023-08-14T12:03:47","guid":{"rendered":"https:\/\/www.luxor.cz\/blog\/produkt\/catan-zamorske-objevy-hra\/"},"modified":"2023-08-14T14:03:48","modified_gmt":"2023-08-14T12:03:48","slug":"catan-zamorske-objevy-hra","status":"publish","type":"product","link":"https:\/\/www.luxor.cz\/blog\/produkt\/catan-zamorske-objevy-hra\/","title":{"rendered":"Catan &#8211; Z\u00e1mo\u0159sk\u00e9 objevy \/hra"},"content":{"rendered":"<p>Catan &#8211; Z\u00e1mo\u0159sk\u00e9 objevy<\/p>\n<p>Nalo\u017ete lod\u011b, napn\u011bte plachty a vydejte se na mo\u0159e. Objevte z\u00e1mo\u0159sk\u00e9 kraje, kter\u00e9 opl\u00fdvaj\u00ed bohatstv\u00edm a obchoduj\u00ed se vz\u00e1cn\u00fdm ko\u0159en\u00edm.<\/p>\n<p>Pir\u00e1tsk\u00e1 lo\u010f na pravoboku! Vypo\u0159\u00e1d\u00e1te se s nebezpe\u010dn\u00fdmi pir\u00e1ty? Nov\u00e9 zem\u011b p\u0159in\u00e1\u0161\u00ed i nov\u00e9 obchodn\u00ed mo\u017enosti. Vyd\u011blejte na obchodu s ko\u0159en\u00edm co nejv\u00edce. Pro\u017eijte t\u0159i velk\u00e9 mise pln\u00e9 dobrodru\u017estv\u00ed. D\u00edky velk\u00e9mu mno\u017estv\u00ed hern\u00edch d\u00edl\u016f a komponent budou Osadn\u00edci je\u0161t\u011b pest\u0159ej\u0161\u00ed a z\u00e1bavn\u011bj\u0161\u00ed.<\/p>\n<p>Jste p\u0159ipraven\u00ed na velk\u00e9 objevy? Nap\u00ednav\u00e1 plavba pr\u00e1v\u011b za\u010d\u00edn\u00e1!<\/p>\n<p>Toto roz\u0161\u00ed\u0159en\u00ed nelze hr\u00e1t samostatn\u011b! Ke h\u0159e pot\u0159ebujete z\u00e1kladn\u00ed hru Osadn\u00edci z Katanu, kter\u00e9 obsahuje plastov\u00e9 figurky. Se z\u00e1kladn\u00edmi Osadn\u00edky s d\u0159ev\u011bn\u00fdmi figurkami toto roz\u0161\u00ed\u0159en\u00ed bohu\u017eel nen\u00ed kompatibiln\u00ed.<\/p>\n<p>Hra obsahuje: 118 plastov\u00fdch figurek, 76 \u017eeton\u016f minc\u00ed, 15 d\u00edl\u016f r\u00e1mu, 30 d\u00edl\u016f krajiny a pravidla.<br \/>\nPo\u010det hr\u00e1\u010d\u016f: 2-4<br \/>\nV\u011bk: 12+<\/p>\n","protected":false},"excerpt":{"rendered":"<p>Catan &#8211; Z\u00e1mo\u0159sk\u00e9 objevy Nalo\u017ete lod\u011b, napn\u011bte plachty a vydejte se na mo\u0159e. Objevte z\u00e1mo\u0159sk\u00e9 kraje, kter\u00e9 opl\u00fdvaj\u00ed bohatstv\u00edm a obchoduj\u00ed se vz\u00e1cn\u00fdm ko\u0159en\u00edm. Pir\u00e1tsk\u00e1 lo\u010f na pravoboku! Vypo\u0159\u00e1d\u00e1te se [&hellip;]<\/p>\n","protected":false},"featured_media":0,"comment_status":"closed","ping_status":"open","template":"","meta":{"_acf_changed":false,"_monsterinsights_skip_tracking":false,"_monsterinsights_sitenote_active":false,"_monsterinsights_sitenote_note":"","_monsterinsights_sitenote_category":0,"_EventAllDay":false,"_EventTimezone":"","_EventStartDate":"","_EventEndDate":"","_EventStartDateUTC":"","_EventEndDateUTC":"","_EventShowMap":false,"_EventShowMapLink":false,"_EventURL":"","_EventCost":"","_EventCostDescription":"","_EventCurrencySymbol":"","_EventCurrencyCode":"","_EventCurrencyPosition":"","_EventDateTimeSeparator":"","_EventTimeRangeSeparator":"","_EventOrganizerID":[],"_EventVenueID":[],"_OrganizerEmail":"","_OrganizerPhone":"","_OrganizerWebsite":"","_VenueAddress":"","_VenueCity":"","_VenueCountry":"","_VenueProvince":"","_VenueState":"","_VenueZip":"","_VenuePhone":"","_VenueURL":"","_VenueStateProvince":"","_VenueLat":"","_VenueLng":"","_VenueShowMap":false,"_VenueShowMapLink":false,"twitterCardType":"","cardImageID":0,"cardImage":"","cardTitle":"","cardDesc":"","cardImageAlt":"","cardPlayer":"","cardPlayerWidth":0,"cardPlayerHeight":0,"cardPlayerStream":"","cardPlayerCodec":""},"product_cat":[],"product_tag":[],"class_list":["post-98153","product","type-product","status-publish","hentry"],"acf":{"description":"Catan - Z\u00e1mo\u0159sk\u00e9 objevy\n\nNalo\u017ete lod\u011b, napn\u011bte plachty a vydejte se na mo\u0159e. Objevte z\u00e1mo\u0159sk\u00e9 kraje, kter\u00e9 opl\u00fdvaj\u00ed bohatstv\u00edm a obchoduj\u00ed se vz\u00e1cn\u00fdm ko\u0159en\u00edm.\n\nPir\u00e1tsk\u00e1 lo\u010f na pravoboku! Vypo\u0159\u00e1d\u00e1te se s nebezpe\u010dn\u00fdmi pir\u00e1ty? Nov\u00e9 zem\u011b p\u0159in\u00e1\u0161\u00ed i nov\u00e9 obchodn\u00ed mo\u017enosti. Vyd\u011blejte na obchodu s ko\u0159en\u00edm co nejv\u00edce. Pro\u017eijte t\u0159i velk\u00e9 mise pln\u00e9 dobrodru\u017estv\u00ed. D\u00edky velk\u00e9mu mno\u017estv\u00ed hern\u00edch d\u00edl\u016f a komponent budou Osadn\u00edci je\u0161t\u011b pest\u0159ej\u0161\u00ed a z\u00e1bavn\u011bj\u0161\u00ed.\n\nJste p\u0159ipraven\u00ed na velk\u00e9 objevy? Nap\u00ednav\u00e1 plavba pr\u00e1v\u011b za\u010d\u00edn\u00e1!\n\nToto roz\u0161\u00ed\u0159en\u00ed nelze hr\u00e1t samostatn\u011b! Ke h\u0159e pot\u0159ebujete z\u00e1kladn\u00ed hru Osadn\u00edci z Katanu, kter\u00e9 obsahuje plastov\u00e9 figurky. Se z\u00e1kladn\u00edmi Osadn\u00edky s d\u0159ev\u011bn\u00fdmi figurkami toto roz\u0161\u00ed\u0159en\u00ed bohu\u017eel nen\u00ed kompatibiln\u00ed.\n\nHra obsahuje: 118 plastov\u00fdch figurek, 76 \u017eeton\u016f minc\u00ed, 15 d\u00edl\u016f r\u00e1mu, 30 d\u00edl\u016f krajiny a pravidla.\nPo\u010det hr\u00e1\u010d\u016f: 2-4\nV\u011bk: 12+","item_id":"LX1695321","productname":"Catan - Z\u00e1mo\u0159sk\u00e9 objevy \/hra","product":"Catan - Z\u00e1mo\u0159sk\u00e9 objevy \/hra","url":"https:\/\/www.luxor.cz\/v\/1695321\/catan-zamorske-objevy-hra","imgurl":"https:\/\/img.luxor.cz\/orig\/produkty\/8590228011190.jpg","price_vat":"810.00","margin":"","vat":"","paramname1":"","paramval1":"","paramname2":"","paramval2":"","paramname3":"","paramval3":"","paramname4":"","paramval4":"","paramname5":"","paramval5":"","paramname6":"","paramval6":"","paramname7":"","paramval7":"","paramname8":"","paramval8":"","paramname9":"","paramval9":"","paramname10":"","paramval10":"","ean":"8590228011190","manufacturer":"Albi","categorytext":""},"_links":{"self":[{"href":"https:\/\/www.luxor.cz\/blog\/wp-json\/wp\/v2\/product\/98153","targetHints":{"allow":["GET"]}}],"collection":[{"href":"https:\/\/www.luxor.cz\/blog\/wp-json\/wp\/v2\/product"}],"about":[{"href":"https:\/\/www.luxor.cz\/blog\/wp-json\/wp\/v2\/types\/product"}],"replies":[{"embeddable":true,"href":"https:\/\/www.luxor.cz\/blog\/wp-json\/wp\/v2\/comments?post=98153"}],"wp:attachment":[{"href":"https:\/\/www.luxor.cz\/blog\/wp-json\/wp\/v2\/media?parent=98153"}],"wp:term":[{"taxonomy":"product_cat","embeddable":true,"href":"https:\/\/www.luxor.cz\/blog\/wp-json\/wp\/v2\/product_cat?post=98153"},{"taxonomy":"product_tag","embeddable":true,"href":"https:\/\/www.luxor.cz\/blog\/wp-json\/wp\/v2\/product_tag?post=98153"}],"curies":[{"name":"wp","href":"https:\/\/api.w.org\/{rel}","templated":true}]}}