{"id":95213,"date":"2023-08-14T13:36:42","date_gmt":"2023-08-14T11:36:42","guid":{"rendered":"https:\/\/www.luxor.cz\/blog\/produkt\/happy-house-1-ucebnice-anglictiny-new-edition\/"},"modified":"2023-08-14T13:36:43","modified_gmt":"2023-08-14T11:36:43","slug":"happy-house-1-ucebnice-anglictiny-new-edition","status":"publish","type":"product","link":"https:\/\/www.luxor.cz\/blog\/produkt\/happy-house-1-ucebnice-anglictiny-new-edition\/","title":{"rendered":"Happy House 1 U\u010debnice Angli\u010dtiny (New Edition)"},"content":{"rendered":"<p>U\u010debnice angli\u010dtiny<\/p>\n","protected":false},"excerpt":{"rendered":"<p>U\u010debnice angli\u010dtiny<\/p>\n","protected":false},"featured_media":0,"comment_status":"closed","ping_status":"open","template":"","meta":{"_acf_changed":false,"_monsterinsights_skip_tracking":false,"_monsterinsights_sitenote_active":false,"_monsterinsights_sitenote_note":"","_monsterinsights_sitenote_category":0,"_EventAllDay":false,"_EventTimezone":"","_EventStartDate":"","_EventEndDate":"","_EventStartDateUTC":"","_EventEndDateUTC":"","_EventShowMap":false,"_EventShowMapLink":false,"_EventURL":"","_EventCost":"","_EventCostDescription":"","_EventCurrencySymbol":"","_EventCurrencyCode":"","_EventCurrencyPosition":"","_EventDateTimeSeparator":"","_EventTimeRangeSeparator":"","_EventOrganizerID":[],"_EventVenueID":[],"_OrganizerEmail":"","_OrganizerPhone":"","_OrganizerWebsite":"","_VenueAddress":"","_VenueCity":"","_VenueCountry":"","_VenueProvince":"","_VenueState":"","_VenueZip":"","_VenuePhone":"","_VenueURL":"","_VenueStateProvince":"","_VenueLat":"","_VenueLng":"","_VenueShowMap":false,"_VenueShowMapLink":false,"twitterCardType":"","cardImageID":0,"cardImage":"","cardTitle":"","cardDesc":"","cardImageAlt":"","cardPlayer":"","cardPlayerWidth":0,"cardPlayerHeight":0,"cardPlayerStream":"","cardPlayerCodec":""},"product_cat":[],"product_tag":[],"class_list":["post-95213","product","type-product","status-publish","hentry"],"acf":{"description":"U\u010debnice angli\u010dtiny","item_id":"LX1683110","productname":"Happy House 1 U\u010debnice Angli\u010dtiny (New Edition)","product":"Happy House 1 U\u010debnice Angli\u010dtiny (New Edition)","url":"https:\/\/www.luxor.cz\/v\/1683110\/happy-house-1-ucebnice-anglictinynew-edition","imgurl":"https:\/\/img.luxor.cz\/orig\/produkty\/9780194751049.jpg","price_vat":"294.00","margin":"","vat":"","paramname1":"","paramval1":"","paramname2":"","paramval2":"","paramname3":"","paramval3":"","paramname4":"","paramval4":"","paramname5":"","paramval5":"","paramname6":"","paramval6":"","paramname7":"","paramval7":"","paramname8":"","paramval8":"","paramname9":"","paramval9":"","paramname10":"","paramval10":"","ean":"9780194751049","manufacturer":"Oxford University Press","categorytext":""},"_links":{"self":[{"href":"https:\/\/www.luxor.cz\/blog\/wp-json\/wp\/v2\/product\/95213","targetHints":{"allow":["GET"]}}],"collection":[{"href":"https:\/\/www.luxor.cz\/blog\/wp-json\/wp\/v2\/product"}],"about":[{"href":"https:\/\/www.luxor.cz\/blog\/wp-json\/wp\/v2\/types\/product"}],"replies":[{"embeddable":true,"href":"https:\/\/www.luxor.cz\/blog\/wp-json\/wp\/v2\/comments?post=95213"}],"wp:attachment":[{"href":"https:\/\/www.luxor.cz\/blog\/wp-json\/wp\/v2\/media?parent=95213"}],"wp:term":[{"taxonomy":"product_cat","embeddable":true,"href":"https:\/\/www.luxor.cz\/blog\/wp-json\/wp\/v2\/product_cat?post=95213"},{"taxonomy":"product_tag","embeddable":true,"href":"https:\/\/www.luxor.cz\/blog\/wp-json\/wp\/v2\/product_tag?post=95213"}],"curies":[{"name":"wp","href":"https:\/\/api.w.org\/{rel}","templated":true}]}}