{"id":95028,"date":"2023-08-14T13:34:59","date_gmt":"2023-08-14T11:34:59","guid":{"rendered":"https:\/\/www.luxor.cz\/blog\/produkt\/super-jidlo-pro-superdeti-revoluce-v-opravdovem-jidle\/"},"modified":"2023-08-14T13:35:00","modified_gmt":"2023-08-14T11:35:00","slug":"super-jidlo-pro-superdeti-revoluce-v-opravdovem-jidle","status":"publish","type":"product","link":"https:\/\/www.luxor.cz\/blog\/produkt\/super-jidlo-pro-superdeti-revoluce-v-opravdovem-jidle\/","title":{"rendered":"Super j\u00eddlo pro superd\u011bti &#8211; Revoluce v opravdov\u00e9m j\u00eddle"},"content":{"rendered":"<p>Lahodn\u00e9 recepty s n\u00edzk\u00fdm obsahem cukru pro zdrav\u00e9 rodiny, od batolat a\u017e po dosp\u00edv\u00e1n\u00ed<\/p>\n<p>Mezi lidmi koluje tolik rad ohledn\u011b stravov\u00e1n\u00ed, kter\u00e9 si z velk\u00e9 \u010d\u00e1sti vz\u00e1jemn\u011b odporuj\u00ed. Pro zanepr\u00e1zdn\u011bn\u00e9 rodi\u010de m\u016f\u017ee b\u00fdt snaha se v nich vyznat dost obt\u00ed\u017en\u00e1. <\/p>\n<p>L\u00e9ka\u0159 a sportovn\u00ed v\u011bdec, prof. Tim Noakes, \u0161\u00e9fkucha\u0159 a plavec na dlouh\u00e9 vzd\u00e1lenosti, Jonno Proudfoot, a dietolo\u017eka i specialistka na d\u011btskou v\u00fd\u017eivu, Bridget Surteesov\u00e1, se prosekali z\u00e1plavou informac\u00ed, aby v\u00e1m poskytli jasn\u00e9, osv\u011bd\u010den\u00e9 pokyny a jednoduch\u00e9, lahodn\u00e9 recepty, kter\u00e9 m\u016f\u017eete pod\u00e1vat cel\u00e9 rodin\u011b. Za dobrou cenu a bez velk\u00e9 n\u00e1mahy.<\/p>\n<p>V n\u00e1vaznosti na fenomen\u00e1ln\u00ed a rekordn\u00ed \u00fasp\u011bch Revoluce v opravdov\u00e9m j\u00eddle se t\u00fdm za touto knihou rozhodl p\u0159ehodnotit zp\u016fsob, jak\u00fdm \u017eiv\u00edme na\u0161e d\u011bti. <\/p>\n<p>V\u00fdsledkem je Super j\u00eddlo pro superd\u011bti.<\/p>\n<p>Kniha, kter\u00e1 zpochyb\u0148uje \u0159adu hluboko zako\u0159en\u011bn\u00fdch domn\u011bnek o strav\u011b a obhajuje stravu pro d\u011bti, kter\u00e1 je zalo\u017een\u00e1 na opravdov\u00e9m j\u00eddle. Stravu s n\u00edzk\u00fdm obsahem cukru a rafinovan\u00fdch sacharid\u016f. Od batolat po teenagery. Jejich rady jsou pevn\u011b podlo\u017eeny kritick\u00fdm v\u011bdeck\u00fdm v\u00fdzkumem d\u011btsk\u00e9ho potravin\u00e1\u0159sk\u00e9ho pr\u016fmyslu.<\/p>\n<p>Super j\u00eddlo pro superd\u011bti kombinuje nejnov\u011bj\u0161\u00ed ov\u011b\u0159en\u00e9 v\u011bdeck\u00e9 d\u016fkazy s p\u0159\u00edmo\u010dar\u00fdmi a lahodn\u00fdmi recepty, z nich\u017e se v\u011bt\u0161ina hod\u00ed pro celou rodinu. A jasn\u011b tak ukazuje, jak va\u0161im d\u011btem poskytnout tu nejlep\u0161\u00ed v\u00fd\u017eivu a pomoci jim vyr\u016fst v \u0161\u0165astn\u00e9 a zdrav\u00e9 lidi.<\/p>\n","protected":false},"excerpt":{"rendered":"<p>Lahodn\u00e9 recepty s n\u00edzk\u00fdm obsahem cukru pro zdrav\u00e9 rodiny, od batolat a\u017e po dosp\u00edv\u00e1n\u00ed Mezi lidmi koluje tolik rad ohledn\u011b stravov\u00e1n\u00ed, kter\u00e9 si z velk\u00e9 \u010d\u00e1sti vz\u00e1jemn\u011b odporuj\u00ed. Pro zanepr\u00e1zdn\u011bn\u00e9 [&hellip;]<\/p>\n","protected":false},"featured_media":0,"comment_status":"closed","ping_status":"open","template":"","meta":{"_acf_changed":false,"_monsterinsights_skip_tracking":false,"_monsterinsights_sitenote_active":false,"_monsterinsights_sitenote_note":"","_monsterinsights_sitenote_category":0,"_EventAllDay":false,"_EventTimezone":"","_EventStartDate":"","_EventEndDate":"","_EventStartDateUTC":"","_EventEndDateUTC":"","_EventShowMap":false,"_EventShowMapLink":false,"_EventURL":"","_EventCost":"","_EventCostDescription":"","_EventCurrencySymbol":"","_EventCurrencyCode":"","_EventCurrencyPosition":"","_EventDateTimeSeparator":"","_EventTimeRangeSeparator":"","_EventOrganizerID":[],"_EventVenueID":[],"_OrganizerEmail":"","_OrganizerPhone":"","_OrganizerWebsite":"","_VenueAddress":"","_VenueCity":"","_VenueCountry":"","_VenueProvince":"","_VenueState":"","_VenueZip":"","_VenuePhone":"","_VenueURL":"","_VenueStateProvince":"","_VenueLat":"","_VenueLng":"","_VenueShowMap":false,"_VenueShowMapLink":false,"twitterCardType":"","cardImageID":0,"cardImage":"","cardTitle":"","cardDesc":"","cardImageAlt":"","cardPlayer":"","cardPlayerWidth":0,"cardPlayerHeight":0,"cardPlayerStream":"","cardPlayerCodec":""},"product_cat":[],"product_tag":[],"class_list":["post-95028","product","type-product","status-publish","hentry"],"acf":{"description":"Lahodn\u00e9 recepty s n\u00edzk\u00fdm obsahem cukru pro zdrav\u00e9 rodiny, od batolat a\u017e po dosp\u00edv\u00e1n\u00ed\n\nMezi lidmi koluje tolik rad ohledn\u011b stravov\u00e1n\u00ed, kter\u00e9 si z velk\u00e9 \u010d\u00e1sti vz\u00e1jemn\u011b odporuj\u00ed. Pro zanepr\u00e1zdn\u011bn\u00e9 rodi\u010de m\u016f\u017ee b\u00fdt snaha se v nich vyznat dost obt\u00ed\u017en\u00e1. \n\nL\u00e9ka\u0159 a sportovn\u00ed v\u011bdec, prof. Tim Noakes, \u0161\u00e9fkucha\u0159 a plavec na dlouh\u00e9 vzd\u00e1lenosti, Jonno Proudfoot, a dietolo\u017eka i specialistka na d\u011btskou v\u00fd\u017eivu, Bridget Surteesov\u00e1, se prosekali z\u00e1plavou informac\u00ed, aby v\u00e1m poskytli jasn\u00e9, osv\u011bd\u010den\u00e9 pokyny a jednoduch\u00e9, lahodn\u00e9 recepty, kter\u00e9 m\u016f\u017eete pod\u00e1vat cel\u00e9 rodin\u011b. Za dobrou cenu a bez velk\u00e9 n\u00e1mahy.\n\nV n\u00e1vaznosti na fenomen\u00e1ln\u00ed a rekordn\u00ed \u00fasp\u011bch Revoluce v opravdov\u00e9m j\u00eddle se t\u00fdm za touto knihou rozhodl p\u0159ehodnotit zp\u016fsob, jak\u00fdm \u017eiv\u00edme na\u0161e d\u011bti. \n\nV\u00fdsledkem je Super j\u00eddlo pro superd\u011bti.\n\nKniha, kter\u00e1 zpochyb\u0148uje \u0159adu hluboko zako\u0159en\u011bn\u00fdch domn\u011bnek o strav\u011b a obhajuje stravu pro d\u011bti, kter\u00e1 je zalo\u017een\u00e1 na opravdov\u00e9m j\u00eddle. Stravu s n\u00edzk\u00fdm obsahem cukru a rafinovan\u00fdch sacharid\u016f. Od batolat po teenagery. Jejich rady jsou pevn\u011b podlo\u017eeny kritick\u00fdm v\u011bdeck\u00fdm v\u00fdzkumem d\u011btsk\u00e9ho potravin\u00e1\u0159sk\u00e9ho pr\u016fmyslu.\n\nSuper j\u00eddlo pro superd\u011bti kombinuje nejnov\u011bj\u0161\u00ed ov\u011b\u0159en\u00e9 v\u011bdeck\u00e9 d\u016fkazy s p\u0159\u00edmo\u010dar\u00fdmi a lahodn\u00fdmi recepty, z nich\u017e se v\u011bt\u0161ina hod\u00ed pro celou rodinu. A jasn\u011b tak ukazuje, jak va\u0161im d\u011btem poskytnout tu nejlep\u0161\u00ed v\u00fd\u017eivu a pomoci jim vyr\u016fst v \u0161\u0165astn\u00e9 a zdrav\u00e9 lidi.","item_id":"LX1682210","productname":"Super j\u00eddlo pro superd\u011bti - Revoluce v opravdov\u00e9m j\u00eddle","product":"Super j\u00eddlo pro superd\u011bti - Revoluce v opravdov\u00e9m j\u00eddle","url":"https:\/\/www.luxor.cz\/v\/1682210\/super-jidlo-pro-superdeti-revoluce-v-opravdovem-jidle","imgurl":"https:\/\/img.luxor.cz\/orig\/produkty\/9780992757380.jpg","price_vat":"629.00","margin":"","vat":"","paramname1":"","paramval1":"","paramname2":"","paramval2":"","paramname3":"","paramval3":"","paramname4":"","paramval4":"","paramname5":"","paramval5":"","paramname6":"","paramval6":"","paramname7":"","paramval7":"","paramname8":"","paramval8":"","paramname9":"","paramval9":"","paramname10":"","paramval10":"","ean":"9780992757380","manufacturer":"Publixing","categorytext":""},"_links":{"self":[{"href":"https:\/\/www.luxor.cz\/blog\/wp-json\/wp\/v2\/product\/95028","targetHints":{"allow":["GET"]}}],"collection":[{"href":"https:\/\/www.luxor.cz\/blog\/wp-json\/wp\/v2\/product"}],"about":[{"href":"https:\/\/www.luxor.cz\/blog\/wp-json\/wp\/v2\/types\/product"}],"replies":[{"embeddable":true,"href":"https:\/\/www.luxor.cz\/blog\/wp-json\/wp\/v2\/comments?post=95028"}],"wp:attachment":[{"href":"https:\/\/www.luxor.cz\/blog\/wp-json\/wp\/v2\/media?parent=95028"}],"wp:term":[{"taxonomy":"product_cat","embeddable":true,"href":"https:\/\/www.luxor.cz\/blog\/wp-json\/wp\/v2\/product_cat?post=95028"},{"taxonomy":"product_tag","embeddable":true,"href":"https:\/\/www.luxor.cz\/blog\/wp-json\/wp\/v2\/product_tag?post=95028"}],"curies":[{"name":"wp","href":"https:\/\/api.w.org\/{rel}","templated":true}]}}