{"id":93321,"date":"2023-08-14T13:21:59","date_gmt":"2023-08-14T11:21:59","guid":{"rendered":"https:\/\/www.luxor.cz\/blog\/produkt\/obraz-3d-joker\/"},"modified":"2023-08-14T13:21:59","modified_gmt":"2023-08-14T11:21:59","slug":"obraz-3d-joker","status":"publish","type":"product","link":"https:\/\/www.luxor.cz\/blog\/produkt\/obraz-3d-joker\/","title":{"rendered":"Obraz 3D Joker"},"content":{"rendered":"<p>Obraz s lentikul\u00e1rn\u00edm 3D efektem s licen\u010dn\u00edm motivem.<\/p>\n","protected":false},"excerpt":{"rendered":"<p>Obraz s lentikul\u00e1rn\u00edm 3D efektem s licen\u010dn\u00edm motivem.<\/p>\n","protected":false},"featured_media":0,"comment_status":"closed","ping_status":"open","template":"","meta":{"_acf_changed":false,"_monsterinsights_skip_tracking":false,"_monsterinsights_sitenote_active":false,"_monsterinsights_sitenote_note":"","_monsterinsights_sitenote_category":0,"_EventAllDay":false,"_EventTimezone":"","_EventStartDate":"","_EventEndDate":"","_EventStartDateUTC":"","_EventEndDateUTC":"","_EventShowMap":false,"_EventShowMapLink":false,"_EventURL":"","_EventCost":"","_EventCostDescription":"","_EventCurrencySymbol":"","_EventCurrencyCode":"","_EventCurrencyPosition":"","_EventDateTimeSeparator":"","_EventTimeRangeSeparator":"","_EventOrganizerID":[],"_EventVenueID":[],"_OrganizerEmail":"","_OrganizerPhone":"","_OrganizerWebsite":"","_VenueAddress":"","_VenueCity":"","_VenueCountry":"","_VenueProvince":"","_VenueState":"","_VenueZip":"","_VenuePhone":"","_VenueURL":"","_VenueStateProvince":"","_VenueLat":"","_VenueLng":"","_VenueShowMap":false,"_VenueShowMapLink":false,"twitterCardType":"","cardImageID":0,"cardImage":"","cardTitle":"","cardDesc":"","cardImageAlt":"","cardPlayer":"","cardPlayerWidth":0,"cardPlayerHeight":0,"cardPlayerStream":"","cardPlayerCodec":""},"product_cat":[],"product_tag":[],"class_list":["post-93321","product","type-product","status-publish","hentry"],"acf":{"description":"Obraz s lentikul\u00e1rn\u00edm 3D efektem s licen\u010dn\u00edm motivem.","item_id":"LX1673399","productname":"Obraz 3D Joker","product":"Obraz 3D Joker","url":"https:\/\/www.luxor.cz\/v\/1673399\/obraz-3d-joker","imgurl":"https:\/\/img.luxor.cz\/orig\/produkty\/5051265891624.jpg","price_vat":"349.00","margin":"","vat":"","paramname1":"","paramval1":"","paramname2":"","paramval2":"","paramname3":"","paramval3":"","paramname4":"","paramval4":"","paramname5":"","paramval5":"","paramname6":"","paramval6":"","paramname7":"","paramval7":"","paramname8":"","paramval8":"","paramname9":"","paramval9":"","paramname10":"","paramval10":"","ean":"5051265891624","manufacturer":"EPEE Czech","categorytext":""},"_links":{"self":[{"href":"https:\/\/www.luxor.cz\/blog\/wp-json\/wp\/v2\/product\/93321","targetHints":{"allow":["GET"]}}],"collection":[{"href":"https:\/\/www.luxor.cz\/blog\/wp-json\/wp\/v2\/product"}],"about":[{"href":"https:\/\/www.luxor.cz\/blog\/wp-json\/wp\/v2\/types\/product"}],"replies":[{"embeddable":true,"href":"https:\/\/www.luxor.cz\/blog\/wp-json\/wp\/v2\/comments?post=93321"}],"wp:attachment":[{"href":"https:\/\/www.luxor.cz\/blog\/wp-json\/wp\/v2\/media?parent=93321"}],"wp:term":[{"taxonomy":"product_cat","embeddable":true,"href":"https:\/\/www.luxor.cz\/blog\/wp-json\/wp\/v2\/product_cat?post=93321"},{"taxonomy":"product_tag","embeddable":true,"href":"https:\/\/www.luxor.cz\/blog\/wp-json\/wp\/v2\/product_tag?post=93321"}],"curies":[{"name":"wp","href":"https:\/\/api.w.org\/{rel}","templated":true}]}}