{"id":91708,"date":"2023-08-14T13:09:41","date_gmt":"2023-08-14T11:09:41","guid":{"rendered":"https:\/\/www.luxor.cz\/blog\/produkt\/cesky-atlas-stredni-cechy\/"},"modified":"2023-08-14T13:09:42","modified_gmt":"2023-08-14T11:09:42","slug":"cesky-atlas-stredni-cechy","status":"publish","type":"product","link":"https:\/\/www.luxor.cz\/blog\/produkt\/cesky-atlas-stredni-cechy\/","title":{"rendered":"\u010cesk\u00fd atlas &#8211; St\u0159edn\u00ed \u010cechy"},"content":{"rendered":"<p>Kniha &#8222;St\u0159edn\u00ed \u010cechy&#8220; spad\u00e1 do \u017e\u00e1nru Pr\u016fvodci. Autorem je Kocourek Jaroslav. Obsahuje 246 stran.<br \/>\nP\u0159ejeme p\u0159\u00edjemn\u00e9 \u010dten\u00ed.<\/p>\n","protected":false},"excerpt":{"rendered":"<p>Kniha &#8222;St\u0159edn\u00ed \u010cechy&#8220; spad\u00e1 do \u017e\u00e1nru Pr\u016fvodci. Autorem je Kocourek Jaroslav. Obsahuje 246 stran. P\u0159ejeme p\u0159\u00edjemn\u00e9 \u010dten\u00ed.<\/p>\n","protected":false},"featured_media":0,"comment_status":"closed","ping_status":"open","template":"","meta":{"_acf_changed":false,"_monsterinsights_skip_tracking":false,"_monsterinsights_sitenote_active":false,"_monsterinsights_sitenote_note":"","_monsterinsights_sitenote_category":0,"_EventAllDay":false,"_EventTimezone":"","_EventStartDate":"","_EventEndDate":"","_EventStartDateUTC":"","_EventEndDateUTC":"","_EventShowMap":false,"_EventShowMapLink":false,"_EventURL":"","_EventCost":"","_EventCostDescription":"","_EventCurrencySymbol":"","_EventCurrencyCode":"","_EventCurrencyPosition":"","_EventDateTimeSeparator":"","_EventTimeRangeSeparator":"","_EventOrganizerID":[],"_EventVenueID":[],"_OrganizerEmail":"","_OrganizerPhone":"","_OrganizerWebsite":"","_VenueAddress":"","_VenueCity":"","_VenueCountry":"","_VenueProvince":"","_VenueState":"","_VenueZip":"","_VenuePhone":"","_VenueURL":"","_VenueStateProvince":"","_VenueLat":"","_VenueLng":"","_VenueShowMap":false,"_VenueShowMapLink":false,"twitterCardType":"","cardImageID":0,"cardImage":"","cardTitle":"","cardDesc":"","cardImageAlt":"","cardPlayer":"","cardPlayerWidth":0,"cardPlayerHeight":0,"cardPlayerStream":"","cardPlayerCodec":""},"product_cat":[],"product_tag":[],"class_list":["post-91708","product","type-product","status-publish","hentry"],"acf":{"description":"Kniha \"St\u0159edn\u00ed \u010cechy\" spad\u00e1 do \u017e\u00e1nru Pr\u016fvodci. Autorem je Kocourek Jaroslav. Obsahuje 246 stran.\nP\u0159ejeme p\u0159\u00edjemn\u00e9 \u010dten\u00ed.","item_id":"LX1662338","productname":"\u010cesk\u00fd atlas - St\u0159edn\u00ed \u010cechy","product":"\u010cesk\u00fd atlas - St\u0159edn\u00ed \u010cechy","url":"https:\/\/www.luxor.cz\/v\/1662338\/stredni-cechy","imgurl":"https:\/\/img.luxor.cz\/orig\/produkty\/9788073160210.jpg","price_vat":"447.00","margin":"","vat":"","paramname1":"","paramval1":"","paramname2":"","paramval2":"","paramname3":"","paramval3":"","paramname4":"","paramval4":"","paramname5":"","paramval5":"","paramname6":"","paramval6":"","paramname7":"","paramval7":"","paramname8":"","paramval8":"","paramname9":"","paramval9":"","paramname10":"","paramval10":"","ean":"9788073160210","manufacturer":"Freytag & Berndt","categorytext":""},"_links":{"self":[{"href":"https:\/\/www.luxor.cz\/blog\/wp-json\/wp\/v2\/product\/91708","targetHints":{"allow":["GET"]}}],"collection":[{"href":"https:\/\/www.luxor.cz\/blog\/wp-json\/wp\/v2\/product"}],"about":[{"href":"https:\/\/www.luxor.cz\/blog\/wp-json\/wp\/v2\/types\/product"}],"replies":[{"embeddable":true,"href":"https:\/\/www.luxor.cz\/blog\/wp-json\/wp\/v2\/comments?post=91708"}],"wp:attachment":[{"href":"https:\/\/www.luxor.cz\/blog\/wp-json\/wp\/v2\/media?parent=91708"}],"wp:term":[{"taxonomy":"product_cat","embeddable":true,"href":"https:\/\/www.luxor.cz\/blog\/wp-json\/wp\/v2\/product_cat?post=91708"},{"taxonomy":"product_tag","embeddable":true,"href":"https:\/\/www.luxor.cz\/blog\/wp-json\/wp\/v2\/product_tag?post=91708"}],"curies":[{"name":"wp","href":"https:\/\/api.w.org\/{rel}","templated":true}]}}