{"id":90288,"date":"2023-08-14T12:54:01","date_gmt":"2023-08-14T10:54:01","guid":{"rendered":"https:\/\/www.luxor.cz\/blog\/produkt\/mapa-ceske-republiky-zemepisna-a-politicko-spravni\/"},"modified":"2023-08-14T12:54:01","modified_gmt":"2023-08-14T10:54:01","slug":"mapa-ceske-republiky-zemepisna-a-politicko-spravni","status":"publish","type":"product","link":"https:\/\/www.luxor.cz\/blog\/produkt\/mapa-ceske-republiky-zemepisna-a-politicko-spravni\/","title":{"rendered":"Mapa \u010cesk\u00e9 republiky \u2013 zem\u011bpisn\u00e1 a politicko-spr\u00e1vn\u00ed"},"content":{"rendered":"<p>Lamin\u00e1tov\u00e1 karti\u010dka form\u00e1tu A4 je vhodn\u00e1 jako pom\u016fcka pro \u017e\u00e1ky z\u00e1kladn\u00edch a st\u0159edn\u00edch \u0161kol do zem\u011bpisn\u00fdch p\u0159edm\u011bt\u016f. Na jedn\u00e9 stran\u011b je zem\u011bpisn\u00e1 mapa \u010cesk\u00e9 republiky s vyzna\u010den\u00edm horstev a vodstev, na stran\u011b druh\u00e9 je pak spr\u00e1vn\u00ed mapa, kde jsou vyzna\u010deny hranice kraj\u016f, hlavn\u00ed silni\u010dn\u00ed spoje a m\u011bsta odli\u0161en\u00e1 podle po\u010dtu obyvatel. Mapa je dopln\u011bn\u00e1 z\u00e1kladn\u00edmi \u00fadaji o na\u0161\u00ed republice, jako je rozloha, po\u010det obyvatel, sousedn\u00ed st\u00e1ty atd.<\/p>\n","protected":false},"excerpt":{"rendered":"<p>Lamin\u00e1tov\u00e1 karti\u010dka form\u00e1tu A4 je vhodn\u00e1 jako pom\u016fcka pro \u017e\u00e1ky z\u00e1kladn\u00edch a st\u0159edn\u00edch \u0161kol do zem\u011bpisn\u00fdch p\u0159edm\u011bt\u016f. Na jedn\u00e9 stran\u011b je zem\u011bpisn\u00e1 mapa \u010cesk\u00e9 republiky s vyzna\u010den\u00edm horstev a vodstev, [&hellip;]<\/p>\n","protected":false},"featured_media":0,"comment_status":"closed","ping_status":"open","template":"","meta":{"_acf_changed":false,"_monsterinsights_skip_tracking":false,"_monsterinsights_sitenote_active":false,"_monsterinsights_sitenote_note":"","_monsterinsights_sitenote_category":0,"_EventAllDay":false,"_EventTimezone":"","_EventStartDate":"","_EventEndDate":"","_EventStartDateUTC":"","_EventEndDateUTC":"","_EventShowMap":false,"_EventShowMapLink":false,"_EventURL":"","_EventCost":"","_EventCostDescription":"","_EventCurrencySymbol":"","_EventCurrencyCode":"","_EventCurrencyPosition":"","_EventDateTimeSeparator":"","_EventTimeRangeSeparator":"","_EventOrganizerID":[],"_EventVenueID":[],"_OrganizerEmail":"","_OrganizerPhone":"","_OrganizerWebsite":"","_VenueAddress":"","_VenueCity":"","_VenueCountry":"","_VenueProvince":"","_VenueState":"","_VenueZip":"","_VenuePhone":"","_VenueURL":"","_VenueStateProvince":"","_VenueLat":"","_VenueLng":"","_VenueShowMap":false,"_VenueShowMapLink":false,"twitterCardType":"","cardImageID":0,"cardImage":"","cardTitle":"","cardDesc":"","cardImageAlt":"","cardPlayer":"","cardPlayerWidth":0,"cardPlayerHeight":0,"cardPlayerStream":"","cardPlayerCodec":""},"product_cat":[],"product_tag":[],"class_list":["post-90288","product","type-product","status-publish","hentry"],"acf":{"description":"Lamin\u00e1tov\u00e1 karti\u010dka form\u00e1tu A4 je vhodn\u00e1 jako pom\u016fcka pro \u017e\u00e1ky z\u00e1kladn\u00edch a st\u0159edn\u00edch \u0161kol do zem\u011bpisn\u00fdch p\u0159edm\u011bt\u016f. Na jedn\u00e9 stran\u011b je zem\u011bpisn\u00e1 mapa \u010cesk\u00e9 republiky s vyzna\u010den\u00edm horstev a vodstev, na stran\u011b druh\u00e9 je pak spr\u00e1vn\u00ed mapa, kde jsou vyzna\u010deny hranice kraj\u016f, hlavn\u00ed silni\u010dn\u00ed spoje a m\u011bsta odli\u0161en\u00e1 podle po\u010dtu obyvatel. Mapa je dopln\u011bn\u00e1 z\u00e1kladn\u00edmi \u00fadaji o na\u0161\u00ed republice, jako je rozloha, po\u010det obyvatel, sousedn\u00ed st\u00e1ty atd.","item_id":"LX1667659","productname":"Mapa \u010cesk\u00e9 republiky \u2013 zem\u011bpisn\u00e1 a politicko-spr\u00e1vn\u00ed","product":"Mapa \u010cesk\u00e9 republiky \u2013 zem\u011bpisn\u00e1 a politicko-spr\u00e1vn\u00ed","url":"https:\/\/www.luxor.cz\/v\/1667659\/mapa-ceske-republiky-zemepisna-a-politicko-spravni","imgurl":"https:\/\/img.luxor.cz\/orig\/produkty\/9788075494993.jpg","price_vat":"44.00","margin":"","vat":"","paramname1":"","paramval1":"","paramname2":"","paramval2":"","paramname3":"","paramval3":"","paramname4":"","paramval4":"","paramname5":"","paramval5":"","paramname6":"","paramval6":"","paramname7":"","paramval7":"","paramname8":"","paramval8":"","paramname9":"","paramval9":"","paramname10":"","paramval10":"","ean":"9788075494993","manufacturer":"Pikola","categorytext":""},"_links":{"self":[{"href":"https:\/\/www.luxor.cz\/blog\/wp-json\/wp\/v2\/product\/90288","targetHints":{"allow":["GET"]}}],"collection":[{"href":"https:\/\/www.luxor.cz\/blog\/wp-json\/wp\/v2\/product"}],"about":[{"href":"https:\/\/www.luxor.cz\/blog\/wp-json\/wp\/v2\/types\/product"}],"replies":[{"embeddable":true,"href":"https:\/\/www.luxor.cz\/blog\/wp-json\/wp\/v2\/comments?post=90288"}],"wp:attachment":[{"href":"https:\/\/www.luxor.cz\/blog\/wp-json\/wp\/v2\/media?parent=90288"}],"wp:term":[{"taxonomy":"product_cat","embeddable":true,"href":"https:\/\/www.luxor.cz\/blog\/wp-json\/wp\/v2\/product_cat?post=90288"},{"taxonomy":"product_tag","embeddable":true,"href":"https:\/\/www.luxor.cz\/blog\/wp-json\/wp\/v2\/product_tag?post=90288"}],"curies":[{"name":"wp","href":"https:\/\/api.w.org\/{rel}","templated":true}]}}