{"id":90178,"date":"2023-08-14T12:53:24","date_gmt":"2023-08-14T10:53:24","guid":{"rendered":"https:\/\/www.luxor.cz\/blog\/produkt\/zlocin-slecnam-neslusi\/"},"modified":"2023-08-14T12:53:24","modified_gmt":"2023-08-14T10:53:24","slug":"zlocin-slecnam-neslusi","status":"publish","type":"product","link":"https:\/\/www.luxor.cz\/blog\/produkt\/zlocin-slecnam-neslusi\/","title":{"rendered":"Zlo\u010din sle\u010dn\u00e1m neslu\u0161\u00ed"},"content":{"rendered":"<p>Detektivka pro mlad\u00e9 d\u00e1my ve stylu Agathy Christie!<\/p>\n<p>Daisy Wellsov\u00e1 a Hazel Wongov\u00e1 se rozhodly zalo\u017eit supertajn\u00fd detektivn\u00ed klub. Chyb\u00ed jim v\u0161ak z\u00e1hady, kter\u00e9 by mohly \u0159e\u0161it. Pak ale Hazel najde v t\u011blocvi\u010dn\u011b mrtvou u\u010ditelku, a ne\u017e na m\u00edsto doraz\u00ed i Daisy, t\u011blo je pry\u010d. D\u00edvky jsou p\u0159esv\u011bd\u010den\u00e9, \u017ee ne\u0161lo o nehodu, a tak se pust\u00ed do vy\u0161et\u0159ov\u00e1n\u00ed vra\u017edy. Aby celou z\u00e1hadu rozlouskly, mus\u00ed vyu\u017e\u00edt v\u0161echny sv\u00e9 \u0161pi\u00f3nsk\u00e9 triky! Poda\u0159\u00ed se jim odhalit vraha? A ustoj\u00ed jejich p\u0159\u00e1telstv\u00ed i ty nejt\u011b\u017e\u0161\u00ed zkou\u0161ky?<\/p>\n","protected":false},"excerpt":{"rendered":"<p>Detektivka pro mlad\u00e9 d\u00e1my ve stylu Agathy Christie! Daisy Wellsov\u00e1 a Hazel Wongov\u00e1 se rozhodly zalo\u017eit supertajn\u00fd detektivn\u00ed klub. Chyb\u00ed jim v\u0161ak z\u00e1hady, kter\u00e9 by mohly \u0159e\u0161it. Pak ale Hazel [&hellip;]<\/p>\n","protected":false},"featured_media":0,"comment_status":"closed","ping_status":"open","template":"","meta":{"_acf_changed":false,"_monsterinsights_skip_tracking":false,"_monsterinsights_sitenote_active":false,"_monsterinsights_sitenote_note":"","_monsterinsights_sitenote_category":0,"_EventAllDay":false,"_EventTimezone":"","_EventStartDate":"","_EventEndDate":"","_EventStartDateUTC":"","_EventEndDateUTC":"","_EventShowMap":false,"_EventShowMapLink":false,"_EventURL":"","_EventCost":"","_EventCostDescription":"","_EventCurrencySymbol":"","_EventCurrencyCode":"","_EventCurrencyPosition":"","_EventDateTimeSeparator":"","_EventTimeRangeSeparator":"","_EventOrganizerID":[],"_EventVenueID":[],"_OrganizerEmail":"","_OrganizerPhone":"","_OrganizerWebsite":"","_VenueAddress":"","_VenueCity":"","_VenueCountry":"","_VenueProvince":"","_VenueState":"","_VenueZip":"","_VenuePhone":"","_VenueURL":"","_VenueStateProvince":"","_VenueLat":"","_VenueLng":"","_VenueShowMap":false,"_VenueShowMapLink":false,"twitterCardType":"","cardImageID":0,"cardImage":"","cardTitle":"","cardDesc":"","cardImageAlt":"","cardPlayer":"","cardPlayerWidth":0,"cardPlayerHeight":0,"cardPlayerStream":"","cardPlayerCodec":""},"product_cat":[],"product_tag":[],"class_list":["post-90178","product","type-product","status-publish","hentry"],"acf":{"description":"Detektivka pro mlad\u00e9 d\u00e1my ve stylu Agathy Christie!\n\nDaisy Wellsov\u00e1 a Hazel Wongov\u00e1 se rozhodly zalo\u017eit supertajn\u00fd detektivn\u00ed klub. Chyb\u00ed jim v\u0161ak z\u00e1hady, kter\u00e9 by mohly \u0159e\u0161it. Pak ale Hazel najde v t\u011blocvi\u010dn\u011b mrtvou u\u010ditelku, a ne\u017e na m\u00edsto doraz\u00ed i Daisy, t\u011blo je pry\u010d. D\u00edvky jsou p\u0159esv\u011bd\u010den\u00e9, \u017ee ne\u0161lo o nehodu, a tak se pust\u00ed do vy\u0161et\u0159ov\u00e1n\u00ed vra\u017edy. Aby celou z\u00e1hadu rozlouskly, mus\u00ed vyu\u017e\u00edt v\u0161echny sv\u00e9 \u0161pi\u00f3nsk\u00e9 triky! Poda\u0159\u00ed se jim odhalit vraha? A ustoj\u00ed jejich p\u0159\u00e1telstv\u00ed i ty nejt\u011b\u017e\u0161\u00ed zkou\u0161ky?","item_id":"LX1655721","productname":"Zlo\u010din sle\u010dn\u00e1m neslu\u0161\u00ed","product":"Zlo\u010din sle\u010dn\u00e1m neslu\u0161\u00ed","url":"https:\/\/www.luxor.cz\/v\/1655721\/zlocin-slecnam-neslusi","imgurl":"https:\/\/img.luxor.cz\/orig\/produkty\/9788025336564.jpg","price_vat":"268.00","margin":"","vat":"","paramname1":"","paramval1":"","paramname2":"","paramval2":"","paramname3":"","paramval3":"","paramname4":"","paramval4":"","paramname5":"","paramval5":"","paramname6":"","paramval6":"","paramname7":"","paramval7":"","paramname8":"","paramval8":"","paramname9":"","paramval9":"","paramname10":"","paramval10":"","ean":"9788025336564","manufacturer":"Fragment","categorytext":""},"_links":{"self":[{"href":"https:\/\/www.luxor.cz\/blog\/wp-json\/wp\/v2\/product\/90178","targetHints":{"allow":["GET"]}}],"collection":[{"href":"https:\/\/www.luxor.cz\/blog\/wp-json\/wp\/v2\/product"}],"about":[{"href":"https:\/\/www.luxor.cz\/blog\/wp-json\/wp\/v2\/types\/product"}],"replies":[{"embeddable":true,"href":"https:\/\/www.luxor.cz\/blog\/wp-json\/wp\/v2\/comments?post=90178"}],"wp:attachment":[{"href":"https:\/\/www.luxor.cz\/blog\/wp-json\/wp\/v2\/media?parent=90178"}],"wp:term":[{"taxonomy":"product_cat","embeddable":true,"href":"https:\/\/www.luxor.cz\/blog\/wp-json\/wp\/v2\/product_cat?post=90178"},{"taxonomy":"product_tag","embeddable":true,"href":"https:\/\/www.luxor.cz\/blog\/wp-json\/wp\/v2\/product_tag?post=90178"}],"curies":[{"name":"wp","href":"https:\/\/api.w.org\/{rel}","templated":true}]}}