{"id":90115,"date":"2023-08-14T12:32:46","date_gmt":"2023-08-14T10:32:46","guid":{"rendered":"https:\/\/www.luxor.cz\/blog\/produkt\/najdi-rozdily\/"},"modified":"2023-08-14T12:32:48","modified_gmt":"2023-08-14T10:32:48","slug":"najdi-rozdily","status":"publish","type":"product","link":"https:\/\/www.luxor.cz\/blog\/produkt\/najdi-rozdily\/","title":{"rendered":"Najdi rozd\u00edly"},"content":{"rendered":"<p>Obl\u00edben\u00e9 \u00fakoly nejen pro d\u011bti. Cel\u00e1 kniha je pln\u00e1 dvojic obr\u00e1zk\u016f, mezi nimi\u017e jsou drobn\u00e9 rozd\u00edly, kter\u00e9 m\u00e1 \u010dten\u00e1\u0159 nal\u00e9zt.<\/p>\n","protected":false},"excerpt":{"rendered":"<p>Obl\u00edben\u00e9 \u00fakoly nejen pro d\u011bti. Cel\u00e1 kniha je pln\u00e1 dvojic obr\u00e1zk\u016f, mezi nimi\u017e jsou drobn\u00e9 rozd\u00edly, kter\u00e9 m\u00e1 \u010dten\u00e1\u0159 nal\u00e9zt.<\/p>\n","protected":false},"featured_media":0,"comment_status":"closed","ping_status":"open","template":"","meta":{"_acf_changed":false,"_monsterinsights_skip_tracking":false,"_monsterinsights_sitenote_active":false,"_monsterinsights_sitenote_note":"","_monsterinsights_sitenote_category":0,"_EventAllDay":false,"_EventTimezone":"","_EventStartDate":"","_EventEndDate":"","_EventStartDateUTC":"","_EventEndDateUTC":"","_EventShowMap":false,"_EventShowMapLink":false,"_EventURL":"","_EventCost":"","_EventCostDescription":"","_EventCurrencySymbol":"","_EventCurrencyCode":"","_EventCurrencyPosition":"","_EventDateTimeSeparator":"","_EventTimeRangeSeparator":"","_EventOrganizerID":[],"_EventVenueID":[],"_OrganizerEmail":"","_OrganizerPhone":"","_OrganizerWebsite":"","_VenueAddress":"","_VenueCity":"","_VenueCountry":"","_VenueProvince":"","_VenueState":"","_VenueZip":"","_VenuePhone":"","_VenueURL":"","_VenueStateProvince":"","_VenueLat":"","_VenueLng":"","_VenueShowMap":false,"_VenueShowMapLink":false,"twitterCardType":"","cardImageID":0,"cardImage":"","cardTitle":"","cardDesc":"","cardImageAlt":"","cardPlayer":"","cardPlayerWidth":0,"cardPlayerHeight":0,"cardPlayerStream":"","cardPlayerCodec":""},"product_cat":[],"product_tag":[],"class_list":["post-90115","product","type-product","status-publish","hentry"],"acf":{"description":"Obl\u00edben\u00e9 \u00fakoly nejen pro d\u011bti. Cel\u00e1 kniha je pln\u00e1 dvojic obr\u00e1zk\u016f, mezi nimi\u017e jsou drobn\u00e9 rozd\u00edly, kter\u00e9 m\u00e1 \u010dten\u00e1\u0159 nal\u00e9zt.","item_id":"LX1664561","productname":"Najdi rozd\u00edly","product":"Najdi rozd\u00edly","url":"https:\/\/www.luxor.cz\/v\/1664561\/najdi-rozdily","imgurl":"https:\/\/img.luxor.cz\/orig\/produkty\/9788073462581.jpg","price_vat":"121.00","margin":"","vat":"","paramname1":"","paramval1":"","paramname2":"","paramval2":"","paramname3":"","paramval3":"","paramname4":"","paramval4":"","paramname5":"","paramval5":"","paramname6":"","paramval6":"","paramname7":"","paramval7":"","paramname8":"","paramval8":"","paramname9":"","paramval9":"","paramname10":"","paramval10":"","ean":"9788073462581","manufacturer":"Rubico","categorytext":""},"_links":{"self":[{"href":"https:\/\/www.luxor.cz\/blog\/wp-json\/wp\/v2\/product\/90115","targetHints":{"allow":["GET"]}}],"collection":[{"href":"https:\/\/www.luxor.cz\/blog\/wp-json\/wp\/v2\/product"}],"about":[{"href":"https:\/\/www.luxor.cz\/blog\/wp-json\/wp\/v2\/types\/product"}],"replies":[{"embeddable":true,"href":"https:\/\/www.luxor.cz\/blog\/wp-json\/wp\/v2\/comments?post=90115"}],"wp:attachment":[{"href":"https:\/\/www.luxor.cz\/blog\/wp-json\/wp\/v2\/media?parent=90115"}],"wp:term":[{"taxonomy":"product_cat","embeddable":true,"href":"https:\/\/www.luxor.cz\/blog\/wp-json\/wp\/v2\/product_cat?post=90115"},{"taxonomy":"product_tag","embeddable":true,"href":"https:\/\/www.luxor.cz\/blog\/wp-json\/wp\/v2\/product_tag?post=90115"}],"curies":[{"name":"wp","href":"https:\/\/api.w.org\/{rel}","templated":true}]}}