{"id":89324,"date":"2023-08-14T12:28:29","date_gmt":"2023-08-14T10:28:29","guid":{"rendered":"https:\/\/www.luxor.cz\/blog\/produkt\/lego-ninjago-hadi-ssssouperi\/"},"modified":"2023-08-14T12:28:34","modified_gmt":"2023-08-14T10:28:34","slug":"lego-ninjago-hadi-ssssouperi","status":"publish","type":"product","link":"https:\/\/www.luxor.cz\/blog\/produkt\/lego-ninjago-hadi-ssssouperi\/","title":{"rendered":"LEGO NINJAGO &#8211; Had\u00ed ssssoup\u011b\u0159i"},"content":{"rendered":"<p>Obsahuje minifigurku had\u00edho bojovn\u00edka<br \/>\nHad\u00ed kmeny jsou zp\u011bt! Tentokr\u00e1t se ale vyzbrojily hust\u00fdmi technologiemi. Sestav si minifigurku had\u00edho bojovn\u00edka s jeho dronem a pak sehraj r\u016fzn\u00e9 sc\u00e9nky, jak se nind\u017eov\u00e9 utkali s t\u00edmto nov\u00fdm protivn\u00edkem. P\u0159e\u010dti si ssssuprov\u00fd p\u0159\u00edb\u011bh o nind\u017eovsk\u00e9m dni. Za\u017eij \u00fatok Skulkina i legra\u010dn\u00ed p\u0159\u00edhodu s hady a au\u0165\u00e1kem, o n\u00ed\u017e si p\u0159e\u010dte\u0161 v komiksu. A p\u0159edev\u0161\u00edm pomoz nind\u017e\u016fm porazit nov\u00e9 i star\u00e9 zlouny ve sssskv\u011bl\u00fdch aktivit\u00e1ch. Ninja-go!<\/p>\n","protected":false},"excerpt":{"rendered":"<p>Obsahuje minifigurku had\u00edho bojovn\u00edka Had\u00ed kmeny jsou zp\u011bt! Tentokr\u00e1t se ale vyzbrojily hust\u00fdmi technologiemi. Sestav si minifigurku had\u00edho bojovn\u00edka s jeho dronem a pak sehraj r\u016fzn\u00e9 sc\u00e9nky, jak se nind\u017eov\u00e9 [&hellip;]<\/p>\n","protected":false},"featured_media":0,"comment_status":"closed","ping_status":"open","template":"","meta":{"_acf_changed":false,"_monsterinsights_skip_tracking":false,"_monsterinsights_sitenote_active":false,"_monsterinsights_sitenote_note":"","_monsterinsights_sitenote_category":0,"_EventAllDay":false,"_EventTimezone":"","_EventStartDate":"","_EventEndDate":"","_EventStartDateUTC":"","_EventEndDateUTC":"","_EventShowMap":false,"_EventShowMapLink":false,"_EventURL":"","_EventCost":"","_EventCostDescription":"","_EventCurrencySymbol":"","_EventCurrencyCode":"","_EventCurrencyPosition":"","_EventDateTimeSeparator":"","_EventTimeRangeSeparator":"","_EventOrganizerID":[],"_EventVenueID":[],"_OrganizerEmail":"","_OrganizerPhone":"","_OrganizerWebsite":"","_VenueAddress":"","_VenueCity":"","_VenueCountry":"","_VenueProvince":"","_VenueState":"","_VenueZip":"","_VenuePhone":"","_VenueURL":"","_VenueStateProvince":"","_VenueLat":"","_VenueLng":"","_VenueShowMap":false,"_VenueShowMapLink":false,"twitterCardType":"","cardImageID":0,"cardImage":"","cardTitle":"","cardDesc":"","cardImageAlt":"","cardPlayer":"","cardPlayerWidth":0,"cardPlayerHeight":0,"cardPlayerStream":"","cardPlayerCodec":""},"product_cat":[],"product_tag":[],"class_list":["post-89324","product","type-product","status-publish","hentry"],"acf":{"description":"Obsahuje minifigurku had\u00edho bojovn\u00edka\nHad\u00ed kmeny jsou zp\u011bt! Tentokr\u00e1t se ale vyzbrojily hust\u00fdmi technologiemi. Sestav si minifigurku had\u00edho bojovn\u00edka s jeho dronem a pak sehraj r\u016fzn\u00e9 sc\u00e9nky, jak se nind\u017eov\u00e9 utkali s t\u00edmto nov\u00fdm protivn\u00edkem. P\u0159e\u010dti si ssssuprov\u00fd p\u0159\u00edb\u011bh o nind\u017eovsk\u00e9m dni. Za\u017eij \u00fatok Skulkina i legra\u010dn\u00ed p\u0159\u00edhodu s hady a au\u0165\u00e1kem, o n\u00ed\u017e si p\u0159e\u010dte\u0161 v komiksu. A p\u0159edev\u0161\u00edm pomoz nind\u017e\u016fm porazit nov\u00e9 i star\u00e9 zlouny ve sssskv\u011bl\u00fdch aktivit\u00e1ch. Ninja-go!","item_id":"LX1657066","productname":"LEGO NINJAGO - Had\u00ed ssssoup\u011b\u0159i","product":"LEGO NINJAGO - Had\u00ed ssssoup\u011b\u0159i","url":"https:\/\/www.luxor.cz\/v\/1657066\/lego-ninjago-hadi-ssssouperi","imgurl":"https:\/\/img.luxor.cz\/orig\/produkty\/9788026439615.jpg","price_vat":"179.00","margin":"","vat":"","paramname1":"","paramval1":"","paramname2":"","paramval2":"","paramname3":"","paramval3":"","paramname4":"","paramval4":"","paramname5":"","paramval5":"","paramname6":"","paramval6":"","paramname7":"","paramval7":"","paramname8":"","paramval8":"","paramname9":"","paramval9":"","paramname10":"","paramval10":"","ean":"9788026439615","manufacturer":"Cpress","categorytext":""},"_links":{"self":[{"href":"https:\/\/www.luxor.cz\/blog\/wp-json\/wp\/v2\/product\/89324","targetHints":{"allow":["GET"]}}],"collection":[{"href":"https:\/\/www.luxor.cz\/blog\/wp-json\/wp\/v2\/product"}],"about":[{"href":"https:\/\/www.luxor.cz\/blog\/wp-json\/wp\/v2\/types\/product"}],"replies":[{"embeddable":true,"href":"https:\/\/www.luxor.cz\/blog\/wp-json\/wp\/v2\/comments?post=89324"}],"wp:attachment":[{"href":"https:\/\/www.luxor.cz\/blog\/wp-json\/wp\/v2\/media?parent=89324"}],"wp:term":[{"taxonomy":"product_cat","embeddable":true,"href":"https:\/\/www.luxor.cz\/blog\/wp-json\/wp\/v2\/product_cat?post=89324"},{"taxonomy":"product_tag","embeddable":true,"href":"https:\/\/www.luxor.cz\/blog\/wp-json\/wp\/v2\/product_tag?post=89324"}],"curies":[{"name":"wp","href":"https:\/\/api.w.org\/{rel}","templated":true}]}}