{"id":88942,"date":"2023-08-14T12:26:28","date_gmt":"2023-08-14T10:26:28","guid":{"rendered":"https:\/\/www.luxor.cz\/blog\/produkt\/1200-zahradnich-a-pokojovych-rostlin\/"},"modified":"2023-08-14T12:26:32","modified_gmt":"2023-08-14T10:26:32","slug":"1200-zahradnich-a-pokojovych-rostlin","status":"publish","type":"product","link":"https:\/\/www.luxor.cz\/blog\/produkt\/1200-zahradnich-a-pokojovych-rostlin\/","title":{"rendered":"1200 zahradn\u00edch a pokojov\u00fdch rostlin"},"content":{"rendered":"<p>Praktick\u00fd p\u0159\u00edru\u010dn\u00ed atlas obsahuje v\u00edce ne\u017e tis\u00edc druh\u016f pokojov\u00fdch a zahradn\u00edch rostlin s podrobn\u00fdmi \u00fadaji o p\u011bstov\u00e1n\u00ed. Jednotliv\u00e9 profily jsou dopln\u011bn\u00e9 v\u00fdsti\u017en\u00fdmi barevn\u00fdmi fotografiemi a obsahuj\u00ed z\u00e1kladn\u00ed \u00fadaje o p\u016fvodu popisovan\u00e9ho druhu, vhodn\u00e9m stanovi\u0161ti, tvaru list\u016f, kv\u011bt\u016f a plod\u016f a po\u017eadavc\u00edch na zazimov\u00e1n\u00ed. U ka\u017ed\u00e9ho profilu je uvedeno praktick\u00e9 shrnut\u00ed pomoc\u00ed piktogram\u016f, kter\u00e9 umo\u017en\u00ed se rychle orientovat v dob\u011b kveten\u00ed, n\u00e1roc\u00edch na z\u00e1livku \u010di velikosti popisovan\u00e9ho druhu.<\/p>\n","protected":false},"excerpt":{"rendered":"<p>Praktick\u00fd p\u0159\u00edru\u010dn\u00ed atlas obsahuje v\u00edce ne\u017e tis\u00edc druh\u016f pokojov\u00fdch a zahradn\u00edch rostlin s podrobn\u00fdmi \u00fadaji o p\u011bstov\u00e1n\u00ed. Jednotliv\u00e9 profily jsou dopln\u011bn\u00e9 v\u00fdsti\u017en\u00fdmi barevn\u00fdmi fotografiemi a obsahuj\u00ed z\u00e1kladn\u00ed \u00fadaje o p\u016fvodu [&hellip;]<\/p>\n","protected":false},"featured_media":0,"comment_status":"closed","ping_status":"open","template":"","meta":{"_acf_changed":false,"_monsterinsights_skip_tracking":false,"_monsterinsights_sitenote_active":false,"_monsterinsights_sitenote_note":"","_monsterinsights_sitenote_category":0,"_EventAllDay":false,"_EventTimezone":"","_EventStartDate":"","_EventEndDate":"","_EventStartDateUTC":"","_EventEndDateUTC":"","_EventShowMap":false,"_EventShowMapLink":false,"_EventURL":"","_EventCost":"","_EventCostDescription":"","_EventCurrencySymbol":"","_EventCurrencyCode":"","_EventCurrencyPosition":"","_EventDateTimeSeparator":"","_EventTimeRangeSeparator":"","_EventOrganizerID":[],"_EventVenueID":[],"_OrganizerEmail":"","_OrganizerPhone":"","_OrganizerWebsite":"","_VenueAddress":"","_VenueCity":"","_VenueCountry":"","_VenueProvince":"","_VenueState":"","_VenueZip":"","_VenuePhone":"","_VenueURL":"","_VenueStateProvince":"","_VenueLat":"","_VenueLng":"","_VenueShowMap":false,"_VenueShowMapLink":false,"twitterCardType":"","cardImageID":0,"cardImage":"","cardTitle":"","cardDesc":"","cardImageAlt":"","cardPlayer":"","cardPlayerWidth":0,"cardPlayerHeight":0,"cardPlayerStream":"","cardPlayerCodec":""},"product_cat":[],"product_tag":[],"class_list":["post-88942","product","type-product","status-publish","hentry"],"acf":{"description":"Praktick\u00fd p\u0159\u00edru\u010dn\u00ed atlas obsahuje v\u00edce ne\u017e tis\u00edc druh\u016f pokojov\u00fdch a zahradn\u00edch rostlin s podrobn\u00fdmi \u00fadaji o p\u011bstov\u00e1n\u00ed. Jednotliv\u00e9 profily jsou dopln\u011bn\u00e9 v\u00fdsti\u017en\u00fdmi barevn\u00fdmi fotografiemi a obsahuj\u00ed z\u00e1kladn\u00ed \u00fadaje o p\u016fvodu popisovan\u00e9ho druhu, vhodn\u00e9m stanovi\u0161ti, tvaru list\u016f, kv\u011bt\u016f a plod\u016f a po\u017eadavc\u00edch na zazimov\u00e1n\u00ed. U ka\u017ed\u00e9ho profilu je uvedeno praktick\u00e9 shrnut\u00ed pomoc\u00ed piktogram\u016f, kter\u00e9 umo\u017en\u00ed se rychle orientovat v dob\u011b kveten\u00ed, n\u00e1roc\u00edch na z\u00e1livku \u010di velikosti popisovan\u00e9ho druhu.","item_id":"LX1655102","productname":"1200 zahradn\u00edch a pokojov\u00fdch rostlin","product":"1200 zahradn\u00edch a pokojov\u00fdch rostlin","url":"https:\/\/www.luxor.cz\/v\/1655102\/1200-zahradnich-a-pokojovych-rostlin","imgurl":"https:\/\/img.luxor.cz\/orig\/produkty\/9788024267333.jpg","price_vat":"626.00","margin":"","vat":"","paramname1":"","paramval1":"","paramname2":"","paramval2":"","paramname3":"","paramval3":"","paramname4":"","paramval4":"","paramname5":"","paramval5":"","paramname6":"","paramval6":"","paramname7":"","paramval7":"","paramname8":"","paramval8":"","paramname9":"","paramval9":"","paramname10":"","paramval10":"","ean":"9788024267333","manufacturer":"Esence","categorytext":""},"_links":{"self":[{"href":"https:\/\/www.luxor.cz\/blog\/wp-json\/wp\/v2\/product\/88942","targetHints":{"allow":["GET"]}}],"collection":[{"href":"https:\/\/www.luxor.cz\/blog\/wp-json\/wp\/v2\/product"}],"about":[{"href":"https:\/\/www.luxor.cz\/blog\/wp-json\/wp\/v2\/types\/product"}],"replies":[{"embeddable":true,"href":"https:\/\/www.luxor.cz\/blog\/wp-json\/wp\/v2\/comments?post=88942"}],"wp:attachment":[{"href":"https:\/\/www.luxor.cz\/blog\/wp-json\/wp\/v2\/media?parent=88942"}],"wp:term":[{"taxonomy":"product_cat","embeddable":true,"href":"https:\/\/www.luxor.cz\/blog\/wp-json\/wp\/v2\/product_cat?post=88942"},{"taxonomy":"product_tag","embeddable":true,"href":"https:\/\/www.luxor.cz\/blog\/wp-json\/wp\/v2\/product_tag?post=88942"}],"curies":[{"name":"wp","href":"https:\/\/api.w.org\/{rel}","templated":true}]}}