{"id":87895,"date":"2023-08-14T12:21:10","date_gmt":"2023-08-14T10:21:10","guid":{"rendered":"https:\/\/www.luxor.cz\/blog\/produkt\/automaticke-obchodni-systemy-aneb-forex-robot\/"},"modified":"2023-08-14T12:21:13","modified_gmt":"2023-08-14T10:21:13","slug":"automaticke-obchodni-systemy-aneb-forex-robot","status":"publish","type":"product","link":"https:\/\/www.luxor.cz\/blog\/produkt\/automaticke-obchodni-systemy-aneb-forex-robot\/","title":{"rendered":"Automatick\u00e9 obchodn\u00ed syst\u00e9my aneb Forex Robot"},"content":{"rendered":"<p>C\u00edlem t\u00e9to knihy je vysv\u011btlit a uv\u00e9st do reality oblast automatick\u00fdch obchodn\u00edch syst\u00e9m\u016f (AOS).    Po p\u0159e\u010dten\u00ed knihy by \u010dten\u00e1\u0159 m\u011bl z\u00edskat dostate\u010dn\u00e9 znalosti t\u00fdkaj\u00edc\u00ed se AOS. Krom\u011b z\u00e1kladn\u00edch informac\u00ed o AOS se tak\u00e9 dozv\u00ed jak testovat, jak z\u00edskat AOS, nej\u010dast\u011bj\u0161\u00ed principy komer\u010dn\u00edch AOS, jak p\u0159etvo\u0159it obchodn\u00ed my\u0161lenku do podoby AOS, princip jednoho ziskov\u00e9ho AOS a mnoho dal\u0161\u00edch informac\u00ed.<\/p>\n","protected":false},"excerpt":{"rendered":"<p>C\u00edlem t\u00e9to knihy je vysv\u011btlit a uv\u00e9st do reality oblast automatick\u00fdch obchodn\u00edch syst\u00e9m\u016f (AOS). Po p\u0159e\u010dten\u00ed knihy by \u010dten\u00e1\u0159 m\u011bl z\u00edskat dostate\u010dn\u00e9 znalosti t\u00fdkaj\u00edc\u00ed se AOS. Krom\u011b z\u00e1kladn\u00edch informac\u00ed o [&hellip;]<\/p>\n","protected":false},"featured_media":0,"comment_status":"closed","ping_status":"open","template":"","meta":{"_acf_changed":false,"_monsterinsights_skip_tracking":false,"_monsterinsights_sitenote_active":false,"_monsterinsights_sitenote_note":"","_monsterinsights_sitenote_category":0,"_EventAllDay":false,"_EventTimezone":"","_EventStartDate":"","_EventEndDate":"","_EventStartDateUTC":"","_EventEndDateUTC":"","_EventShowMap":false,"_EventShowMapLink":false,"_EventURL":"","_EventCost":"","_EventCostDescription":"","_EventCurrencySymbol":"","_EventCurrencyCode":"","_EventCurrencyPosition":"","_EventDateTimeSeparator":"","_EventTimeRangeSeparator":"","_EventOrganizerID":[],"_EventVenueID":[],"_OrganizerEmail":"","_OrganizerPhone":"","_OrganizerWebsite":"","_VenueAddress":"","_VenueCity":"","_VenueCountry":"","_VenueProvince":"","_VenueState":"","_VenueZip":"","_VenuePhone":"","_VenueURL":"","_VenueStateProvince":"","_VenueLat":"","_VenueLng":"","_VenueShowMap":false,"_VenueShowMapLink":false,"twitterCardType":"","cardImageID":0,"cardImage":"","cardTitle":"","cardDesc":"","cardImageAlt":"","cardPlayer":"","cardPlayerWidth":0,"cardPlayerHeight":0,"cardPlayerStream":"","cardPlayerCodec":""},"product_cat":[],"product_tag":[],"class_list":["post-87895","product","type-product","status-publish","hentry"],"acf":{"description":"C\u00edlem t\u00e9to knihy je vysv\u011btlit a uv\u00e9st do reality oblast automatick\u00fdch obchodn\u00edch syst\u00e9m\u016f (AOS).    Po p\u0159e\u010dten\u00ed knihy by \u010dten\u00e1\u0159 m\u011bl z\u00edskat dostate\u010dn\u00e9 znalosti t\u00fdkaj\u00edc\u00ed se AOS. Krom\u011b z\u00e1kladn\u00edch informac\u00ed o AOS se tak\u00e9 dozv\u00ed jak testovat, jak z\u00edskat AOS, nej\u010dast\u011bj\u0161\u00ed principy komer\u010dn\u00edch AOS, jak p\u0159etvo\u0159it obchodn\u00ed my\u0161lenku do podoby AOS, princip jednoho ziskov\u00e9ho AOS a mnoho dal\u0161\u00edch informac\u00ed.","item_id":"LX1656337","productname":"Automatick\u00e9 obchodn\u00ed syst\u00e9my aneb Forex Robot","product":"Automatick\u00e9 obchodn\u00ed syst\u00e9my aneb Forex Robot","url":"https:\/\/www.luxor.cz\/v\/1656337\/automaticke-obchodni-systemy-aneb-forex-robot","imgurl":"https:\/\/img.luxor.cz\/orig\/produkty\/9788026310556.jpg","price_vat":"447.00","margin":"","vat":"","paramname1":"","paramval1":"","paramname2":"","paramval2":"","paramname3":"","paramval3":"","paramname4":"","paramval4":"","paramname5":"","paramval5":"","paramname6":"","paramval6":"","paramname7":"","paramval7":"","paramname8":"","paramval8":"","paramname9":"","paramval9":"","paramname10":"","paramval10":"","ean":"9788026310556","manufacturer":"traderi.cz","categorytext":""},"_links":{"self":[{"href":"https:\/\/www.luxor.cz\/blog\/wp-json\/wp\/v2\/product\/87895","targetHints":{"allow":["GET"]}}],"collection":[{"href":"https:\/\/www.luxor.cz\/blog\/wp-json\/wp\/v2\/product"}],"about":[{"href":"https:\/\/www.luxor.cz\/blog\/wp-json\/wp\/v2\/types\/product"}],"replies":[{"embeddable":true,"href":"https:\/\/www.luxor.cz\/blog\/wp-json\/wp\/v2\/comments?post=87895"}],"wp:attachment":[{"href":"https:\/\/www.luxor.cz\/blog\/wp-json\/wp\/v2\/media?parent=87895"}],"wp:term":[{"taxonomy":"product_cat","embeddable":true,"href":"https:\/\/www.luxor.cz\/blog\/wp-json\/wp\/v2\/product_cat?post=87895"},{"taxonomy":"product_tag","embeddable":true,"href":"https:\/\/www.luxor.cz\/blog\/wp-json\/wp\/v2\/product_tag?post=87895"}],"curies":[{"name":"wp","href":"https:\/\/api.w.org\/{rel}","templated":true}]}}