{"id":87076,"date":"2023-08-14T12:17:06","date_gmt":"2023-08-14T10:17:06","guid":{"rendered":"https:\/\/www.luxor.cz\/blog\/produkt\/flora\/"},"modified":"2023-08-14T12:17:09","modified_gmt":"2023-08-14T10:17:09","slug":"flora","status":"publish","type":"product","link":"https:\/\/www.luxor.cz\/blog\/produkt\/flora\/","title":{"rendered":"Fl\u00f3ra"},"content":{"rendered":"<p>Kniha \u201eFl\u00f3ra\u201c v\u00e1m objasn\u00ed v\u0161e od ko\u0159\u00ednk\u016f po \u0161pi\u010dky list\u016f, od nepatrn\u00fdch mech\u016f, jemn\u00fdch kapradin, z\u00e1\u0159iv\u00fdch kv\u011bt\u016f a\u017e po statn\u00e9 palmy. N\u00e1dhern\u00e9 fotografie, p\u0159ehledn\u00e9 kresby a stru\u010dn\u00e1 jasn\u00e1 vysv\u011btlen\u00ed na ka\u017ed\u00e9 dvoustr\u00e1nce \u2013 pr\u016fb\u011bh fotosynt\u00e9zy, podzimn\u00ed zbarven\u00ed list\u016f, jak kaktusy uchov\u00e1vaj\u00ed vodu a jak sem\u00ednka v\u011bd\u00ed, kam maj\u00ed r\u016fst, prozkoum\u00e1me neskute\u010dnou rozmanitost a komplexitu tvar\u016f a barev ko\u0159en\u016f, trn\u016f, stonk\u016f, list\u016f, \u0161i\u0161ek, semen, plod\u016f a kv\u011bt\u016f, tak n\u00e1dhern\u011b vyobrazen\u00fdch v t\u00e9to knize.<\/p>\n<p>Ka\u017ed\u00fd d\u00edlek t\u00e9to mimo\u0159\u00e1dn\u00e9 rozmanitosti, je v\u00fdsledkem adaptace trvaj\u00edc\u00ed miliony let, reaguj\u00edc\u00ed na pohyb kontinent\u016f, zm\u011bny klimatu a v sou\u010dasnosti i na lidskou aktivitu. Je d\u016fle\u017eit\u00e9 uv\u011bdomit si z\u00e1sadn\u00ed roli, kterou rostliny hraj\u00ed a v\u017edy hr\u00e1ly: jsou podporou ve\u0161ker\u00e9ho \u017eivota na Zemi, a\u0165 u\u017e jde o \u00fapravu vzduchu, kter\u00fd d\u00fdch\u00e1me, nebo o potravu, kterou j\u00edme, oble\u010den\u00ed, kter\u00e9 nos\u00edme, \u010di o na\u0161e l\u00e9ky, d\u0159evo nebo palivo.<\/p>\n<p>\u010casto p\u0159ehl\u00ed\u017e\u00edme, \u010d\u00edm rostliny p\u0159isp\u00edvaj\u00ed ke v\u0161em aspekt\u016fm \u017eivota na Zemi \u2013 vid\u00edme jen jejich kr\u00e1su, ale u\u017e ne to, co je za n\u00ed. Tato kniha za\u010d\u00edn\u00e1 s op\u011btovn\u00fdm nastolen\u00edm t\u00e9to rovnov\u00e1hy t\u00edm, \u017ee kombinuje kr\u00e1su i v\u011bdu na oslavu \u00fa\u017easn\u00e9ho sv\u011bta rostlin. Kniha je ur\u010dena pro milovn\u00edky rostlin, p\u0159\u00edrody i zahradn\u00edky.<\/p>\n","protected":false},"excerpt":{"rendered":"<p>Kniha \u201eFl\u00f3ra\u201c v\u00e1m objasn\u00ed v\u0161e od ko\u0159\u00ednk\u016f po \u0161pi\u010dky list\u016f, od nepatrn\u00fdch mech\u016f, jemn\u00fdch kapradin, z\u00e1\u0159iv\u00fdch kv\u011bt\u016f a\u017e po statn\u00e9 palmy. N\u00e1dhern\u00e9 fotografie, p\u0159ehledn\u00e9 kresby a stru\u010dn\u00e1 jasn\u00e1 vysv\u011btlen\u00ed na [&hellip;]<\/p>\n","protected":false},"featured_media":0,"comment_status":"closed","ping_status":"open","template":"","meta":{"_acf_changed":false,"_monsterinsights_skip_tracking":false,"_monsterinsights_sitenote_active":false,"_monsterinsights_sitenote_note":"","_monsterinsights_sitenote_category":0,"_EventAllDay":false,"_EventTimezone":"","_EventStartDate":"","_EventEndDate":"","_EventStartDateUTC":"","_EventEndDateUTC":"","_EventShowMap":false,"_EventShowMapLink":false,"_EventURL":"","_EventCost":"","_EventCostDescription":"","_EventCurrencySymbol":"","_EventCurrencyCode":"","_EventCurrencyPosition":"","_EventDateTimeSeparator":"","_EventTimeRangeSeparator":"","_EventOrganizerID":[],"_EventVenueID":[],"_OrganizerEmail":"","_OrganizerPhone":"","_OrganizerWebsite":"","_VenueAddress":"","_VenueCity":"","_VenueCountry":"","_VenueProvince":"","_VenueState":"","_VenueZip":"","_VenuePhone":"","_VenueURL":"","_VenueStateProvince":"","_VenueLat":"","_VenueLng":"","_VenueShowMap":false,"_VenueShowMapLink":false,"twitterCardType":"","cardImageID":0,"cardImage":"","cardTitle":"","cardDesc":"","cardImageAlt":"","cardPlayer":"","cardPlayerWidth":0,"cardPlayerHeight":0,"cardPlayerStream":"","cardPlayerCodec":""},"product_cat":[],"product_tag":[],"class_list":["post-87076","product","type-product","status-publish","hentry"],"acf":{"description":"Kniha \u201eFl\u00f3ra\u201c v\u00e1m objasn\u00ed v\u0161e od ko\u0159\u00ednk\u016f po \u0161pi\u010dky list\u016f, od nepatrn\u00fdch mech\u016f, jemn\u00fdch kapradin, z\u00e1\u0159iv\u00fdch kv\u011bt\u016f a\u017e po statn\u00e9 palmy. N\u00e1dhern\u00e9 fotografie, p\u0159ehledn\u00e9 kresby a stru\u010dn\u00e1 jasn\u00e1 vysv\u011btlen\u00ed na ka\u017ed\u00e9 dvoustr\u00e1nce \u2013 pr\u016fb\u011bh fotosynt\u00e9zy, podzimn\u00ed zbarven\u00ed list\u016f, jak kaktusy uchov\u00e1vaj\u00ed vodu a jak sem\u00ednka v\u011bd\u00ed, kam maj\u00ed r\u016fst, prozkoum\u00e1me neskute\u010dnou rozmanitost a komplexitu tvar\u016f a barev ko\u0159en\u016f, trn\u016f, stonk\u016f, list\u016f, \u0161i\u0161ek, semen, plod\u016f a kv\u011bt\u016f, tak n\u00e1dhern\u011b vyobrazen\u00fdch v t\u00e9to knize.\n\nKa\u017ed\u00fd d\u00edlek t\u00e9to mimo\u0159\u00e1dn\u00e9 rozmanitosti, je v\u00fdsledkem adaptace trvaj\u00edc\u00ed miliony let, reaguj\u00edc\u00ed na pohyb kontinent\u016f, zm\u011bny klimatu a v sou\u010dasnosti i na lidskou aktivitu. Je d\u016fle\u017eit\u00e9 uv\u011bdomit si z\u00e1sadn\u00ed roli, kterou rostliny hraj\u00ed a v\u017edy hr\u00e1ly: jsou podporou ve\u0161ker\u00e9ho \u017eivota na Zemi, a\u0165 u\u017e jde o \u00fapravu vzduchu, kter\u00fd d\u00fdch\u00e1me, nebo o potravu, kterou j\u00edme, oble\u010den\u00ed, kter\u00e9 nos\u00edme, \u010di o na\u0161e l\u00e9ky, d\u0159evo nebo palivo.\n\n\u010casto p\u0159ehl\u00ed\u017e\u00edme, \u010d\u00edm rostliny p\u0159isp\u00edvaj\u00ed ke v\u0161em aspekt\u016fm \u017eivota na Zemi \u2013 vid\u00edme jen jejich kr\u00e1su, ale u\u017e ne to, co je za n\u00ed. Tato kniha za\u010d\u00edn\u00e1 s op\u011btovn\u00fdm nastolen\u00edm t\u00e9to rovnov\u00e1hy t\u00edm, \u017ee kombinuje kr\u00e1su i v\u011bdu na oslavu \u00fa\u017easn\u00e9ho sv\u011bta rostlin. Kniha je ur\u010dena pro milovn\u00edky rostlin, p\u0159\u00edrody i zahradn\u00edky.","item_id":"LX1651685","productname":"Fl\u00f3ra","product":"Fl\u00f3ra","url":"https:\/\/www.luxor.cz\/v\/1651685\/flora","imgurl":"https:\/\/img.luxor.cz\/orig\/produkty\/9788027129164.jpg","price_vat":"809.00","margin":"","vat":"","paramname1":"","paramval1":"","paramname2":"","paramval2":"","paramname3":"","paramval3":"","paramname4":"","paramval4":"","paramname5":"","paramval5":"","paramname6":"","paramval6":"","paramname7":"","paramval7":"","paramname8":"","paramval8":"","paramname9":"","paramval9":"","paramname10":"","paramval10":"","ean":"9788027129164","manufacturer":"Grada","categorytext":""},"_links":{"self":[{"href":"https:\/\/www.luxor.cz\/blog\/wp-json\/wp\/v2\/product\/87076","targetHints":{"allow":["GET"]}}],"collection":[{"href":"https:\/\/www.luxor.cz\/blog\/wp-json\/wp\/v2\/product"}],"about":[{"href":"https:\/\/www.luxor.cz\/blog\/wp-json\/wp\/v2\/types\/product"}],"replies":[{"embeddable":true,"href":"https:\/\/www.luxor.cz\/blog\/wp-json\/wp\/v2\/comments?post=87076"}],"wp:attachment":[{"href":"https:\/\/www.luxor.cz\/blog\/wp-json\/wp\/v2\/media?parent=87076"}],"wp:term":[{"taxonomy":"product_cat","embeddable":true,"href":"https:\/\/www.luxor.cz\/blog\/wp-json\/wp\/v2\/product_cat?post=87076"},{"taxonomy":"product_tag","embeddable":true,"href":"https:\/\/www.luxor.cz\/blog\/wp-json\/wp\/v2\/product_tag?post=87076"}],"curies":[{"name":"wp","href":"https:\/\/api.w.org\/{rel}","templated":true}]}}