{"id":86510,"date":"2023-08-14T12:14:23","date_gmt":"2023-08-14T10:14:23","guid":{"rendered":"https:\/\/www.luxor.cz\/blog\/produkt\/taryho-zapisnik\/"},"modified":"2023-08-14T12:14:24","modified_gmt":"2023-08-14T10:14:24","slug":"taryho-zapisnik","status":"publish","type":"product","link":"https:\/\/www.luxor.cz\/blog\/produkt\/taryho-zapisnik\/","title":{"rendered":"Taryho z\u00e1pisn\u00edk"},"content":{"rendered":"<p>Origin\u00e1ln\u00ed z\u00e1pisn\u00edk pro v\u0161echny, kdo maj\u00ed r\u00e1di pohyb!\u201c <\/p>\n<p>Zapisuj, pl\u00e1nuj a kresli na str\u00e1nk\u00e1ch den\u00ed\u010dku, kter\u00fd Tary p\u0159ipravil nejen pro nad\u0161ence parkouru. Krom\u011b obvykl\u00e9 pl\u00e1novac\u00ed \u010d\u00e1sti a rozvrhu hodin obsahuje z\u00e1pisn\u00edk tak\u00e9 fotografie, cit\u00e1ty, tutori\u00e1ly, parkourov\u00e9 omalov\u00e1nky, kv\u00edz a mnoho dal\u0161\u00edho. Na voln\u00fdch str\u00e1nk\u00e1ch si pak m\u016f\u017ee\u0161 zaznamenat sv\u00e9 sny a \u00fasp\u011bchy. A nav\u00edc d\u00edky Taryho z\u00e1pisn\u00edku u\u017e nikdy na nic nezapomene\u0161!<\/p>\n","protected":false},"excerpt":{"rendered":"<p>Origin\u00e1ln\u00ed z\u00e1pisn\u00edk pro v\u0161echny, kdo maj\u00ed r\u00e1di pohyb!\u201c Zapisuj, pl\u00e1nuj a kresli na str\u00e1nk\u00e1ch den\u00ed\u010dku, kter\u00fd Tary p\u0159ipravil nejen pro nad\u0161ence parkouru. Krom\u011b obvykl\u00e9 pl\u00e1novac\u00ed \u010d\u00e1sti a rozvrhu hodin obsahuje [&hellip;]<\/p>\n","protected":false},"featured_media":0,"comment_status":"closed","ping_status":"open","template":"","meta":{"_acf_changed":false,"_monsterinsights_skip_tracking":false,"_monsterinsights_sitenote_active":false,"_monsterinsights_sitenote_note":"","_monsterinsights_sitenote_category":0,"_EventAllDay":false,"_EventTimezone":"","_EventStartDate":"","_EventEndDate":"","_EventStartDateUTC":"","_EventEndDateUTC":"","_EventShowMap":false,"_EventShowMapLink":false,"_EventURL":"","_EventCost":"","_EventCostDescription":"","_EventCurrencySymbol":"","_EventCurrencyCode":"","_EventCurrencyPosition":"","_EventDateTimeSeparator":"","_EventTimeRangeSeparator":"","_EventOrganizerID":[],"_EventVenueID":[],"_OrganizerEmail":"","_OrganizerPhone":"","_OrganizerWebsite":"","_VenueAddress":"","_VenueCity":"","_VenueCountry":"","_VenueProvince":"","_VenueState":"","_VenueZip":"","_VenuePhone":"","_VenueURL":"","_VenueStateProvince":"","_VenueLat":"","_VenueLng":"","_VenueShowMap":false,"_VenueShowMapLink":false,"twitterCardType":"","cardImageID":0,"cardImage":"","cardTitle":"","cardDesc":"","cardImageAlt":"","cardPlayer":"","cardPlayerWidth":0,"cardPlayerHeight":0,"cardPlayerStream":"","cardPlayerCodec":""},"product_cat":[],"product_tag":[],"class_list":["post-86510","product","type-product","status-publish","hentry"],"acf":{"description":"Origin\u00e1ln\u00ed z\u00e1pisn\u00edk pro v\u0161echny, kdo maj\u00ed r\u00e1di pohyb!\u201c \n\nZapisuj, pl\u00e1nuj a kresli na str\u00e1nk\u00e1ch den\u00ed\u010dku, kter\u00fd Tary p\u0159ipravil nejen pro nad\u0161ence parkouru. Krom\u011b obvykl\u00e9 pl\u00e1novac\u00ed \u010d\u00e1sti a rozvrhu hodin obsahuje z\u00e1pisn\u00edk tak\u00e9 fotografie, cit\u00e1ty, tutori\u00e1ly, parkourov\u00e9 omalov\u00e1nky, kv\u00edz a mnoho dal\u0161\u00edho. Na voln\u00fdch str\u00e1nk\u00e1ch si pak m\u016f\u017ee\u0161 zaznamenat sv\u00e9 sny a \u00fasp\u011bchy. A nav\u00edc d\u00edky Taryho z\u00e1pisn\u00edku u\u017e nikdy na nic nezapomene\u0161!","item_id":"LX1649954","productname":"Taryho z\u00e1pisn\u00edk","product":"Taryho z\u00e1pisn\u00edk","url":"https:\/\/www.luxor.cz\/v\/1649954\/taryho-zapisnik","imgurl":"https:\/\/img.luxor.cz\/orig\/produkty\/8594050427112.jpg","price_vat":"268.00","margin":"","vat":"","paramname1":"","paramval1":"","paramname2":"","paramval2":"","paramname3":"","paramval3":"","paramname4":"","paramval4":"","paramname5":"","paramval5":"","paramname6":"","paramval6":"","paramname7":"","paramval7":"","paramname8":"","paramval8":"","paramname9":"","paramval9":"","paramname10":"","paramval10":"","ean":"8594050427112","manufacturer":"XYZ","categorytext":""},"_links":{"self":[{"href":"https:\/\/www.luxor.cz\/blog\/wp-json\/wp\/v2\/product\/86510","targetHints":{"allow":["GET"]}}],"collection":[{"href":"https:\/\/www.luxor.cz\/blog\/wp-json\/wp\/v2\/product"}],"about":[{"href":"https:\/\/www.luxor.cz\/blog\/wp-json\/wp\/v2\/types\/product"}],"replies":[{"embeddable":true,"href":"https:\/\/www.luxor.cz\/blog\/wp-json\/wp\/v2\/comments?post=86510"}],"wp:attachment":[{"href":"https:\/\/www.luxor.cz\/blog\/wp-json\/wp\/v2\/media?parent=86510"}],"wp:term":[{"taxonomy":"product_cat","embeddable":true,"href":"https:\/\/www.luxor.cz\/blog\/wp-json\/wp\/v2\/product_cat?post=86510"},{"taxonomy":"product_tag","embeddable":true,"href":"https:\/\/www.luxor.cz\/blog\/wp-json\/wp\/v2\/product_tag?post=86510"}],"curies":[{"name":"wp","href":"https:\/\/api.w.org\/{rel}","templated":true}]}}