{"id":84299,"date":"2023-08-14T12:03:04","date_gmt":"2023-08-14T10:03:04","guid":{"rendered":"https:\/\/www.luxor.cz\/blog\/produkt\/poppik-samolepkovy-plakat-abeceda\/"},"modified":"2023-08-14T12:03:09","modified_gmt":"2023-08-14T10:03:09","slug":"poppik-samolepkovy-plakat-abeceda","status":"publish","type":"product","link":"https:\/\/www.luxor.cz\/blog\/produkt\/poppik-samolepkovy-plakat-abeceda\/","title":{"rendered":"Poppik Samolepkov\u00fd plak\u00e1t &#8211; Abeceda"},"content":{"rendered":"<p>1 plak\u00e1t (1 m x 60 cm) + 1600 samolepek(26 barev). Znovuobjevte 26 p\u00edsmen abecedy na tomto velk\u00e9m samolepkov\u00e9m plak\u00e1tu! Na velk\u00fd \u010d\u00e1ste\u010dn\u011b barevn\u00fd plak\u00e1t nalep\u00ed d\u00edt\u011b barevn\u00e9 n\u00e1lepky podle uveden\u00fdch \u010d\u00edsel. Postupn\u011b se jako kouzlem  objev\u00ed 26 p\u00edsmen abecedy. Plak\u00e1t vypad\u00e1 kr\u00e1sn\u011b zar\u00e1movan\u00fd jako dekorace do pokoje. Samolepky jsou znovusn\u00edmateln\u00e9<\/p>\n","protected":false},"excerpt":{"rendered":"<p>1 plak\u00e1t (1 m x 60 cm) + 1600 samolepek(26 barev). Znovuobjevte 26 p\u00edsmen abecedy na tomto velk\u00e9m samolepkov\u00e9m plak\u00e1tu! Na velk\u00fd \u010d\u00e1ste\u010dn\u011b barevn\u00fd plak\u00e1t nalep\u00ed d\u00edt\u011b barevn\u00e9 n\u00e1lepky podle [&hellip;]<\/p>\n","protected":false},"featured_media":0,"comment_status":"closed","ping_status":"open","template":"","meta":{"_acf_changed":false,"_monsterinsights_skip_tracking":false,"_monsterinsights_sitenote_active":false,"_monsterinsights_sitenote_note":"","_monsterinsights_sitenote_category":0,"_EventAllDay":false,"_EventTimezone":"","_EventStartDate":"","_EventEndDate":"","_EventStartDateUTC":"","_EventEndDateUTC":"","_EventShowMap":false,"_EventShowMapLink":false,"_EventURL":"","_EventCost":"","_EventCostDescription":"","_EventCurrencySymbol":"","_EventCurrencyCode":"","_EventCurrencyPosition":"","_EventDateTimeSeparator":"","_EventTimeRangeSeparator":"","_EventOrganizerID":[],"_EventVenueID":[],"_OrganizerEmail":"","_OrganizerPhone":"","_OrganizerWebsite":"","_VenueAddress":"","_VenueCity":"","_VenueCountry":"","_VenueProvince":"","_VenueState":"","_VenueZip":"","_VenuePhone":"","_VenueURL":"","_VenueStateProvince":"","_VenueLat":"","_VenueLng":"","_VenueShowMap":false,"_VenueShowMapLink":false,"twitterCardType":"","cardImageID":0,"cardImage":"","cardTitle":"","cardDesc":"","cardImageAlt":"","cardPlayer":"","cardPlayerWidth":0,"cardPlayerHeight":0,"cardPlayerStream":"","cardPlayerCodec":""},"product_cat":[],"product_tag":[],"class_list":["post-84299","product","type-product","status-publish","hentry"],"acf":{"description":"1 plak\u00e1t (1 m x 60 cm) + 1600 samolepek(26 barev). Znovuobjevte 26 p\u00edsmen abecedy na tomto velk\u00e9m samolepkov\u00e9m plak\u00e1tu! Na velk\u00fd \u010d\u00e1ste\u010dn\u011b barevn\u00fd plak\u00e1t nalep\u00ed d\u00edt\u011b barevn\u00e9 n\u00e1lepky podle uveden\u00fdch \u010d\u00edsel. Postupn\u011b se jako kouzlem  objev\u00ed 26 p\u00edsmen abecedy. Plak\u00e1t vypad\u00e1 kr\u00e1sn\u011b zar\u00e1movan\u00fd jako dekorace do pokoje. Samolepky jsou znovusn\u00edmateln\u00e9","item_id":"LX1642486","productname":"Poppik Samolepkov\u00fd plak\u00e1t - Abeceda","product":"Poppik Samolepkov\u00fd plak\u00e1t - Abeceda","url":"https:\/\/www.luxor.cz\/v\/1642486\/poppik-samolepkovy-plakat-abeceda","imgurl":"https:\/\/img.luxor.cz\/orig\/produkty\/3760262410197.jpg","price_vat":"450.00","margin":"","vat":"","paramname1":"","paramval1":"","paramname2":"","paramval2":"","paramname3":"","paramval3":"","paramname4":"","paramval4":"","paramname5":"","paramval5":"","paramname6":"","paramval6":"","paramname7":"","paramval7":"","paramname8":"","paramval8":"","paramname9":"","paramval9":"","paramname10":"","paramval10":"","ean":"3760262410197","manufacturer":"Poppik","categorytext":""},"_links":{"self":[{"href":"https:\/\/www.luxor.cz\/blog\/wp-json\/wp\/v2\/product\/84299","targetHints":{"allow":["GET"]}}],"collection":[{"href":"https:\/\/www.luxor.cz\/blog\/wp-json\/wp\/v2\/product"}],"about":[{"href":"https:\/\/www.luxor.cz\/blog\/wp-json\/wp\/v2\/types\/product"}],"replies":[{"embeddable":true,"href":"https:\/\/www.luxor.cz\/blog\/wp-json\/wp\/v2\/comments?post=84299"}],"wp:attachment":[{"href":"https:\/\/www.luxor.cz\/blog\/wp-json\/wp\/v2\/media?parent=84299"}],"wp:term":[{"taxonomy":"product_cat","embeddable":true,"href":"https:\/\/www.luxor.cz\/blog\/wp-json\/wp\/v2\/product_cat?post=84299"},{"taxonomy":"product_tag","embeddable":true,"href":"https:\/\/www.luxor.cz\/blog\/wp-json\/wp\/v2\/product_tag?post=84299"}],"curies":[{"name":"wp","href":"https:\/\/api.w.org\/{rel}","templated":true}]}}