{"id":83893,"date":"2023-08-14T12:00:53","date_gmt":"2023-08-14T10:00:53","guid":{"rendered":"https:\/\/www.luxor.cz\/blog\/produkt\/usinacek-sovicka\/"},"modified":"2023-08-14T12:00:56","modified_gmt":"2023-08-14T10:00:56","slug":"usinacek-sovicka","status":"publish","type":"product","link":"https:\/\/www.luxor.cz\/blog\/produkt\/usinacek-sovicka\/","title":{"rendered":"Us\u00edn\u00e1\u010dek &#8211; Sovi\u010dka"},"content":{"rendered":"<p>Clementoni us\u00edn\u00e1\u010dek sovi\u010dka Clementoni interaktivn\u00ed sv\u00edt\u00edc\u00ed ply\u0161ov\u00e1 sova s hrac\u00ed sk\u0159\u00ed\u0148kou 17268<br \/>\nSv\u00edt\u00edc\u00ed b\u0159\u00ed\u0161ko t\u00e9to roztomil\u00e9 sovi\u010dky poskytne va\u0161emu d\u00edt\u011bti v noci p\u0159\u00edjemn\u00fd pocit bezpe\u010d\u00ed.<br \/>\nJe navr\u017een tak, aby pom\u00e1hal va\u0161im nejmen\u0161\u00edm d\u011btem zvl\u00e1dat obt\u00ed\u017en\u00e9 emoce, jako je strach ze tmy, a poskytoval jim pocit klidu, pohodl\u00ed a uvoln\u011bn\u00ed.<br \/>\nOkouzluj\u00edc\u00ed melodie jsou speci\u00e1ln\u011b navr\u017eeny tak, aby se va\u0161e d\u00edt\u011b c\u00edtilo dob\u0159e, ukol\u00e9baly ho ke sp\u00e1nku a doprov\u00e1zely ho p\u0159i postupn\u00e9m vstupu do \u0159\u00ed\u0161e sn\u016f.<br \/>\nD\u00edky praktick\u00e9mu klipu a popruhu ji m\u016f\u017eete p\u0159ipevnit k post\u00fdlce nebo ji vz\u00edt kamkoli s sebou.<\/p>\n","protected":false},"excerpt":{"rendered":"<p>Clementoni us\u00edn\u00e1\u010dek sovi\u010dka Clementoni interaktivn\u00ed sv\u00edt\u00edc\u00ed ply\u0161ov\u00e1 sova s hrac\u00ed sk\u0159\u00ed\u0148kou 17268 Sv\u00edt\u00edc\u00ed b\u0159\u00ed\u0161ko t\u00e9to roztomil\u00e9 sovi\u010dky poskytne va\u0161emu d\u00edt\u011bti v noci p\u0159\u00edjemn\u00fd pocit bezpe\u010d\u00ed. Je navr\u017een tak, aby pom\u00e1hal [&hellip;]<\/p>\n","protected":false},"featured_media":0,"comment_status":"closed","ping_status":"open","template":"","meta":{"_acf_changed":false,"_monsterinsights_skip_tracking":false,"_monsterinsights_sitenote_active":false,"_monsterinsights_sitenote_note":"","_monsterinsights_sitenote_category":0,"_EventAllDay":false,"_EventTimezone":"","_EventStartDate":"","_EventEndDate":"","_EventStartDateUTC":"","_EventEndDateUTC":"","_EventShowMap":false,"_EventShowMapLink":false,"_EventURL":"","_EventCost":"","_EventCostDescription":"","_EventCurrencySymbol":"","_EventCurrencyCode":"","_EventCurrencyPosition":"","_EventDateTimeSeparator":"","_EventTimeRangeSeparator":"","_EventOrganizerID":[],"_EventVenueID":[],"_OrganizerEmail":"","_OrganizerPhone":"","_OrganizerWebsite":"","_VenueAddress":"","_VenueCity":"","_VenueCountry":"","_VenueProvince":"","_VenueState":"","_VenueZip":"","_VenuePhone":"","_VenueURL":"","_VenueStateProvince":"","_VenueLat":"","_VenueLng":"","_VenueShowMap":false,"_VenueShowMapLink":false,"twitterCardType":"","cardImageID":0,"cardImage":"","cardTitle":"","cardDesc":"","cardImageAlt":"","cardPlayer":"","cardPlayerWidth":0,"cardPlayerHeight":0,"cardPlayerStream":"","cardPlayerCodec":""},"product_cat":[],"product_tag":[],"class_list":["post-83893","product","type-product","status-publish","hentry"],"acf":{"description":"Clementoni us\u00edn\u00e1\u010dek sovi\u010dka Clementoni interaktivn\u00ed sv\u00edt\u00edc\u00ed ply\u0161ov\u00e1 sova s hrac\u00ed sk\u0159\u00ed\u0148kou 17268\nSv\u00edt\u00edc\u00ed b\u0159\u00ed\u0161ko t\u00e9to roztomil\u00e9 sovi\u010dky poskytne va\u0161emu d\u00edt\u011bti v noci p\u0159\u00edjemn\u00fd pocit bezpe\u010d\u00ed.\nJe navr\u017een tak, aby pom\u00e1hal va\u0161im nejmen\u0161\u00edm d\u011btem zvl\u00e1dat obt\u00ed\u017en\u00e9 emoce, jako je strach ze tmy, a poskytoval jim pocit klidu, pohodl\u00ed a uvoln\u011bn\u00ed.\nOkouzluj\u00edc\u00ed melodie jsou speci\u00e1ln\u011b navr\u017eeny tak, aby se va\u0161e d\u00edt\u011b c\u00edtilo dob\u0159e, ukol\u00e9baly ho ke sp\u00e1nku a doprov\u00e1zely ho p\u0159i postupn\u00e9m vstupu do \u0159\u00ed\u0161e sn\u016f.\nD\u00edky praktick\u00e9mu klipu a popruhu ji m\u016f\u017eete p\u0159ipevnit k post\u00fdlce nebo ji vz\u00edt kamkoli s sebou.","item_id":"LX1645555","productname":"Us\u00edn\u00e1\u010dek - Sovi\u010dka","product":"Us\u00edn\u00e1\u010dek - Sovi\u010dka","url":"https:\/\/www.luxor.cz\/v\/1645555\/usinacek-sovicka","imgurl":"https:\/\/img.luxor.cz\/orig\/produkty\/8005125172689.jpg","price_vat":"381.00","margin":"","vat":"","paramname1":"","paramval1":"","paramname2":"","paramval2":"","paramname3":"","paramval3":"","paramname4":"","paramval4":"","paramname5":"","paramval5":"","paramname6":"","paramval6":"","paramname7":"","paramval7":"","paramname8":"","paramval8":"","paramname9":"","paramval9":"","paramname10":"","paramval10":"","ean":"8005125172689","manufacturer":"Clementoni","categorytext":""},"_links":{"self":[{"href":"https:\/\/www.luxor.cz\/blog\/wp-json\/wp\/v2\/product\/83893","targetHints":{"allow":["GET"]}}],"collection":[{"href":"https:\/\/www.luxor.cz\/blog\/wp-json\/wp\/v2\/product"}],"about":[{"href":"https:\/\/www.luxor.cz\/blog\/wp-json\/wp\/v2\/types\/product"}],"replies":[{"embeddable":true,"href":"https:\/\/www.luxor.cz\/blog\/wp-json\/wp\/v2\/comments?post=83893"}],"wp:attachment":[{"href":"https:\/\/www.luxor.cz\/blog\/wp-json\/wp\/v2\/media?parent=83893"}],"wp:term":[{"taxonomy":"product_cat","embeddable":true,"href":"https:\/\/www.luxor.cz\/blog\/wp-json\/wp\/v2\/product_cat?post=83893"},{"taxonomy":"product_tag","embeddable":true,"href":"https:\/\/www.luxor.cz\/blog\/wp-json\/wp\/v2\/product_tag?post=83893"}],"curies":[{"name":"wp","href":"https:\/\/api.w.org\/{rel}","templated":true}]}}