{"id":83397,"date":"2023-08-14T11:58:18","date_gmt":"2023-08-14T09:58:18","guid":{"rendered":"https:\/\/www.luxor.cz\/blog\/produkt\/kocici-valecnici-nove-proroctvi-2-vychod-mesice\/"},"modified":"2023-08-14T11:58:23","modified_gmt":"2023-08-14T09:58:23","slug":"kocici-valecnici-nove-proroctvi-2-vychod-mesice","status":"publish","type":"product","link":"https:\/\/www.luxor.cz\/blog\/produkt\/kocici-valecnici-nove-proroctvi-2-vychod-mesice\/","title":{"rendered":"Ko\u010di\u010d\u00ed v\u00e1le\u010dn\u00edci: Nov\u00e9 proroctv\u00ed (2) &#8211; V\u00fdchod m\u011bs\u00edce"},"content":{"rendered":"<p>Pokra\u010dov\u00e1n\u00ed nap\u00ednav\u00e9ho p\u0159\u00edb\u011bhu druh\u00e9 s\u00e9rie Ko\u010di\u010d\u00edch v\u00e1le\u010dn\u00edk\u016f.<br \/>\nOstrodr\u00e1p a jeho spole\u010dn\u00edci jsou pr\u00e1v\u011b v polovin\u011b sv\u00e9 strastipln\u00e9 v\u00fdpravy. Lou\u010d\u00ed se s P\u016flnoc\u00ed a vyd\u00e1vaj\u00ed se na cestu zp\u011bt do lesa, aby sv\u00fdm klan\u016fm vy\u0159\u00eddili, jak se mohou zachr\u00e1nit p\u0159ed zk\u00e1zou. Jen\u017ee ve skal\u00e1ch na n\u011b \u010d\u00edh\u00e1 smrt\u00edc\u00ed nebezpe\u010d\u00ed\u2026 Dostanou se v\u0161ichni v po\u0159\u00e1dku dom\u016f?<\/p>\n","protected":false},"excerpt":{"rendered":"<p>Pokra\u010dov\u00e1n\u00ed nap\u00ednav\u00e9ho p\u0159\u00edb\u011bhu druh\u00e9 s\u00e9rie Ko\u010di\u010d\u00edch v\u00e1le\u010dn\u00edk\u016f. Ostrodr\u00e1p a jeho spole\u010dn\u00edci jsou pr\u00e1v\u011b v polovin\u011b sv\u00e9 strastipln\u00e9 v\u00fdpravy. Lou\u010d\u00ed se s P\u016flnoc\u00ed a vyd\u00e1vaj\u00ed se na cestu zp\u011bt do lesa, [&hellip;]<\/p>\n","protected":false},"featured_media":0,"comment_status":"closed","ping_status":"open","template":"","meta":{"_acf_changed":false,"_monsterinsights_skip_tracking":false,"_monsterinsights_sitenote_active":false,"_monsterinsights_sitenote_note":"","_monsterinsights_sitenote_category":0,"_EventAllDay":false,"_EventTimezone":"","_EventStartDate":"","_EventEndDate":"","_EventStartDateUTC":"","_EventEndDateUTC":"","_EventShowMap":false,"_EventShowMapLink":false,"_EventURL":"","_EventCost":"","_EventCostDescription":"","_EventCurrencySymbol":"","_EventCurrencyCode":"","_EventCurrencyPosition":"","_EventDateTimeSeparator":"","_EventTimeRangeSeparator":"","_EventOrganizerID":[],"_EventVenueID":[],"_OrganizerEmail":"","_OrganizerPhone":"","_OrganizerWebsite":"","_VenueAddress":"","_VenueCity":"","_VenueCountry":"","_VenueProvince":"","_VenueState":"","_VenueZip":"","_VenuePhone":"","_VenueURL":"","_VenueStateProvince":"","_VenueLat":"","_VenueLng":"","_VenueShowMap":false,"_VenueShowMapLink":false,"twitterCardType":"","cardImageID":0,"cardImage":"","cardTitle":"","cardDesc":"","cardImageAlt":"","cardPlayer":"","cardPlayerWidth":0,"cardPlayerHeight":0,"cardPlayerStream":"","cardPlayerCodec":""},"product_cat":[],"product_tag":[],"class_list":["post-83397","product","type-product","status-publish","hentry"],"acf":{"description":"Pokra\u010dov\u00e1n\u00ed nap\u00ednav\u00e9ho p\u0159\u00edb\u011bhu druh\u00e9 s\u00e9rie Ko\u010di\u010d\u00edch v\u00e1le\u010dn\u00edk\u016f. \nOstrodr\u00e1p a jeho spole\u010dn\u00edci jsou pr\u00e1v\u011b v polovin\u011b sv\u00e9 strastipln\u00e9 v\u00fdpravy. Lou\u010d\u00ed se s P\u016flnoc\u00ed a vyd\u00e1vaj\u00ed se na cestu zp\u011bt do lesa, aby sv\u00fdm klan\u016fm vy\u0159\u00eddili, jak se mohou zachr\u00e1nit p\u0159ed zk\u00e1zou. Jen\u017ee ve skal\u00e1ch na n\u011b \u010d\u00edh\u00e1 smrt\u00edc\u00ed nebezpe\u010d\u00ed\u2026 Dostanou se v\u0161ichni v po\u0159\u00e1dku dom\u016f?","item_id":"LX1636932","productname":"Ko\u010di\u010d\u00ed v\u00e1le\u010dn\u00edci: Nov\u00e9 proroctv\u00ed (2) - V\u00fdchod m\u011bs\u00edce","product":"Ko\u010di\u010d\u00ed v\u00e1le\u010dn\u00edci: Nov\u00e9 proroctv\u00ed (2) - V\u00fdchod m\u011bs\u00edce","url":"https:\/\/www.luxor.cz\/v\/1636932\/kocici-valecnici-nove-proroctvi2-vychod-mesice","imgurl":"https:\/\/img.luxor.cz\/orig\/produkty\/9788000059181.jpg","price_vat":"223.00","margin":"","vat":"","paramname1":"","paramval1":"","paramname2":"","paramval2":"","paramname3":"","paramval3":"","paramname4":"","paramval4":"","paramname5":"","paramval5":"","paramname6":"","paramval6":"","paramname7":"","paramval7":"","paramname8":"","paramval8":"","paramname9":"","paramval9":"","paramname10":"","paramval10":"","ean":"9788000059181","manufacturer":"Albatros","categorytext":""},"_links":{"self":[{"href":"https:\/\/www.luxor.cz\/blog\/wp-json\/wp\/v2\/product\/83397","targetHints":{"allow":["GET"]}}],"collection":[{"href":"https:\/\/www.luxor.cz\/blog\/wp-json\/wp\/v2\/product"}],"about":[{"href":"https:\/\/www.luxor.cz\/blog\/wp-json\/wp\/v2\/types\/product"}],"replies":[{"embeddable":true,"href":"https:\/\/www.luxor.cz\/blog\/wp-json\/wp\/v2\/comments?post=83397"}],"wp:attachment":[{"href":"https:\/\/www.luxor.cz\/blog\/wp-json\/wp\/v2\/media?parent=83397"}],"wp:term":[{"taxonomy":"product_cat","embeddable":true,"href":"https:\/\/www.luxor.cz\/blog\/wp-json\/wp\/v2\/product_cat?post=83397"},{"taxonomy":"product_tag","embeddable":true,"href":"https:\/\/www.luxor.cz\/blog\/wp-json\/wp\/v2\/product_tag?post=83397"}],"curies":[{"name":"wp","href":"https:\/\/api.w.org\/{rel}","templated":true}]}}