{"id":83297,"date":"2023-08-14T11:57:48","date_gmt":"2023-08-14T09:57:48","guid":{"rendered":"https:\/\/www.luxor.cz\/blog\/produkt\/technicke-samolepky-gamer\/"},"modified":"2023-08-14T11:57:53","modified_gmt":"2023-08-14T09:57:53","slug":"technicke-samolepky-gamer","status":"publish","type":"product","link":"https:\/\/www.luxor.cz\/blog\/produkt\/technicke-samolepky-gamer\/","title":{"rendered":"Technick\u00e9 samolepky Gamer"},"content":{"rendered":"<p>Sada technick\u00fdch samolepek, obsahuje celkem 34 samolepek pro v\u0161echny hern\u00ed nad\u0161ence.<\/p>\n","protected":false},"excerpt":{"rendered":"<p>Sada technick\u00fdch samolepek, obsahuje celkem 34 samolepek pro v\u0161echny hern\u00ed nad\u0161ence.<\/p>\n","protected":false},"featured_media":0,"comment_status":"closed","ping_status":"open","template":"","meta":{"_acf_changed":false,"_monsterinsights_skip_tracking":false,"_monsterinsights_sitenote_active":false,"_monsterinsights_sitenote_note":"","_monsterinsights_sitenote_category":0,"_EventAllDay":false,"_EventTimezone":"","_EventStartDate":"","_EventEndDate":"","_EventStartDateUTC":"","_EventEndDateUTC":"","_EventShowMap":false,"_EventShowMapLink":false,"_EventURL":"","_EventCost":"","_EventCostDescription":"","_EventCurrencySymbol":"","_EventCurrencyCode":"","_EventCurrencyPosition":"","_EventDateTimeSeparator":"","_EventTimeRangeSeparator":"","_EventOrganizerID":[],"_EventVenueID":[],"_OrganizerEmail":"","_OrganizerPhone":"","_OrganizerWebsite":"","_VenueAddress":"","_VenueCity":"","_VenueCountry":"","_VenueProvince":"","_VenueState":"","_VenueZip":"","_VenuePhone":"","_VenueURL":"","_VenueStateProvince":"","_VenueLat":"","_VenueLng":"","_VenueShowMap":false,"_VenueShowMapLink":false,"twitterCardType":"","cardImageID":0,"cardImage":"","cardTitle":"","cardDesc":"","cardImageAlt":"","cardPlayer":"","cardPlayerWidth":0,"cardPlayerHeight":0,"cardPlayerStream":"","cardPlayerCodec":""},"product_cat":[],"product_tag":[],"class_list":["post-83297","product","type-product","status-publish","hentry"],"acf":{"description":"Sada technick\u00fdch samolepek, obsahuje celkem 34 samolepek pro v\u0161echny hern\u00ed nad\u0161ence.","item_id":"LX1641897","productname":"Technick\u00e9 samolepky Gamer","product":"Technick\u00e9 samolepky Gamer","url":"https:\/\/www.luxor.cz\/v\/1641897\/technicke-samolepky-gamer","imgurl":"https:\/\/img.luxor.cz\/orig\/produkty\/5050293474137.jpg","price_vat":"149.00","margin":"","vat":"","paramname1":"","paramval1":"","paramname2":"","paramval2":"","paramname3":"","paramval3":"","paramname4":"","paramval4":"","paramname5":"","paramval5":"","paramname6":"","paramval6":"","paramname7":"","paramval7":"","paramname8":"","paramval8":"","paramname9":"","paramval9":"","paramname10":"","paramval10":"","ean":"5050293474137","manufacturer":"EPEE Czech","categorytext":""},"_links":{"self":[{"href":"https:\/\/www.luxor.cz\/blog\/wp-json\/wp\/v2\/product\/83297","targetHints":{"allow":["GET"]}}],"collection":[{"href":"https:\/\/www.luxor.cz\/blog\/wp-json\/wp\/v2\/product"}],"about":[{"href":"https:\/\/www.luxor.cz\/blog\/wp-json\/wp\/v2\/types\/product"}],"replies":[{"embeddable":true,"href":"https:\/\/www.luxor.cz\/blog\/wp-json\/wp\/v2\/comments?post=83297"}],"wp:attachment":[{"href":"https:\/\/www.luxor.cz\/blog\/wp-json\/wp\/v2\/media?parent=83297"}],"wp:term":[{"taxonomy":"product_cat","embeddable":true,"href":"https:\/\/www.luxor.cz\/blog\/wp-json\/wp\/v2\/product_cat?post=83297"},{"taxonomy":"product_tag","embeddable":true,"href":"https:\/\/www.luxor.cz\/blog\/wp-json\/wp\/v2\/product_tag?post=83297"}],"curies":[{"name":"wp","href":"https:\/\/api.w.org\/{rel}","templated":true}]}}