{"id":80497,"date":"2023-08-14T11:43:30","date_gmt":"2023-08-14T09:43:30","guid":{"rendered":"https:\/\/www.luxor.cz\/blog\/produkt\/roger-federer-zivotopis\/"},"modified":"2023-08-14T11:43:35","modified_gmt":"2023-08-14T09:43:35","slug":"roger-federer-zivotopis","status":"publish","type":"product","link":"https:\/\/www.luxor.cz\/blog\/produkt\/roger-federer-zivotopis\/","title":{"rendered":"Roger Federer &#8211; \u017divotopis"},"content":{"rendered":"<p>\u201eTenisov\u00fd gentleman\u201c Roger Federer nen\u00ed pouze jeden z nej\u00fasp\u011b\u0161n\u011bj\u0161\u00edch tenist\u016f v\u0161ech dob, ale i spole\u010densky anga\u017eovan\u00fd a velmi skromn\u00fd \u010dlov\u011bk, kter\u00fd stoj\u00ed st\u00e1le pevn\u011b nohama na zemi. Ren\u00e9 Stauffer jako jeden z m\u00e1la novin\u00e1\u0159\u016f zn\u00e1 \u201ePlanetu Federer\u201c z bezprost\u0159edn\u00ed bl\u00edzkosti. Z prvn\u00ed ruky tak\u00e9 za\u017eil Federerovo p\u0159ekvapiv\u00e9 ukon\u010den\u00ed sezony v l\u00e9t\u011b  roku 2016 a jeho \u00fasp\u011b\u0161n\u00e9 p\u0159ekon\u00e1n\u00ed velk\u00e9 krize o pouh\u00fd p\u016flrok pozd\u011bji p\u0159i senza\u010dn\u00edm triumfu na Australian Open. Stauffer popisuje, jac\u00ed lid\u00e9 byli pro tuto v\u00fdjime\u010dnou kari\u00e9ru d\u016fle\u017eit\u00ed a pro\u010d Federer\u016fv odkaz na kurtu i mimo n\u011bj  p\u0159etrv\u00e1 i po konci jeho aktivn\u00ed dr\u00e1hy.<\/p>\n<p>REN\u00c9 STAUFFER p\u00ed\u0161e o tenise od roku 1981 a je sportovn\u00edm redaktorem list\u016f  Tages-Anzeiger a SonntagsZeitung.  Coby tenisov\u00fd odborn\u00edk sleduje kari\u00e9ru Rogera Federera od po\u010d\u00e1tku a u\u017e v roce 2007 vydal prvn\u00ed \u017eivotopis tohoto mimo\u0159\u00e1dn\u00e9ho sportovce. K Rogeru Federerovi a jeho t\u00fdmu m\u00e1 osobn\u00ed p\u0159\u00edstup.<\/p>\n<p>Australian Open 2017, Roger Federer  zved\u00e1 ruce k nebi a k\u0159i\u010d\u00ed \u0161t\u011bst\u00edm, pot\u00e9 co prom\u011bn\u00ed druh\u00fd me\u010dbol  proti Rafaelu Nadalovi a z\u00edsk\u00e1v\u00e1  18. grandslamov\u00fd titul. Tento triumf  je pro tenisov\u00e9ho g\u00e9nia vrcholem  jeho poh\u00e1dkov\u00e9ho comebacku. Wimbledonsk\u00fd rekordman se dok\u00e1zal v 35 letech vr\u00e1tit ve vrcholn\u00e9 form\u011b po \u0161estim\u011bs\u00ed\u010dn\u00ed pauze a usv\u011bd\u010dil tak z omylu mnoh\u00e9 experty, kte\u0159\u00ed u\u017e jeho kari\u00e9ru pova\u017eovali za ukon\u010denou. Je to jeden z on\u011bch \u201eFedererov\u00fdch moment\u016f\u201c, kter\u00fdmi u\u017e dv\u011b desetilet\u00ed uchvacuje tenisov\u00e9 fanou\u0161ky. K pochopen\u00ed fenom\u00e9nu Rogera Federera je pot\u0159eba se pod\u00edvat i za kulisy t\u011bchto moment\u016f \u2013 na \u00fasp\u011b\u0161nou cestu mlad\u00e9ho \u0160v\u00fdcara, jen\u017e se z n\u00e1ladov\u00e9ho talentu prom\u011bnil v jednoho z nej\u00fasp\u011b\u0161n\u011bj\u0161\u00edch tenist\u016f historie a glob\u00e1ln\u00ed ikonu. Ren\u00e9 Stauffer na t\u00e9to cest\u011b Rogera Federera doprov\u00e1z\u00ed od 15 let a popisuje nejd\u016fle\u017eit\u011bj\u0161\u00ed okam\u017eiky jeho kari\u00e9ry s mimo\u0159\u00e1dn\u00fdm taktem.  Od osob, je\u017e ho formovaly v d\u011btstv\u00ed,  p\u0159es sportovn\u00ed \u00fasp\u011bchy a\u017e po spole\u010denskou anga\u017eovanost otce od rodiny Federera \u2013 jedine\u010dn\u00e1 kniha jedine\u010dn\u00e9ho \u017eivotn\u00edho p\u0159\u00edb\u011bhu.<\/p>\n<p>\u201eRoger Federer je to nejlep\u0161\u00ed, co jsem za v\u00edce ne\u017e 40 let v tenise za\u017eil.\u201c John McEnroe<\/p>\n","protected":false},"excerpt":{"rendered":"<p>\u201eTenisov\u00fd gentleman\u201c Roger Federer nen\u00ed pouze jeden z nej\u00fasp\u011b\u0161n\u011bj\u0161\u00edch tenist\u016f v\u0161ech dob, ale i spole\u010densky anga\u017eovan\u00fd a velmi skromn\u00fd \u010dlov\u011bk, kter\u00fd stoj\u00ed st\u00e1le pevn\u011b nohama na zemi. Ren\u00e9 Stauffer jako [&hellip;]<\/p>\n","protected":false},"featured_media":0,"comment_status":"closed","ping_status":"open","template":"","meta":{"_acf_changed":false,"_monsterinsights_skip_tracking":false,"_monsterinsights_sitenote_active":false,"_monsterinsights_sitenote_note":"","_monsterinsights_sitenote_category":0,"_EventAllDay":false,"_EventTimezone":"","_EventStartDate":"","_EventEndDate":"","_EventStartDateUTC":"","_EventEndDateUTC":"","_EventShowMap":false,"_EventShowMapLink":false,"_EventURL":"","_EventCost":"","_EventCostDescription":"","_EventCurrencySymbol":"","_EventCurrencyCode":"","_EventCurrencyPosition":"","_EventDateTimeSeparator":"","_EventTimeRangeSeparator":"","_EventOrganizerID":[],"_EventVenueID":[],"_OrganizerEmail":"","_OrganizerPhone":"","_OrganizerWebsite":"","_VenueAddress":"","_VenueCity":"","_VenueCountry":"","_VenueProvince":"","_VenueState":"","_VenueZip":"","_VenuePhone":"","_VenueURL":"","_VenueStateProvince":"","_VenueLat":"","_VenueLng":"","_VenueShowMap":false,"_VenueShowMapLink":false,"twitterCardType":"","cardImageID":0,"cardImage":"","cardTitle":"","cardDesc":"","cardImageAlt":"","cardPlayer":"","cardPlayerWidth":0,"cardPlayerHeight":0,"cardPlayerStream":"","cardPlayerCodec":""},"product_cat":[],"product_tag":[],"class_list":["post-80497","product","type-product","status-publish","hentry"],"acf":{"description":"\u201eTenisov\u00fd gentleman\u201c Roger Federer nen\u00ed pouze jeden z nej\u00fasp\u011b\u0161n\u011bj\u0161\u00edch tenist\u016f v\u0161ech dob, ale i spole\u010densky anga\u017eovan\u00fd a velmi skromn\u00fd \u010dlov\u011bk, kter\u00fd stoj\u00ed st\u00e1le pevn\u011b nohama na zemi. Ren\u00e9 Stauffer jako jeden z m\u00e1la novin\u00e1\u0159\u016f zn\u00e1 \u201ePlanetu Federer\u201c z bezprost\u0159edn\u00ed bl\u00edzkosti. Z prvn\u00ed ruky tak\u00e9 za\u017eil Federerovo p\u0159ekvapiv\u00e9 ukon\u010den\u00ed sezony v l\u00e9t\u011b  roku 2016 a jeho \u00fasp\u011b\u0161n\u00e9 p\u0159ekon\u00e1n\u00ed velk\u00e9 krize o pouh\u00fd p\u016flrok pozd\u011bji p\u0159i senza\u010dn\u00edm triumfu na Australian Open. Stauffer popisuje, jac\u00ed lid\u00e9 byli pro tuto v\u00fdjime\u010dnou kari\u00e9ru d\u016fle\u017eit\u00ed a pro\u010d Federer\u016fv odkaz na kurtu i mimo n\u011bj  p\u0159etrv\u00e1 i po konci jeho aktivn\u00ed dr\u00e1hy.\n\nREN\u00c9 STAUFFER p\u00ed\u0161e o tenise od roku 1981 a je sportovn\u00edm redaktorem list\u016f  Tages-Anzeiger a SonntagsZeitung.  Coby tenisov\u00fd odborn\u00edk sleduje kari\u00e9ru Rogera Federera od po\u010d\u00e1tku a u\u017e v roce 2007 vydal prvn\u00ed \u017eivotopis tohoto mimo\u0159\u00e1dn\u00e9ho sportovce. K Rogeru Federerovi a jeho t\u00fdmu m\u00e1 osobn\u00ed p\u0159\u00edstup.\n\nAustralian Open 2017, Roger Federer  zved\u00e1 ruce k nebi a k\u0159i\u010d\u00ed \u0161t\u011bst\u00edm, pot\u00e9 co prom\u011bn\u00ed druh\u00fd me\u010dbol  proti Rafaelu Nadalovi a z\u00edsk\u00e1v\u00e1  18. grandslamov\u00fd titul. Tento triumf  je pro tenisov\u00e9ho g\u00e9nia vrcholem  jeho poh\u00e1dkov\u00e9ho comebacku. Wimbledonsk\u00fd rekordman se dok\u00e1zal v 35 letech vr\u00e1tit ve vrcholn\u00e9 form\u011b po \u0161estim\u011bs\u00ed\u010dn\u00ed pauze a usv\u011bd\u010dil tak z omylu mnoh\u00e9 experty, kte\u0159\u00ed u\u017e jeho kari\u00e9ru pova\u017eovali za ukon\u010denou. Je to jeden z on\u011bch \u201eFedererov\u00fdch moment\u016f\u201c, kter\u00fdmi u\u017e dv\u011b desetilet\u00ed uchvacuje tenisov\u00e9 fanou\u0161ky. K pochopen\u00ed fenom\u00e9nu Rogera Federera je pot\u0159eba se pod\u00edvat i za kulisy t\u011bchto moment\u016f \u2013 na \u00fasp\u011b\u0161nou cestu mlad\u00e9ho \u0160v\u00fdcara, jen\u017e se z n\u00e1ladov\u00e9ho talentu prom\u011bnil v jednoho z nej\u00fasp\u011b\u0161n\u011bj\u0161\u00edch tenist\u016f historie a glob\u00e1ln\u00ed ikonu. Ren\u00e9 Stauffer na t\u00e9to cest\u011b Rogera Federera doprov\u00e1z\u00ed od 15 let a popisuje nejd\u016fle\u017eit\u011bj\u0161\u00ed okam\u017eiky jeho kari\u00e9ry s mimo\u0159\u00e1dn\u00fdm taktem.  Od osob, je\u017e ho formovaly v d\u011btstv\u00ed,  p\u0159es sportovn\u00ed \u00fasp\u011bchy a\u017e po spole\u010denskou anga\u017eovanost otce od rodiny Federera \u2013 jedine\u010dn\u00e1 kniha jedine\u010dn\u00e9ho \u017eivotn\u00edho p\u0159\u00edb\u011bhu.\n\n\u201eRoger Federer je to nejlep\u0161\u00ed, co jsem za v\u00edce ne\u017e 40 let v tenise za\u017eil.\u201c John McEnroe","item_id":"LX1618820","productname":"Roger Federer - \u017divotopis","product":"Roger Federer - \u017divotopis","url":"https:\/\/www.luxor.cz\/v\/1618820\/roger-federer-zivotopis","imgurl":"https:\/\/img.luxor.cz\/orig\/produkty\/9788081990113.jpg","price_vat":"384.00","margin":"","vat":"","paramname1":"","paramval1":"","paramname2":"","paramval2":"","paramname3":"","paramval3":"","paramname4":"","paramval4":"","paramname5":"","paramval5":"","paramname6":"","paramval6":"","paramname7":"","paramval7":"","paramname8":"","paramval8":"","paramname9":"","paramval9":"","paramname10":"","paramval10":"","ean":"9788081990113","manufacturer":"Timy Partners","categorytext":""},"_links":{"self":[{"href":"https:\/\/www.luxor.cz\/blog\/wp-json\/wp\/v2\/product\/80497","targetHints":{"allow":["GET"]}}],"collection":[{"href":"https:\/\/www.luxor.cz\/blog\/wp-json\/wp\/v2\/product"}],"about":[{"href":"https:\/\/www.luxor.cz\/blog\/wp-json\/wp\/v2\/types\/product"}],"replies":[{"embeddable":true,"href":"https:\/\/www.luxor.cz\/blog\/wp-json\/wp\/v2\/comments?post=80497"}],"wp:attachment":[{"href":"https:\/\/www.luxor.cz\/blog\/wp-json\/wp\/v2\/media?parent=80497"}],"wp:term":[{"taxonomy":"product_cat","embeddable":true,"href":"https:\/\/www.luxor.cz\/blog\/wp-json\/wp\/v2\/product_cat?post=80497"},{"taxonomy":"product_tag","embeddable":true,"href":"https:\/\/www.luxor.cz\/blog\/wp-json\/wp\/v2\/product_tag?post=80497"}],"curies":[{"name":"wp","href":"https:\/\/api.w.org\/{rel}","templated":true}]}}