{"id":79770,"date":"2023-08-14T11:39:53","date_gmt":"2023-08-14T09:39:53","guid":{"rendered":"https:\/\/www.luxor.cz\/blog\/produkt\/objevuj-s-puzzle-ceska-republika\/"},"modified":"2023-08-14T11:39:56","modified_gmt":"2023-08-14T09:39:56","slug":"objevuj-s-puzzle-ceska-republika","status":"publish","type":"product","link":"https:\/\/www.luxor.cz\/blog\/produkt\/objevuj-s-puzzle-ceska-republika\/","title":{"rendered":"Objevuj s puzzle: \u010cesk\u00e1 republika"},"content":{"rendered":"<p>Velk\u00e9 ov\u00e1ln\u00e9 puzzle s rozm\u011bry 1 x 0,7 metru sest\u00e1vaj\u00edc\u00ed z 205 d\u00edlk\u016f p\u0159inese p\u0159ed\u0161koln\u00edm d\u011btem z\u00e1bavu i pou\u010den\u00ed: Skl\u00e1d\u00e1n\u00edm puzzle se d\u011bti hravou formou nau\u010d\u00ed, s jak\u00fdmi st\u00e1ty na\u0161e zem\u011b soused\u00ed, jak\u00fd m\u00e1 tvar, kde jsou jak\u00e9 hory a \u0159eky a kde se nach\u00e1zej\u00ed nejv\u00fdznamn\u011bj\u0161\u00ed pam\u00e1tky. Box se stavebnic\u00ed puzzle dopl\u0148uje 32str\u00e1nkov\u00e1 kn\u00ed\u017eka pln\u00e1 zaj\u00edmavost\u00ed o na\u0161\u00ed historii a o zvl\u00e1\u0161tnostech jednotliv\u00fdch kraj\u016f.<\/p>\n","protected":false},"excerpt":{"rendered":"<p>Velk\u00e9 ov\u00e1ln\u00e9 puzzle s rozm\u011bry 1 x 0,7 metru sest\u00e1vaj\u00edc\u00ed z 205 d\u00edlk\u016f p\u0159inese p\u0159ed\u0161koln\u00edm d\u011btem z\u00e1bavu i pou\u010den\u00ed: Skl\u00e1d\u00e1n\u00edm puzzle se d\u011bti hravou formou nau\u010d\u00ed, s jak\u00fdmi st\u00e1ty na\u0161e [&hellip;]<\/p>\n","protected":false},"featured_media":0,"comment_status":"closed","ping_status":"open","template":"","meta":{"_acf_changed":false,"_monsterinsights_skip_tracking":false,"_monsterinsights_sitenote_active":false,"_monsterinsights_sitenote_note":"","_monsterinsights_sitenote_category":0,"_EventAllDay":false,"_EventTimezone":"","_EventStartDate":"","_EventEndDate":"","_EventStartDateUTC":"","_EventEndDateUTC":"","_EventShowMap":false,"_EventShowMapLink":false,"_EventURL":"","_EventCost":"","_EventCostDescription":"","_EventCurrencySymbol":"","_EventCurrencyCode":"","_EventCurrencyPosition":"","_EventDateTimeSeparator":"","_EventTimeRangeSeparator":"","_EventOrganizerID":[],"_EventVenueID":[],"_OrganizerEmail":"","_OrganizerPhone":"","_OrganizerWebsite":"","_VenueAddress":"","_VenueCity":"","_VenueCountry":"","_VenueProvince":"","_VenueState":"","_VenueZip":"","_VenuePhone":"","_VenueURL":"","_VenueStateProvince":"","_VenueLat":"","_VenueLng":"","_VenueShowMap":false,"_VenueShowMapLink":false,"twitterCardType":"","cardImageID":0,"cardImage":"","cardTitle":"","cardDesc":"","cardImageAlt":"","cardPlayer":"","cardPlayerWidth":0,"cardPlayerHeight":0,"cardPlayerStream":"","cardPlayerCodec":""},"product_cat":[],"product_tag":[],"class_list":["post-79770","product","type-product","status-publish","hentry"],"acf":{"description":"Velk\u00e9 ov\u00e1ln\u00e9 puzzle s rozm\u011bry 1 x 0,7 metru sest\u00e1vaj\u00edc\u00ed z 205 d\u00edlk\u016f p\u0159inese p\u0159ed\u0161koln\u00edm d\u011btem z\u00e1bavu i pou\u010den\u00ed: Skl\u00e1d\u00e1n\u00edm puzzle se d\u011bti hravou formou nau\u010d\u00ed, s jak\u00fdmi st\u00e1ty na\u0161e zem\u011b soused\u00ed, jak\u00fd m\u00e1 tvar, kde jsou jak\u00e9 hory a \u0159eky a kde se nach\u00e1zej\u00ed nejv\u00fdznamn\u011bj\u0161\u00ed pam\u00e1tky. Box se stavebnic\u00ed puzzle dopl\u0148uje 32str\u00e1nkov\u00e1 kn\u00ed\u017eka pln\u00e1 zaj\u00edmavost\u00ed o na\u0161\u00ed historii a o zvl\u00e1\u0161tnostech jednotliv\u00fdch kraj\u016f.","item_id":"LX1616930","productname":"Objevuj s puzzle: \u010cesk\u00e1 republika","product":"Objevuj s puzzle: \u010cesk\u00e1 republika","url":"https:\/\/www.luxor.cz\/v\/1616930\/objevuj-s-puzzle-ceska-republika","imgurl":"https:\/\/img.luxor.cz\/orig\/produkty\/9788076172036.jpg","price_vat":"499.00","margin":"","vat":"","paramname1":"","paramval1":"","paramname2":"","paramval2":"","paramname3":"","paramval3":"","paramname4":"","paramval4":"","paramname5":"","paramval5":"","paramname6":"","paramval6":"","paramname7":"","paramval7":"","paramname8":"","paramval8":"","paramname9":"","paramval9":"","paramname10":"","paramval10":"","ean":"9788076172036","manufacturer":"Pikola","categorytext":""},"_links":{"self":[{"href":"https:\/\/www.luxor.cz\/blog\/wp-json\/wp\/v2\/product\/79770","targetHints":{"allow":["GET"]}}],"collection":[{"href":"https:\/\/www.luxor.cz\/blog\/wp-json\/wp\/v2\/product"}],"about":[{"href":"https:\/\/www.luxor.cz\/blog\/wp-json\/wp\/v2\/types\/product"}],"replies":[{"embeddable":true,"href":"https:\/\/www.luxor.cz\/blog\/wp-json\/wp\/v2\/comments?post=79770"}],"wp:attachment":[{"href":"https:\/\/www.luxor.cz\/blog\/wp-json\/wp\/v2\/media?parent=79770"}],"wp:term":[{"taxonomy":"product_cat","embeddable":true,"href":"https:\/\/www.luxor.cz\/blog\/wp-json\/wp\/v2\/product_cat?post=79770"},{"taxonomy":"product_tag","embeddable":true,"href":"https:\/\/www.luxor.cz\/blog\/wp-json\/wp\/v2\/product_tag?post=79770"}],"curies":[{"name":"wp","href":"https:\/\/api.w.org\/{rel}","templated":true}]}}