{"id":78762,"date":"2023-08-14T11:34:54","date_gmt":"2023-08-14T09:34:54","guid":{"rendered":"https:\/\/www.luxor.cz\/blog\/produkt\/kc-kniha-muj-svet\/"},"modified":"2023-08-14T11:34:55","modified_gmt":"2023-08-14T09:34:55","slug":"kc-kniha-muj-svet","status":"publish","type":"product","link":"https:\/\/www.luxor.cz\/blog\/produkt\/kc-kniha-muj-svet\/","title":{"rendered":"K\u010c Kniha M\u016fj sv\u011bt"},"content":{"rendered":"<p>Kouzeln\u00e9 \u010dten\u00ed je unik\u00e1tn\u00ed v\u00fdukov\u00fd syst\u00e9m, kter\u00fd v\u00e1m p\u0159in\u00e1\u0161\u00ed spoustu informac\u00ed a z\u00e1bavy. Sta\u010d\u00ed, kdy\u017e se lehce dotknete tu\u017ekou obr\u00e1zku nebo textu, ozve se p\u0159\u00edslu\u0161n\u00e1 informace, zvuk nebo hudba.<\/p>\n<p>Nutno vlastnit Elektronickou Albi tu\u017eku, kter\u00e1 se prod\u00e1v\u00e1 zvl\u00e1\u0161\u0165.<\/p>\n<p>Po\u010det hr\u00e1\u010d\u016f: 1+<br \/>\nDoba hran\u00ed: 10+<br \/>\nV\u011bk: 3+<\/p>\n","protected":false},"excerpt":{"rendered":"<p>Kouzeln\u00e9 \u010dten\u00ed je unik\u00e1tn\u00ed v\u00fdukov\u00fd syst\u00e9m, kter\u00fd v\u00e1m p\u0159in\u00e1\u0161\u00ed spoustu informac\u00ed a z\u00e1bavy. Sta\u010d\u00ed, kdy\u017e se lehce dotknete tu\u017ekou obr\u00e1zku nebo textu, ozve se p\u0159\u00edslu\u0161n\u00e1 informace, zvuk nebo hudba. Nutno [&hellip;]<\/p>\n","protected":false},"featured_media":0,"comment_status":"closed","ping_status":"open","template":"","meta":{"_acf_changed":false,"_monsterinsights_skip_tracking":false,"_monsterinsights_sitenote_active":false,"_monsterinsights_sitenote_note":"","_monsterinsights_sitenote_category":0,"_EventAllDay":false,"_EventTimezone":"","_EventStartDate":"","_EventEndDate":"","_EventStartDateUTC":"","_EventEndDateUTC":"","_EventShowMap":false,"_EventShowMapLink":false,"_EventURL":"","_EventCost":"","_EventCostDescription":"","_EventCurrencySymbol":"","_EventCurrencyCode":"","_EventCurrencyPosition":"","_EventDateTimeSeparator":"","_EventTimeRangeSeparator":"","_EventOrganizerID":[],"_EventVenueID":[],"_OrganizerEmail":"","_OrganizerPhone":"","_OrganizerWebsite":"","_VenueAddress":"","_VenueCity":"","_VenueCountry":"","_VenueProvince":"","_VenueState":"","_VenueZip":"","_VenuePhone":"","_VenueURL":"","_VenueStateProvince":"","_VenueLat":"","_VenueLng":"","_VenueShowMap":false,"_VenueShowMapLink":false,"twitterCardType":"","cardImageID":0,"cardImage":"","cardTitle":"","cardDesc":"","cardImageAlt":"","cardPlayer":"","cardPlayerWidth":0,"cardPlayerHeight":0,"cardPlayerStream":"","cardPlayerCodec":""},"product_cat":[],"product_tag":[],"class_list":["post-78762","product","type-product","status-publish","hentry"],"acf":{"description":"Kouzeln\u00e9 \u010dten\u00ed je unik\u00e1tn\u00ed v\u00fdukov\u00fd syst\u00e9m, kter\u00fd v\u00e1m p\u0159in\u00e1\u0161\u00ed spoustu informac\u00ed a z\u00e1bavy. Sta\u010d\u00ed, kdy\u017e se lehce dotknete tu\u017ekou obr\u00e1zku nebo textu, ozve se p\u0159\u00edslu\u0161n\u00e1 informace, zvuk nebo hudba.\n\nNutno vlastnit Elektronickou Albi tu\u017eku, kter\u00e1 se prod\u00e1v\u00e1 zvl\u00e1\u0161\u0165.\n\nPo\u010det hr\u00e1\u010d\u016f: 1+\nDoba hran\u00ed: 10+\nV\u011bk: 3+","item_id":"LX1623701","productname":"K\u010c Kniha M\u016fj sv\u011bt","product":"K\u010c Kniha M\u016fj sv\u011bt","url":"https:\/\/www.luxor.cz\/v\/1623701\/muj-svet-kouzelne-cteni","imgurl":"https:\/\/img.luxor.cz\/orig\/produkty\/9788087958490.jpg","price_vat":"404.00","margin":"","vat":"","paramname1":"","paramval1":"","paramname2":"","paramval2":"","paramname3":"","paramval3":"","paramname4":"","paramval4":"","paramname5":"","paramval5":"","paramname6":"","paramval6":"","paramname7":"","paramval7":"","paramname8":"","paramval8":"","paramname9":"","paramval9":"","paramname10":"","paramval10":"","ean":"9788087958490","manufacturer":"Albi","categorytext":""},"_links":{"self":[{"href":"https:\/\/www.luxor.cz\/blog\/wp-json\/wp\/v2\/product\/78762","targetHints":{"allow":["GET"]}}],"collection":[{"href":"https:\/\/www.luxor.cz\/blog\/wp-json\/wp\/v2\/product"}],"about":[{"href":"https:\/\/www.luxor.cz\/blog\/wp-json\/wp\/v2\/types\/product"}],"replies":[{"embeddable":true,"href":"https:\/\/www.luxor.cz\/blog\/wp-json\/wp\/v2\/comments?post=78762"}],"wp:attachment":[{"href":"https:\/\/www.luxor.cz\/blog\/wp-json\/wp\/v2\/media?parent=78762"}],"wp:term":[{"taxonomy":"product_cat","embeddable":true,"href":"https:\/\/www.luxor.cz\/blog\/wp-json\/wp\/v2\/product_cat?post=78762"},{"taxonomy":"product_tag","embeddable":true,"href":"https:\/\/www.luxor.cz\/blog\/wp-json\/wp\/v2\/product_tag?post=78762"}],"curies":[{"name":"wp","href":"https:\/\/api.w.org\/{rel}","templated":true}]}}