{"id":78745,"date":"2023-08-14T11:34:47","date_gmt":"2023-08-14T09:34:47","guid":{"rendered":"https:\/\/www.luxor.cz\/blog\/produkt\/topp-tvorime-z-papirovych-rulicek-skvele-napady-z-rulicek-od-toaletniho-papiru\/"},"modified":"2023-08-14T11:34:49","modified_gmt":"2023-08-14T09:34:49","slug":"topp-tvorime-z-papirovych-rulicek-skvele-napady-z-rulicek-od-toaletniho-papiru","status":"publish","type":"product","link":"https:\/\/www.luxor.cz\/blog\/produkt\/topp-tvorime-z-papirovych-rulicek-skvele-napady-z-rulicek-od-toaletniho-papiru\/","title":{"rendered":"TOPP Tvo\u0159\u00edme z pap\u00edrov\u00fdch ruli\u010dek &#8211; Skv\u011bl\u00e9 n\u00e1pady z ruli\u010dek od toaletn\u00edho pap\u00edru"},"content":{"rendered":"<p>Z pap\u00edrov\u00fdch ruli\u010dek m\u016f\u017ee b\u00fdt skv\u011bl\u00fd materi\u00e1l pro vyr\u00e1b\u011bn\u00ed, proto by byla nesm\u00edrn\u00e1 \u0161koda je vyhazovat do ko\u0161e. Chcete si vyrobit sv\u00e9 obl\u00edben\u00e9 zv\u00ed\u0159\u00e1tko? Nebo snad girlandu z raket na narozeninovou p\u00e1rty? Sta\u010d\u00ed p\u00e1r tah\u016f \u0161t\u011btcem, kousek l\u00e1tky nebo barevn\u00e9ho pap\u00edru, nalepit p\u00e1r dopl\u0148k\u016f a ruli\u010dky se jako z\u00e1zrakem prom\u011bn\u00ed v rychl\u00e9 k\u00e1ry, n\u00e1dhern\u00e9 n\u00e1ramky nebo neboj\u00e1cn\u00e9 li\u0161ky. V knize najdete na 70 model\u016f k vyr\u00e1b\u011bn\u00ed i ke hran\u00ed.<\/p>\n","protected":false},"excerpt":{"rendered":"<p>Z pap\u00edrov\u00fdch ruli\u010dek m\u016f\u017ee b\u00fdt skv\u011bl\u00fd materi\u00e1l pro vyr\u00e1b\u011bn\u00ed, proto by byla nesm\u00edrn\u00e1 \u0161koda je vyhazovat do ko\u0161e. Chcete si vyrobit sv\u00e9 obl\u00edben\u00e9 zv\u00ed\u0159\u00e1tko? Nebo snad girlandu z raket na [&hellip;]<\/p>\n","protected":false},"featured_media":0,"comment_status":"closed","ping_status":"open","template":"","meta":{"_acf_changed":false,"_monsterinsights_skip_tracking":false,"_monsterinsights_sitenote_active":false,"_monsterinsights_sitenote_note":"","_monsterinsights_sitenote_category":0,"_EventAllDay":false,"_EventTimezone":"","_EventStartDate":"","_EventEndDate":"","_EventStartDateUTC":"","_EventEndDateUTC":"","_EventShowMap":false,"_EventShowMapLink":false,"_EventURL":"","_EventCost":"","_EventCostDescription":"","_EventCurrencySymbol":"","_EventCurrencyCode":"","_EventCurrencyPosition":"","_EventDateTimeSeparator":"","_EventTimeRangeSeparator":"","_EventOrganizerID":[],"_EventVenueID":[],"_OrganizerEmail":"","_OrganizerPhone":"","_OrganizerWebsite":"","_VenueAddress":"","_VenueCity":"","_VenueCountry":"","_VenueProvince":"","_VenueState":"","_VenueZip":"","_VenuePhone":"","_VenueURL":"","_VenueStateProvince":"","_VenueLat":"","_VenueLng":"","_VenueShowMap":false,"_VenueShowMapLink":false,"twitterCardType":"","cardImageID":0,"cardImage":"","cardTitle":"","cardDesc":"","cardImageAlt":"","cardPlayer":"","cardPlayerWidth":0,"cardPlayerHeight":0,"cardPlayerStream":"","cardPlayerCodec":""},"product_cat":[],"product_tag":[],"class_list":["post-78745","product","type-product","status-publish","hentry"],"acf":{"description":"Z pap\u00edrov\u00fdch ruli\u010dek m\u016f\u017ee b\u00fdt skv\u011bl\u00fd materi\u00e1l pro vyr\u00e1b\u011bn\u00ed, proto by byla nesm\u00edrn\u00e1 \u0161koda je vyhazovat do ko\u0161e. Chcete si vyrobit sv\u00e9 obl\u00edben\u00e9 zv\u00ed\u0159\u00e1tko? Nebo snad girlandu z raket na narozeninovou p\u00e1rty? Sta\u010d\u00ed p\u00e1r tah\u016f \u0161t\u011btcem, kousek l\u00e1tky nebo barevn\u00e9ho pap\u00edru, nalepit p\u00e1r dopl\u0148k\u016f a ruli\u010dky se jako z\u00e1zrakem prom\u011bn\u00ed v rychl\u00e9 k\u00e1ry, n\u00e1dhern\u00e9 n\u00e1ramky nebo neboj\u00e1cn\u00e9 li\u0161ky. V knize najdete na 70 model\u016f k vyr\u00e1b\u011bn\u00ed i ke hran\u00ed.","item_id":"LX1623668","productname":"TOPP Tvo\u0159\u00edme z pap\u00edrov\u00fdch ruli\u010dek - Skv\u011bl\u00e9 n\u00e1pady z ruli\u010dek od toaletn\u00edho pap\u00edru","product":"TOPP Tvo\u0159\u00edme z pap\u00edrov\u00fdch ruli\u010dek - Skv\u011bl\u00e9 n\u00e1pady z ruli\u010dek od toaletn\u00edho pap\u00edru","url":"https:\/\/www.luxor.cz\/v\/1623668\/topp-tvorime-z-papirovych-rulicek-skvele-napady-z-rulicek-od-toaletniho-papiru","imgurl":"https:\/\/img.luxor.cz\/orig\/produkty\/9788088036357.jpg","price_vat":"178.00","margin":"","vat":"","paramname1":"","paramval1":"","paramname2":"","paramval2":"","paramname3":"","paramval3":"","paramname4":"","paramval4":"","paramname5":"","paramval5":"","paramname6":"","paramval6":"","paramname7":"","paramval7":"","paramname8":"","paramval8":"","paramname9":"","paramval9":"","paramname10":"","paramval10":"","ean":"9788088036357","manufacturer":"Bookmedia","categorytext":""},"_links":{"self":[{"href":"https:\/\/www.luxor.cz\/blog\/wp-json\/wp\/v2\/product\/78745","targetHints":{"allow":["GET"]}}],"collection":[{"href":"https:\/\/www.luxor.cz\/blog\/wp-json\/wp\/v2\/product"}],"about":[{"href":"https:\/\/www.luxor.cz\/blog\/wp-json\/wp\/v2\/types\/product"}],"replies":[{"embeddable":true,"href":"https:\/\/www.luxor.cz\/blog\/wp-json\/wp\/v2\/comments?post=78745"}],"wp:attachment":[{"href":"https:\/\/www.luxor.cz\/blog\/wp-json\/wp\/v2\/media?parent=78745"}],"wp:term":[{"taxonomy":"product_cat","embeddable":true,"href":"https:\/\/www.luxor.cz\/blog\/wp-json\/wp\/v2\/product_cat?post=78745"},{"taxonomy":"product_tag","embeddable":true,"href":"https:\/\/www.luxor.cz\/blog\/wp-json\/wp\/v2\/product_tag?post=78745"}],"curies":[{"name":"wp","href":"https:\/\/api.w.org\/{rel}","templated":true}]}}