{"id":78497,"date":"2023-08-14T11:33:30","date_gmt":"2023-08-14T09:33:30","guid":{"rendered":"https:\/\/www.luxor.cz\/blog\/produkt\/cd-konec-prokrastinace\/"},"modified":"2023-08-14T11:33:35","modified_gmt":"2023-08-14T09:33:35","slug":"cd-konec-prokrastinace","status":"publish","type":"product","link":"https:\/\/www.luxor.cz\/blog\/produkt\/cd-konec-prokrastinace\/","title":{"rendered":"CD Konec prokrastinace"},"content":{"rendered":"<p>Petr Ludwig v p\u016fvodn\u00ed \u010desk\u00e9 publikaci op\u00edraj\u00edc\u00ed se o posledn\u00ed v\u011bdeck\u00e9 v\u00fdzkumy sv\u011btov\u00fdch univerzit z oblasti lidsk\u00e9ho rozhodov\u00e1n\u00ed, motivace a produktivity p\u0159in\u00e1\u0161\u00ed odpov\u011b\u010f na ot\u00e1zku, kterou si klade ka\u017ed\u00fd z n\u00e1s: Jak z toho ven? Jak b\u00fdt produktivn\u011bj\u0161\u00ed bez v\u011bt\u0161\u00ed \u00fanavy? Jak za\u010d\u00edt vyu\u017e\u00edvat n\u00e1\u0161 \u010das efektivn\u011bji? Jak pro\u017e\u00edt ka\u017ed\u00fd den naplno? \u0158\u00edman Seneca ve sv\u00e9m slavn\u00e9m cit\u00e1tu \u0159ekl: \u201eZat\u00edmco ztr\u00e1c\u00edme sv\u016fj \u010das v\u00e1h\u00e1n\u00edm a odkl\u00e1d\u00e1n\u00edm, \u017eivot ut\u00edk\u00e1.\u201d<\/p>\n<p>Tato kniha v\u00e1m pom\u016f\u017ee s v\u00e1h\u00e1n\u00edm a odkl\u00e1d\u00e1n\u00edm dlouhodob\u011b bojovat a zlep\u0161\u00ed va\u0161i schopnost vyu\u017e\u00edvat \u010das smyslupln\u011bji. J\u00e1drem knihy je osm praktick\u00fdch n\u00e1stroj\u016f osobn\u00edho rozvoje, kter\u00e9 v\u00e1m pomohou nad prokrastinac\u00ed vyhr\u00e1vat ka\u017ed\u00fd den.<\/p>\n<p>Konec prokrastinace pat\u0159\u00ed s 80 tis\u00edci prodan\u00fdmi v\u00fdtisky mezi nejobl\u00edben\u011bj\u0161\u00ed sou\u010dasn\u00e9 \u010desk\u00e9 knihy. P\u0159elo\u017eena byla do angli\u010dtiny, n\u011bm\u010diny, francouz\u0161tiny, ru\u0161tiny a dal\u0161\u00edch jazyk\u016f.<\/p>\n<p>Co se dozv\u00edte:<br \/>\nCo dnes v\u011bda v\u00ed o tom, pro\u010d v\u011bci odkl\u00e1d\u00e1me, jsme nerozhodn\u00ed a neefektivn\u00ed.<br \/>\nJak sebe motivovat tak, aby n\u00e1s pr\u00e1ce bavila, napl\u0148ovala, a p\u0159esto n\u00e1s m\u00e9n\u011b unavovala.<br \/>\nJak se zbavit z\u00e1vislosti na nebezpe\u010dn\u00e9 vn\u011bj\u0161\u00ed motivaci.<br \/>\nJak se nest\u00e1t c\u00edlov\u00fdmi fe\u0165\u00e1ky, lidmi, kte\u0159\u00ed jsou z\u00e1visl\u00ed na dosahov\u00e1n\u00ed st\u00e1le v\u011bt\u0161\u00edch c\u00edl\u016f.<br \/>\nJak l\u00e9pe motivovat a inspirovat bl\u00edzk\u00e9, klienty nebo kolegy. &#8212;- Jak se zbavit \u0161patn\u00fdch n\u00e1vyk\u016f s minim\u00e1ln\u00edm rizikem jejich n\u00e1vratu.<br \/>\nJak si na libovoln\u011b dlouhou dobu osvojit nov\u00e9 n\u00e1vyky a co d\u011blat, kdy\u017e n\u00e1vyk p\u0159eru\u0161\u00edme.<br \/>\nJak pracovat s v\u0161udyp\u0159\u00edtomnou rozhodovac\u00ed paral\u00fdzou a vlastn\u00ed neobjektivitou.<br \/>\nJak si zorganizovat ka\u017ed\u00fd den a cel\u00fd \u017eivot tak, abychom d\u011blali na prvn\u00edm m\u00edst\u011b to, co m\u00e1 pro n\u00e1s opravdov\u00fd smysl.<\/p>\n<p>Obsah audioknihy:<br \/>\n01 &#8211; P\u0159edmluva a slovo autora<br \/>\n02 &#8211; \u00davod<br \/>\n03 &#8211; Motivace<br \/>\n04 &#8211; Akceschopnost<br \/>\n05 &#8211; V\u00fdstupy<br \/>\n06 &#8211; Objektivita<br \/>\n07 &#8211; Z\u00e1v\u011br<br \/>\n08 &#8211; Pod\u011bkov\u00e1n\u00ed<\/p>\n<p>Celkov\u00fd \u010das: 3 hodiny 31 minut<\/p>\n","protected":false},"excerpt":{"rendered":"<p>Petr Ludwig v p\u016fvodn\u00ed \u010desk\u00e9 publikaci op\u00edraj\u00edc\u00ed se o posledn\u00ed v\u011bdeck\u00e9 v\u00fdzkumy sv\u011btov\u00fdch univerzit z oblasti lidsk\u00e9ho rozhodov\u00e1n\u00ed, motivace a produktivity p\u0159in\u00e1\u0161\u00ed odpov\u011b\u010f na ot\u00e1zku, kterou si klade ka\u017ed\u00fd z [&hellip;]<\/p>\n","protected":false},"featured_media":0,"comment_status":"closed","ping_status":"open","template":"","meta":{"_acf_changed":false,"_monsterinsights_skip_tracking":false,"_monsterinsights_sitenote_active":false,"_monsterinsights_sitenote_note":"","_monsterinsights_sitenote_category":0,"_EventAllDay":false,"_EventTimezone":"","_EventStartDate":"","_EventEndDate":"","_EventStartDateUTC":"","_EventEndDateUTC":"","_EventShowMap":false,"_EventShowMapLink":false,"_EventURL":"","_EventCost":"","_EventCostDescription":"","_EventCurrencySymbol":"","_EventCurrencyCode":"","_EventCurrencyPosition":"","_EventDateTimeSeparator":"","_EventTimeRangeSeparator":"","_EventOrganizerID":[],"_EventVenueID":[],"_OrganizerEmail":"","_OrganizerPhone":"","_OrganizerWebsite":"","_VenueAddress":"","_VenueCity":"","_VenueCountry":"","_VenueProvince":"","_VenueState":"","_VenueZip":"","_VenuePhone":"","_VenueURL":"","_VenueStateProvince":"","_VenueLat":"","_VenueLng":"","_VenueShowMap":false,"_VenueShowMapLink":false,"twitterCardType":"","cardImageID":0,"cardImage":"","cardTitle":"","cardDesc":"","cardImageAlt":"","cardPlayer":"","cardPlayerWidth":0,"cardPlayerHeight":0,"cardPlayerStream":"","cardPlayerCodec":""},"product_cat":[],"product_tag":[],"class_list":["post-78497","product","type-product","status-publish","hentry"],"acf":{"description":"Petr Ludwig v p\u016fvodn\u00ed \u010desk\u00e9 publikaci op\u00edraj\u00edc\u00ed se o posledn\u00ed v\u011bdeck\u00e9 v\u00fdzkumy sv\u011btov\u00fdch univerzit z oblasti lidsk\u00e9ho rozhodov\u00e1n\u00ed, motivace a produktivity p\u0159in\u00e1\u0161\u00ed odpov\u011b\u010f na ot\u00e1zku, kterou si klade ka\u017ed\u00fd z n\u00e1s: Jak z toho ven? Jak b\u00fdt produktivn\u011bj\u0161\u00ed bez v\u011bt\u0161\u00ed \u00fanavy? Jak za\u010d\u00edt vyu\u017e\u00edvat n\u00e1\u0161 \u010das efektivn\u011bji? Jak pro\u017e\u00edt ka\u017ed\u00fd den naplno? \u0158\u00edman Seneca ve sv\u00e9m slavn\u00e9m cit\u00e1tu \u0159ekl: \u201eZat\u00edmco ztr\u00e1c\u00edme sv\u016fj \u010das v\u00e1h\u00e1n\u00edm a odkl\u00e1d\u00e1n\u00edm, \u017eivot ut\u00edk\u00e1.\u201d\n\nTato kniha v\u00e1m pom\u016f\u017ee s v\u00e1h\u00e1n\u00edm a odkl\u00e1d\u00e1n\u00edm dlouhodob\u011b bojovat a zlep\u0161\u00ed va\u0161i schopnost vyu\u017e\u00edvat \u010das smyslupln\u011bji. J\u00e1drem knihy je osm praktick\u00fdch n\u00e1stroj\u016f osobn\u00edho rozvoje, kter\u00e9 v\u00e1m pomohou nad prokrastinac\u00ed vyhr\u00e1vat ka\u017ed\u00fd den.\n\nKonec prokrastinace pat\u0159\u00ed s 80 tis\u00edci prodan\u00fdmi v\u00fdtisky mezi nejobl\u00edben\u011bj\u0161\u00ed sou\u010dasn\u00e9 \u010desk\u00e9 knihy. P\u0159elo\u017eena byla do angli\u010dtiny, n\u011bm\u010diny, francouz\u0161tiny, ru\u0161tiny a dal\u0161\u00edch jazyk\u016f.\n\nCo se dozv\u00edte:\nCo dnes v\u011bda v\u00ed o tom, pro\u010d v\u011bci odkl\u00e1d\u00e1me, jsme nerozhodn\u00ed a neefektivn\u00ed.\nJak sebe motivovat tak, aby n\u00e1s pr\u00e1ce bavila, napl\u0148ovala, a p\u0159esto n\u00e1s m\u00e9n\u011b unavovala.\nJak se zbavit z\u00e1vislosti na nebezpe\u010dn\u00e9 vn\u011bj\u0161\u00ed motivaci.\nJak se nest\u00e1t c\u00edlov\u00fdmi fe\u0165\u00e1ky, lidmi, kte\u0159\u00ed jsou z\u00e1visl\u00ed na dosahov\u00e1n\u00ed st\u00e1le v\u011bt\u0161\u00edch c\u00edl\u016f.\nJak l\u00e9pe motivovat a inspirovat bl\u00edzk\u00e9, klienty nebo kolegy. ---- Jak se zbavit \u0161patn\u00fdch n\u00e1vyk\u016f s minim\u00e1ln\u00edm rizikem jejich n\u00e1vratu.\nJak si na libovoln\u011b dlouhou dobu osvojit nov\u00e9 n\u00e1vyky a co d\u011blat, kdy\u017e n\u00e1vyk p\u0159eru\u0161\u00edme.\nJak pracovat s v\u0161udyp\u0159\u00edtomnou rozhodovac\u00ed paral\u00fdzou a vlastn\u00ed neobjektivitou.\nJak si zorganizovat ka\u017ed\u00fd den a cel\u00fd \u017eivot tak, abychom d\u011blali na prvn\u00edm m\u00edst\u011b to, co m\u00e1 pro n\u00e1s opravdov\u00fd smysl.\n\nObsah audioknihy:\n01 - P\u0159edmluva a slovo autora\n02 - \u00davod\n03 - Motivace\n04 - Akceschopnost\n05 - V\u00fdstupy\n06 - Objektivita\n07 - Z\u00e1v\u011br\n08 - Pod\u011bkov\u00e1n\u00ed\n\nCelkov\u00fd \u010das: 3 hodiny 31 minut","item_id":"LX1616647","productname":"CD Konec prokrastinace","product":"CD Konec prokrastinace","url":"https:\/\/www.luxor.cz\/v\/1616647\/cd-konec-prokrastinace","imgurl":"https:\/\/img.luxor.cz\/orig\/produkty\/9788075550903.jpg","price_vat":"357.00","margin":"","vat":"","paramname1":"","paramval1":"","paramname2":"","paramval2":"","paramname3":"","paramval3":"","paramname4":"","paramval4":"","paramname5":"","paramval5":"","paramname6":"","paramval6":"","paramname7":"","paramval7":"","paramname8":"","paramval8":"","paramname9":"","paramval9":"","paramname10":"","paramval10":"","ean":"9788075550903","manufacturer":"Jan Melvil Publishing","categorytext":""},"_links":{"self":[{"href":"https:\/\/www.luxor.cz\/blog\/wp-json\/wp\/v2\/product\/78497","targetHints":{"allow":["GET"]}}],"collection":[{"href":"https:\/\/www.luxor.cz\/blog\/wp-json\/wp\/v2\/product"}],"about":[{"href":"https:\/\/www.luxor.cz\/blog\/wp-json\/wp\/v2\/types\/product"}],"replies":[{"embeddable":true,"href":"https:\/\/www.luxor.cz\/blog\/wp-json\/wp\/v2\/comments?post=78497"}],"wp:attachment":[{"href":"https:\/\/www.luxor.cz\/blog\/wp-json\/wp\/v2\/media?parent=78497"}],"wp:term":[{"taxonomy":"product_cat","embeddable":true,"href":"https:\/\/www.luxor.cz\/blog\/wp-json\/wp\/v2\/product_cat?post=78497"},{"taxonomy":"product_tag","embeddable":true,"href":"https:\/\/www.luxor.cz\/blog\/wp-json\/wp\/v2\/product_tag?post=78497"}],"curies":[{"name":"wp","href":"https:\/\/api.w.org\/{rel}","templated":true}]}}