{"id":77549,"date":"2023-08-14T11:28:41","date_gmt":"2023-08-14T09:28:41","guid":{"rendered":"https:\/\/www.luxor.cz\/blog\/produkt\/historicka-mapa-100-let-vzniku-ceskoslovenska-1918-2018\/"},"modified":"2023-08-14T11:28:44","modified_gmt":"2023-08-14T09:28:44","slug":"historicka-mapa-100-let-vzniku-ceskoslovenska-1918-2018","status":"publish","type":"product","link":"https:\/\/www.luxor.cz\/blog\/produkt\/historicka-mapa-100-let-vzniku-ceskoslovenska-1918-2018\/","title":{"rendered":"Historick\u00e1 mapa 100 let vzniku \u010ceskoslovenska 1918 \u2013 2018"},"content":{"rendered":"<p>Kr\u00e1sn\u00e1 historick\u00e1 mapa k v\u00fdro\u010d\u00ed 100 let od vzniku samostatn\u00e9ho<br \/>\n\u010ceskoslovenska, kter\u00e1 pot\u011b\u0161\u00ed nejen milovn\u00edky na\u0161\u00ed historie.<br \/>\nZ\u00e1kladem tohoto exkluzivn\u00edho d\u00edla je historick\u00e1 mapa \u010ceskoslovensk\u00e9<br \/>\nrepubliky z roku 1918 &#8211; 1920, obklopen\u00e1 atraktivn\u011b pojat\u00fdmi<br \/>\nvzd\u011bl\u00e1vac\u00edmi prvky, jako je nap\u0159\u00edklad seznamy prezident\u016f, v\u00fdvoj<br \/>\nm\u011bny, st\u00e1tn\u00edch symbol\u016f a hranic republiky.<\/p>\n<p>Na p\u0159edn\u00ed stran\u011b mapy je historick\u00e1 mapa spolu s P\u0159\u00edb\u011bhem<br \/>\n\u010ceskoslovenska, kde se do\u010dtete informace o stolet\u00e9 historii<br \/>\n\u010ceskoslovenska. Mapu dopl\u0148uj\u00ed portr\u00e9ty v\u0161ech prezident\u016f, st\u00e1tn\u00edch<br \/>\nznak\u016f, bankovek a map s v\u00fdvojem na\u0161eho \u00fazem\u00ed od roku 1918 do<br \/>\nsou\u010dasnosti.<\/p>\n<p>Na zadn\u00ed stran\u011b mapy jsou malovan\u00e9 sou\u010dasn\u00e9 mapy \u010cesk\u00e9 a Slovensk\u00e9<br \/>\nrepubliky s malovan\u00fdmi dominantami ka\u017ed\u00e9 zem\u011b a informacemi o<br \/>\njejich sou\u010dasnosti.<br \/>\n&nbsp;<\/p>\n","protected":false},"excerpt":{"rendered":"<p>Kr\u00e1sn\u00e1 historick\u00e1 mapa k v\u00fdro\u010d\u00ed 100 let od vzniku samostatn\u00e9ho \u010ceskoslovenska, kter\u00e1 pot\u011b\u0161\u00ed nejen milovn\u00edky na\u0161\u00ed historie. Z\u00e1kladem tohoto exkluzivn\u00edho d\u00edla je historick\u00e1 mapa \u010ceskoslovensk\u00e9 republiky z roku 1918 &#8211; [&hellip;]<\/p>\n","protected":false},"featured_media":0,"comment_status":"closed","ping_status":"open","template":"","meta":{"_acf_changed":false,"_monsterinsights_skip_tracking":false,"_monsterinsights_sitenote_active":false,"_monsterinsights_sitenote_note":"","_monsterinsights_sitenote_category":0,"_EventAllDay":false,"_EventTimezone":"","_EventStartDate":"","_EventEndDate":"","_EventStartDateUTC":"","_EventEndDateUTC":"","_EventShowMap":false,"_EventShowMapLink":false,"_EventURL":"","_EventCost":"","_EventCostDescription":"","_EventCurrencySymbol":"","_EventCurrencyCode":"","_EventCurrencyPosition":"","_EventDateTimeSeparator":"","_EventTimeRangeSeparator":"","_EventOrganizerID":[],"_EventVenueID":[],"_OrganizerEmail":"","_OrganizerPhone":"","_OrganizerWebsite":"","_VenueAddress":"","_VenueCity":"","_VenueCountry":"","_VenueProvince":"","_VenueState":"","_VenueZip":"","_VenuePhone":"","_VenueURL":"","_VenueStateProvince":"","_VenueLat":"","_VenueLng":"","_VenueShowMap":false,"_VenueShowMapLink":false,"twitterCardType":"","cardImageID":0,"cardImage":"","cardTitle":"","cardDesc":"","cardImageAlt":"","cardPlayer":"","cardPlayerWidth":0,"cardPlayerHeight":0,"cardPlayerStream":"","cardPlayerCodec":""},"product_cat":[],"product_tag":[],"class_list":["post-77549","product","type-product","status-publish","hentry"],"acf":{"description":"Kr\u00e1sn\u00e1 historick\u00e1 mapa k v\u00fdro\u010d\u00ed 100 let od vzniku samostatn\u00e9ho\n\u010ceskoslovenska, kter\u00e1 pot\u011b\u0161\u00ed nejen milovn\u00edky na\u0161\u00ed historie.\nZ\u00e1kladem tohoto exkluzivn\u00edho d\u00edla je historick\u00e1 mapa \u010ceskoslovensk\u00e9\nrepubliky z roku 1918 - 1920, obklopen\u00e1 atraktivn\u011b pojat\u00fdmi\nvzd\u011bl\u00e1vac\u00edmi prvky, jako je nap\u0159\u00edklad seznamy prezident\u016f, v\u00fdvoj\nm\u011bny, st\u00e1tn\u00edch symbol\u016f a hranic republiky.\n\nNa p\u0159edn\u00ed stran\u011b mapy je historick\u00e1 mapa spolu s P\u0159\u00edb\u011bhem\n\u010ceskoslovenska, kde se do\u010dtete informace o stolet\u00e9 historii\n\u010ceskoslovenska. Mapu dopl\u0148uj\u00ed portr\u00e9ty v\u0161ech prezident\u016f, st\u00e1tn\u00edch\nznak\u016f, bankovek a map s v\u00fdvojem na\u0161eho \u00fazem\u00ed od roku 1918 do\nsou\u010dasnosti.\n\nNa zadn\u00ed stran\u011b mapy jsou malovan\u00e9 sou\u010dasn\u00e9 mapy \u010cesk\u00e9 a Slovensk\u00e9\nrepubliky s malovan\u00fdmi dominantami ka\u017ed\u00e9 zem\u011b a informacemi o\njejich sou\u010dasnosti.\n&nbsp;","item_id":"LX1617751","productname":"Historick\u00e1 mapa 100 let vzniku \u010ceskoslovenska 1918 \u2013 2018","product":"Historick\u00e1 mapa 100 let vzniku \u010ceskoslovenska 1918 \u2013 2018","url":"https:\/\/www.luxor.cz\/v\/1617751\/historicka-mapa-100-let-vzniku-ceskoslovenska-1918-2018","imgurl":"https:\/\/img.luxor.cz\/orig\/produkty\/9788081441998.jpg","price_vat":"127.00","margin":"","vat":"","paramname1":"","paramval1":"","paramname2":"","paramval2":"","paramname3":"","paramval3":"","paramname4":"","paramval4":"","paramname5":"","paramval5":"","paramname6":"","paramval6":"","paramname7":"","paramval7":"","paramname8":"","paramval8":"","paramname9":"","paramval9":"","paramname10":"","paramval10":"","ean":"9788081441998","manufacturer":"CBS","categorytext":""},"_links":{"self":[{"href":"https:\/\/www.luxor.cz\/blog\/wp-json\/wp\/v2\/product\/77549","targetHints":{"allow":["GET"]}}],"collection":[{"href":"https:\/\/www.luxor.cz\/blog\/wp-json\/wp\/v2\/product"}],"about":[{"href":"https:\/\/www.luxor.cz\/blog\/wp-json\/wp\/v2\/types\/product"}],"replies":[{"embeddable":true,"href":"https:\/\/www.luxor.cz\/blog\/wp-json\/wp\/v2\/comments?post=77549"}],"wp:attachment":[{"href":"https:\/\/www.luxor.cz\/blog\/wp-json\/wp\/v2\/media?parent=77549"}],"wp:term":[{"taxonomy":"product_cat","embeddable":true,"href":"https:\/\/www.luxor.cz\/blog\/wp-json\/wp\/v2\/product_cat?post=77549"},{"taxonomy":"product_tag","embeddable":true,"href":"https:\/\/www.luxor.cz\/blog\/wp-json\/wp\/v2\/product_tag?post=77549"}],"curies":[{"name":"wp","href":"https:\/\/api.w.org\/{rel}","templated":true}]}}