{"id":77345,"date":"2023-08-14T11:27:44","date_gmt":"2023-08-14T09:27:44","guid":{"rendered":"https:\/\/www.luxor.cz\/blog\/produkt\/pet-elementu-zakladni-vysvetleni\/"},"modified":"2023-08-14T11:27:46","modified_gmt":"2023-08-14T09:27:46","slug":"pet-elementu-zakladni-vysvetleni","status":"publish","type":"product","link":"https:\/\/www.luxor.cz\/blog\/produkt\/pet-elementu-zakladni-vysvetleni\/","title":{"rendered":"P\u011bt element\u016f &#8211; Z\u00e1kladn\u00ed vysv\u011btlen\u00ed"},"content":{"rendered":"<p>Teorie p\u011bti element\u016f p\u0159edstavuje jednu ze z\u00e1kladn\u00edch sou\u010d\u00e1st\u00ed \u010d\u00ednsk\u00e9 filozofie a tradi\u010dn\u00ed \u010d\u00ednsk\u00e9 medic\u00edny (T\u010cM). Souhra element\u016f kov, voda, d\u0159evo, ohe\u0148 a zem\u011b ur\u010duje t\u00e9m\u011b\u0159 v\u0161echny projevy jak na t\u011blesn\u00e9, tak na du\u0161evn\u00ed \u00farovni. Toto z\u00e1kladn\u00ed d\u00edlo v\u00e1s srozumiteln\u011b, a p\u0159esto zevrubn\u011b uvede do teorie. P\u0159\u00edru\u010dka vznikla na z\u00e1klad\u011b dlouholet\u00fdch praktick\u00fdch zku\u0161enost\u00ed a obs\u00e1hle osv\u011btluje komplexn\u00ed vztahy mezi elementy, meridi\u00e1ny, smysly, barvami, povahov\u00fdmi rysy, znamen\u00edmi \u010d\u00ednsk\u00e9ho horoskopu a mo\u017en\u00fdmi t\u011blesn\u00fdmi i du\u0161evn\u00edmi probl\u00e9my. S pomoc\u00ed tabulek ur\u010den\u00fdch k sebeanal\u00fdze velmi jednodu\u0161e zjist\u00edte, ve kter\u00e9 oblasti se va\u0161e energie nach\u00e1zej\u00ed v nerovnov\u00e1ze. Budete si tak schopn\u00ed pos\u00edlit vlastn\u00ed zdrav\u00ed i sebejistotu a z\u00edsk\u00e1te tak\u00e9 hlubok\u00fd vhled do sv\u00e9 moment\u00e1ln\u00ed situace.<\/p>\n<p>\u00daryvek: Ka\u017ed\u00fd \u010dlov\u011bk v sob\u011b ukr\u00fdv\u00e1 charakterov\u00e9 rysy v\u0161ech p\u011bti element\u016f. Lid\u00e9 s ur\u010dit\u00fdm vztahem k elementu kovu zauj\u00edmaj\u00ed k vlastn\u00ed osobnosti celkov\u011b pozitivn\u00ed postoj. Jestli\u017ee jsou energeticky vyrovnan\u00ed, vyza\u0159uj\u00ed klid. \u201eKovov\u00ed\u201c lid\u00e9 jsou ve chv\u00edl\u00edch, kdy je nutn\u00ed sn\u00e1\u0161et utrpen\u00ed, siln\u00ed a unesou toho v\u00fdrazn\u011b v\u00edce ne\u017e lid\u00e9 ovlivn\u011bn\u00ed jin\u00fdmi elementy. Vych\u00fdl\u00ed-li se ov\u0161em energetick\u00e9 pom\u011bry z rovnov\u00e1\u017en\u00e9ho stavu, m\u00edra schopnosti sn\u00e1\u0161et utrpen\u00ed se klesne a vl\u00e1du p\u0159evezmou pocity vlastn\u00ed nedostate\u010dnosti \u010di strachu ze ztr\u00e1ty. Dlouhodob\u00e9 stavy melancholie a nep\u0159ekonan\u00fd smutek mnohdy b\u00fdvaj\u00ed dokonce spou\u0161t\u011b\u010dem nemoci. Po t\u011blesn\u00e9 str\u00e1nce uveden\u00e1 emoce oslabuje p\u0159edev\u0161\u00edm pl\u00edce, vzniknout m\u016f\u017eou ale tak\u00e9 deformace v oblasti hrudn\u00ed p\u00e1te\u0159e.<\/p>\n","protected":false},"excerpt":{"rendered":"<p>Teorie p\u011bti element\u016f p\u0159edstavuje jednu ze z\u00e1kladn\u00edch sou\u010d\u00e1st\u00ed \u010d\u00ednsk\u00e9 filozofie a tradi\u010dn\u00ed \u010d\u00ednsk\u00e9 medic\u00edny (T\u010cM). Souhra element\u016f kov, voda, d\u0159evo, ohe\u0148 a zem\u011b ur\u010duje t\u00e9m\u011b\u0159 v\u0161echny projevy jak na t\u011blesn\u00e9, [&hellip;]<\/p>\n","protected":false},"featured_media":0,"comment_status":"closed","ping_status":"open","template":"","meta":{"_acf_changed":false,"_monsterinsights_skip_tracking":false,"_monsterinsights_sitenote_active":false,"_monsterinsights_sitenote_note":"","_monsterinsights_sitenote_category":0,"_EventAllDay":false,"_EventTimezone":"","_EventStartDate":"","_EventEndDate":"","_EventStartDateUTC":"","_EventEndDateUTC":"","_EventShowMap":false,"_EventShowMapLink":false,"_EventURL":"","_EventCost":"","_EventCostDescription":"","_EventCurrencySymbol":"","_EventCurrencyCode":"","_EventCurrencyPosition":"","_EventDateTimeSeparator":"","_EventTimeRangeSeparator":"","_EventOrganizerID":[],"_EventVenueID":[],"_OrganizerEmail":"","_OrganizerPhone":"","_OrganizerWebsite":"","_VenueAddress":"","_VenueCity":"","_VenueCountry":"","_VenueProvince":"","_VenueState":"","_VenueZip":"","_VenuePhone":"","_VenueURL":"","_VenueStateProvince":"","_VenueLat":"","_VenueLng":"","_VenueShowMap":false,"_VenueShowMapLink":false,"twitterCardType":"","cardImageID":0,"cardImage":"","cardTitle":"","cardDesc":"","cardImageAlt":"","cardPlayer":"","cardPlayerWidth":0,"cardPlayerHeight":0,"cardPlayerStream":"","cardPlayerCodec":""},"product_cat":[],"product_tag":[],"class_list":["post-77345","product","type-product","status-publish","hentry"],"acf":{"description":"Teorie p\u011bti element\u016f p\u0159edstavuje jednu ze z\u00e1kladn\u00edch sou\u010d\u00e1st\u00ed \u010d\u00ednsk\u00e9 filozofie a tradi\u010dn\u00ed \u010d\u00ednsk\u00e9 medic\u00edny (T\u010cM). Souhra element\u016f kov, voda, d\u0159evo, ohe\u0148 a zem\u011b ur\u010duje t\u00e9m\u011b\u0159 v\u0161echny projevy jak na t\u011blesn\u00e9, tak na du\u0161evn\u00ed \u00farovni. Toto z\u00e1kladn\u00ed d\u00edlo v\u00e1s srozumiteln\u011b, a p\u0159esto zevrubn\u011b uvede do teorie. P\u0159\u00edru\u010dka vznikla na z\u00e1klad\u011b dlouholet\u00fdch praktick\u00fdch zku\u0161enost\u00ed a obs\u00e1hle osv\u011btluje komplexn\u00ed vztahy mezi elementy, meridi\u00e1ny, smysly, barvami, povahov\u00fdmi rysy, znamen\u00edmi \u010d\u00ednsk\u00e9ho horoskopu a mo\u017en\u00fdmi t\u011blesn\u00fdmi i du\u0161evn\u00edmi probl\u00e9my. S pomoc\u00ed tabulek ur\u010den\u00fdch k sebeanal\u00fdze velmi jednodu\u0161e zjist\u00edte, ve kter\u00e9 oblasti se va\u0161e energie nach\u00e1zej\u00ed v nerovnov\u00e1ze. Budete si tak schopn\u00ed pos\u00edlit vlastn\u00ed zdrav\u00ed i sebejistotu a z\u00edsk\u00e1te tak\u00e9 hlubok\u00fd vhled do sv\u00e9 moment\u00e1ln\u00ed situace.\n\n \n\n\u00daryvek: Ka\u017ed\u00fd \u010dlov\u011bk v sob\u011b ukr\u00fdv\u00e1 charakterov\u00e9 rysy v\u0161ech p\u011bti element\u016f. Lid\u00e9 s ur\u010dit\u00fdm vztahem k elementu kovu zauj\u00edmaj\u00ed k vlastn\u00ed osobnosti celkov\u011b pozitivn\u00ed postoj. Jestli\u017ee jsou energeticky vyrovnan\u00ed, vyza\u0159uj\u00ed klid. \u201eKovov\u00ed\u201c lid\u00e9 jsou ve chv\u00edl\u00edch, kdy je nutn\u00ed sn\u00e1\u0161et utrpen\u00ed, siln\u00ed a unesou toho v\u00fdrazn\u011b v\u00edce ne\u017e lid\u00e9 ovlivn\u011bn\u00ed jin\u00fdmi elementy. Vych\u00fdl\u00ed-li se ov\u0161em energetick\u00e9 pom\u011bry z rovnov\u00e1\u017en\u00e9ho stavu, m\u00edra schopnosti sn\u00e1\u0161et utrpen\u00ed se klesne a vl\u00e1du p\u0159evezmou pocity vlastn\u00ed nedostate\u010dnosti \u010di strachu ze ztr\u00e1ty. Dlouhodob\u00e9 stavy melancholie a nep\u0159ekonan\u00fd smutek mnohdy b\u00fdvaj\u00ed dokonce spou\u0161t\u011b\u010dem nemoci. Po t\u011blesn\u00e9 str\u00e1nce uveden\u00e1 emoce oslabuje p\u0159edev\u0161\u00edm pl\u00edce, vzniknout m\u016f\u017eou ale tak\u00e9 deformace v oblasti hrudn\u00ed p\u00e1te\u0159e.","item_id":"LX1614947","productname":"P\u011bt element\u016f - Z\u00e1kladn\u00ed vysv\u011btlen\u00ed","product":"P\u011bt element\u016f - Z\u00e1kladn\u00ed vysv\u011btlen\u00ed","url":"https:\/\/www.luxor.cz\/v\/1614947\/pet-elementu-zakladni-vysvetleni","imgurl":"https:\/\/img.luxor.cz\/orig\/produkty\/9788081003264.jpg","price_vat":"222.00","margin":"","vat":"","paramname1":"","paramval1":"","paramname2":"","paramval2":"","paramname3":"","paramval3":"","paramname4":"","paramval4":"","paramname5":"","paramval5":"","paramname6":"","paramval6":"","paramname7":"","paramval7":"","paramname8":"","paramval8":"","paramname9":"","paramval9":"","paramname10":"","paramval10":"","ean":"9788081003264","manufacturer":"Eugenika","categorytext":""},"_links":{"self":[{"href":"https:\/\/www.luxor.cz\/blog\/wp-json\/wp\/v2\/product\/77345","targetHints":{"allow":["GET"]}}],"collection":[{"href":"https:\/\/www.luxor.cz\/blog\/wp-json\/wp\/v2\/product"}],"about":[{"href":"https:\/\/www.luxor.cz\/blog\/wp-json\/wp\/v2\/types\/product"}],"replies":[{"embeddable":true,"href":"https:\/\/www.luxor.cz\/blog\/wp-json\/wp\/v2\/comments?post=77345"}],"wp:attachment":[{"href":"https:\/\/www.luxor.cz\/blog\/wp-json\/wp\/v2\/media?parent=77345"}],"wp:term":[{"taxonomy":"product_cat","embeddable":true,"href":"https:\/\/www.luxor.cz\/blog\/wp-json\/wp\/v2\/product_cat?post=77345"},{"taxonomy":"product_tag","embeddable":true,"href":"https:\/\/www.luxor.cz\/blog\/wp-json\/wp\/v2\/product_tag?post=77345"}],"curies":[{"name":"wp","href":"https:\/\/api.w.org\/{rel}","templated":true}]}}