{"id":77067,"date":"2023-08-14T11:26:20","date_gmt":"2023-08-14T09:26:20","guid":{"rendered":"https:\/\/www.luxor.cz\/blog\/produkt\/barcelona-inspirace-na-cesty\/"},"modified":"2023-08-14T11:26:22","modified_gmt":"2023-08-14T09:26:22","slug":"barcelona-inspirace-na-cesty","status":"publish","type":"product","link":"https:\/\/www.luxor.cz\/blog\/produkt\/barcelona-inspirace-na-cesty\/","title":{"rendered":"Barcelona &#8211; Inspirace na cesty"},"content":{"rendered":"<p>Pr\u016fvodce po Barcelon\u011b v\u00e1s sezn\u00e1m\u00ed v\u00e1s s bohatou histori\u00ed, kulturou a velk\u00fdm mno\u017estv\u00edm pam\u00e1tek, ale pozn\u00e1te tak\u00e9 modern\u00ed tv\u00e1\u0159 m\u011bsta. Barcelona je m\u011bstem m\u00f3dy a um\u011bn\u00ed, ale ur\u010dit\u011b si nenech\u00e1te uj\u00edt ani m\u00edstn\u00ed pl\u00e1\u017ee a sportovn\u00ed aktivity. Pr\u016fvodce dopl\u0148uj\u00ed tipy na v\u00fdlety do okol\u00ed a r\u016fzn\u00e9 zaj\u00edmavosti.<\/p>\n<p>Nezapome\u0148te ochutnat n\u011bkter\u00fd z pokrm\u016f tradi\u010dn\u00ed \u0161pan\u011blsk\u00e9 kuchyn\u011b, pln\u00e9 prvot\u0159\u00eddn\u00edch surovin, pod\u00e1van\u00e9 v doporu\u010den\u00fdch podnic\u00edch a u\u017eijte si tak\u00e9 divok\u00fd no\u010dn\u00ed \u017eivot, kter\u00fd je pro Barcelonu typick\u00fd. Praktick\u00e9 informace v\u00e1m pomohou p\u0159ipravit se na cestu, naj\u00edt ide\u00e1ln\u00ed ubytov\u00e1n\u00ed a p\u0159ibl\u00ed\u017e\u00ed v\u00e1m kulturu a \u017eivotn\u00ed styl Katal\u00e1nc\u016f. Publikace obsahuje mapu Barcelony a okol\u00ed a tak\u00e9 slovn\u00ed\u010dek neju\u017eite\u010dn\u011bj\u0161\u00edch fr\u00e1z\u00ed. Pokud chcete m\u00edt jistotu, \u017ee se zde domluv\u00edte v ka\u017ed\u00e9 situaci, p\u0159ibalte si katal\u00e1nskou konverzaci. Ocen\u00edte ji tak\u00e9 v restauraci nebo p\u0159i seznamov\u00e1n\u00ed.<\/p>\n","protected":false},"excerpt":{"rendered":"<p>Pr\u016fvodce po Barcelon\u011b v\u00e1s sezn\u00e1m\u00ed v\u00e1s s bohatou histori\u00ed, kulturou a velk\u00fdm mno\u017estv\u00edm pam\u00e1tek, ale pozn\u00e1te tak\u00e9 modern\u00ed tv\u00e1\u0159 m\u011bsta. Barcelona je m\u011bstem m\u00f3dy a um\u011bn\u00ed, ale ur\u010dit\u011b si nenech\u00e1te [&hellip;]<\/p>\n","protected":false},"featured_media":0,"comment_status":"closed","ping_status":"open","template":"","meta":{"_acf_changed":false,"_monsterinsights_skip_tracking":false,"_monsterinsights_sitenote_active":false,"_monsterinsights_sitenote_note":"","_monsterinsights_sitenote_category":0,"_EventAllDay":false,"_EventTimezone":"","_EventStartDate":"","_EventEndDate":"","_EventStartDateUTC":"","_EventEndDateUTC":"","_EventShowMap":false,"_EventShowMapLink":false,"_EventURL":"","_EventCost":"","_EventCostDescription":"","_EventCurrencySymbol":"","_EventCurrencyCode":"","_EventCurrencyPosition":"","_EventDateTimeSeparator":"","_EventTimeRangeSeparator":"","_EventOrganizerID":[],"_EventVenueID":[],"_OrganizerEmail":"","_OrganizerPhone":"","_OrganizerWebsite":"","_VenueAddress":"","_VenueCity":"","_VenueCountry":"","_VenueProvince":"","_VenueState":"","_VenueZip":"","_VenuePhone":"","_VenueURL":"","_VenueStateProvince":"","_VenueLat":"","_VenueLng":"","_VenueShowMap":false,"_VenueShowMapLink":false,"twitterCardType":"","cardImageID":0,"cardImage":"","cardTitle":"","cardDesc":"","cardImageAlt":"","cardPlayer":"","cardPlayerWidth":0,"cardPlayerHeight":0,"cardPlayerStream":"","cardPlayerCodec":""},"product_cat":[],"product_tag":[],"class_list":["post-77067","product","type-product","status-publish","hentry"],"acf":{"description":"Pr\u016fvodce po Barcelon\u011b v\u00e1s sezn\u00e1m\u00ed v\u00e1s s bohatou histori\u00ed, kulturou a velk\u00fdm mno\u017estv\u00edm pam\u00e1tek, ale pozn\u00e1te tak\u00e9 modern\u00ed tv\u00e1\u0159 m\u011bsta. Barcelona je m\u011bstem m\u00f3dy a um\u011bn\u00ed, ale ur\u010dit\u011b si nenech\u00e1te uj\u00edt ani m\u00edstn\u00ed pl\u00e1\u017ee a sportovn\u00ed aktivity. Pr\u016fvodce dopl\u0148uj\u00ed tipy na v\u00fdlety do okol\u00ed a r\u016fzn\u00e9 zaj\u00edmavosti.\n\nNezapome\u0148te ochutnat n\u011bkter\u00fd z pokrm\u016f tradi\u010dn\u00ed \u0161pan\u011blsk\u00e9 kuchyn\u011b, pln\u00e9 prvot\u0159\u00eddn\u00edch surovin, pod\u00e1van\u00e9 v doporu\u010den\u00fdch podnic\u00edch a u\u017eijte si tak\u00e9 divok\u00fd no\u010dn\u00ed \u017eivot, kter\u00fd je pro Barcelonu typick\u00fd. Praktick\u00e9 informace v\u00e1m pomohou p\u0159ipravit se na cestu, naj\u00edt ide\u00e1ln\u00ed ubytov\u00e1n\u00ed a p\u0159ibl\u00ed\u017e\u00ed v\u00e1m kulturu a \u017eivotn\u00ed styl Katal\u00e1nc\u016f. Publikace obsahuje mapu Barcelony a okol\u00ed a tak\u00e9 slovn\u00ed\u010dek neju\u017eite\u010dn\u011bj\u0161\u00edch fr\u00e1z\u00ed. Pokud chcete m\u00edt jistotu, \u017ee se zde domluv\u00edte v ka\u017ed\u00e9 situaci, p\u0159ibalte si katal\u00e1nskou konverzaci. Ocen\u00edte ji tak\u00e9 v restauraci nebo p\u0159i seznamov\u00e1n\u00ed.","item_id":"LX1613875","productname":"Barcelona - Inspirace na cesty","product":"Barcelona - Inspirace na cesty","url":"https:\/\/www.luxor.cz\/v\/1613875\/barcelona-inspirace-na-cesty","imgurl":"https:\/\/img.luxor.cz\/orig\/produkty\/9788075084729.jpg","price_vat":"205.00","margin":"","vat":"","paramname1":"","paramval1":"","paramname2":"","paramval2":"","paramname3":"","paramval3":"","paramname4":"","paramval4":"","paramname5":"","paramval5":"","paramname6":"","paramval6":"","paramname7":"","paramval7":"","paramname8":"","paramval8":"","paramname9":"","paramval9":"","paramname10":"","paramval10":"","ean":"9788075084729","manufacturer":"Lingea","categorytext":""},"_links":{"self":[{"href":"https:\/\/www.luxor.cz\/blog\/wp-json\/wp\/v2\/product\/77067","targetHints":{"allow":["GET"]}}],"collection":[{"href":"https:\/\/www.luxor.cz\/blog\/wp-json\/wp\/v2\/product"}],"about":[{"href":"https:\/\/www.luxor.cz\/blog\/wp-json\/wp\/v2\/types\/product"}],"replies":[{"embeddable":true,"href":"https:\/\/www.luxor.cz\/blog\/wp-json\/wp\/v2\/comments?post=77067"}],"wp:attachment":[{"href":"https:\/\/www.luxor.cz\/blog\/wp-json\/wp\/v2\/media?parent=77067"}],"wp:term":[{"taxonomy":"product_cat","embeddable":true,"href":"https:\/\/www.luxor.cz\/blog\/wp-json\/wp\/v2\/product_cat?post=77067"},{"taxonomy":"product_tag","embeddable":true,"href":"https:\/\/www.luxor.cz\/blog\/wp-json\/wp\/v2\/product_tag?post=77067"}],"curies":[{"name":"wp","href":"https:\/\/api.w.org\/{rel}","templated":true}]}}