{"id":76232,"date":"2023-08-14T11:22:13","date_gmt":"2023-08-14T09:22:13","guid":{"rendered":"https:\/\/www.luxor.cz\/blog\/produkt\/hlava-v-hlave\/"},"modified":"2023-08-14T11:22:17","modified_gmt":"2023-08-14T09:22:17","slug":"hlava-v-hlave","status":"publish","type":"product","link":"https:\/\/www.luxor.cz\/blog\/produkt\/hlava-v-hlave\/","title":{"rendered":"Hlava v hlav\u011b"},"content":{"rendered":"<p>Druh\u00e9, v\u011bt\u0161\u00ed a chyt\u0159ej\u0161\u00ed vyd\u00e1n\u00ed. Nev\u0161edn\u00ed publikace, prvn\u00ed \u010desk\u00e1 hlavopedie, ur\u010den\u00e1 p\u0159edev\u0161\u00edm pro d\u011btsk\u00e9ho \u010dten\u00e1\u0159e, jemu\u017e m\u00e1 origin\u00e1ln\u00ed a hravou vizu\u00e1ln\u00ed formou pomoci pochopit z\u00e1kladn\u00ed skute\u010dnosti t\u00fdkaj\u00edc\u00ed se hlavy, mozku a jeho fungov\u00e1n\u00ed. V\u00fdsledkem je vizu\u00e1ln\u011b n\u00e1padit\u00e1 a poetick\u00e1 kniha, spojuj\u00edc\u00ed humor, z\u00e1bavu i pou\u010den\u00ed, v n\u00ed\u017e na v\u0161ete\u010dn\u00e9 d\u011btsk\u00e9 ot\u00e1zky odpov\u00eddaj\u00ed nejen neurolog, boxer \u010di detektiv.<br \/>\nHlava v hlav\u011b z\u00edskala Magnesii Literu jako nejlep\u0161\u00ed kniha roku pro d\u011bti, Zlatou stuhu \u010cesk\u00e9 sekce IBBY pro v\u00fdtvarn\u00fd po\u010din roku a prvn\u00ed m\u00edsto v sout\u011b\u017ei Nejkr\u00e1sn\u011bj\u0161\u00ed \u010desk\u00e1 kniha. <\/p>\n<p>\u201eHlava v hlav\u011b je skute\u010dn\u011b kr\u00e1sn\u00e1 kn\u00ed\u017eka.\u201c \u2013 Petr S\u00eds<\/p>\n","protected":false},"excerpt":{"rendered":"<p>Druh\u00e9, v\u011bt\u0161\u00ed a chyt\u0159ej\u0161\u00ed vyd\u00e1n\u00ed. Nev\u0161edn\u00ed publikace, prvn\u00ed \u010desk\u00e1 hlavopedie, ur\u010den\u00e1 p\u0159edev\u0161\u00edm pro d\u011btsk\u00e9ho \u010dten\u00e1\u0159e, jemu\u017e m\u00e1 origin\u00e1ln\u00ed a hravou vizu\u00e1ln\u00ed formou pomoci pochopit z\u00e1kladn\u00ed skute\u010dnosti t\u00fdkaj\u00edc\u00ed se hlavy, mozku [&hellip;]<\/p>\n","protected":false},"featured_media":0,"comment_status":"closed","ping_status":"open","template":"","meta":{"_acf_changed":false,"_monsterinsights_skip_tracking":false,"_monsterinsights_sitenote_active":false,"_monsterinsights_sitenote_note":"","_monsterinsights_sitenote_category":0,"_EventAllDay":false,"_EventTimezone":"","_EventStartDate":"","_EventEndDate":"","_EventStartDateUTC":"","_EventEndDateUTC":"","_EventShowMap":false,"_EventShowMapLink":false,"_EventURL":"","_EventCost":"","_EventCostDescription":"","_EventCurrencySymbol":"","_EventCurrencyCode":"","_EventCurrencyPosition":"","_EventDateTimeSeparator":"","_EventTimeRangeSeparator":"","_EventOrganizerID":[],"_EventVenueID":[],"_OrganizerEmail":"","_OrganizerPhone":"","_OrganizerWebsite":"","_VenueAddress":"","_VenueCity":"","_VenueCountry":"","_VenueProvince":"","_VenueState":"","_VenueZip":"","_VenuePhone":"","_VenueURL":"","_VenueStateProvince":"","_VenueLat":"","_VenueLng":"","_VenueShowMap":false,"_VenueShowMapLink":false,"twitterCardType":"","cardImageID":0,"cardImage":"","cardTitle":"","cardDesc":"","cardImageAlt":"","cardPlayer":"","cardPlayerWidth":0,"cardPlayerHeight":0,"cardPlayerStream":"","cardPlayerCodec":""},"product_cat":[],"product_tag":[],"class_list":["post-76232","product","type-product","status-publish","hentry"],"acf":{"description":"Druh\u00e9, v\u011bt\u0161\u00ed a chyt\u0159ej\u0161\u00ed vyd\u00e1n\u00ed. Nev\u0161edn\u00ed publikace, prvn\u00ed \u010desk\u00e1 hlavopedie, ur\u010den\u00e1 p\u0159edev\u0161\u00edm pro d\u011btsk\u00e9ho \u010dten\u00e1\u0159e, jemu\u017e m\u00e1 origin\u00e1ln\u00ed a hravou vizu\u00e1ln\u00ed formou pomoci pochopit z\u00e1kladn\u00ed skute\u010dnosti t\u00fdkaj\u00edc\u00ed se hlavy, mozku a jeho fungov\u00e1n\u00ed. V\u00fdsledkem je vizu\u00e1ln\u011b n\u00e1padit\u00e1 a poetick\u00e1 kniha, spojuj\u00edc\u00ed humor, z\u00e1bavu i pou\u010den\u00ed, v n\u00ed\u017e na v\u0161ete\u010dn\u00e9 d\u011btsk\u00e9 ot\u00e1zky odpov\u00eddaj\u00ed nejen neurolog, boxer \u010di detektiv.\nHlava v hlav\u011b z\u00edskala Magnesii Literu jako nejlep\u0161\u00ed kniha roku pro d\u011bti, Zlatou stuhu \u010cesk\u00e9 sekce IBBY pro v\u00fdtvarn\u00fd po\u010din roku a prvn\u00ed m\u00edsto v sout\u011b\u017ei Nejkr\u00e1sn\u011bj\u0161\u00ed \u010desk\u00e1 kniha. \n\n\u201eHlava v hlav\u011b je skute\u010dn\u011b kr\u00e1sn\u00e1 kn\u00ed\u017eka.\u201c \u2013 Petr S\u00eds","item_id":"LX1613569","productname":"Hlava v hlav\u011b","product":"Hlava v hlav\u011b","url":"https:\/\/www.luxor.cz\/v\/1613569\/hlava-v-hlave","imgurl":"https:\/\/img.luxor.cz\/orig\/produkty\/9788086803517.jpg","price_vat":"443.00","margin":"","vat":"","paramname1":"","paramval1":"","paramname2":"","paramval2":"","paramname3":"","paramval3":"","paramname4":"","paramval4":"","paramname5":"","paramval5":"","paramname6":"","paramval6":"","paramname7":"","paramval7":"","paramname8":"","paramval8":"","paramname9":"","paramval9":"","paramname10":"","paramval10":"","ean":"9788086803517","manufacturer":"Labyrint","categorytext":""},"_links":{"self":[{"href":"https:\/\/www.luxor.cz\/blog\/wp-json\/wp\/v2\/product\/76232","targetHints":{"allow":["GET"]}}],"collection":[{"href":"https:\/\/www.luxor.cz\/blog\/wp-json\/wp\/v2\/product"}],"about":[{"href":"https:\/\/www.luxor.cz\/blog\/wp-json\/wp\/v2\/types\/product"}],"replies":[{"embeddable":true,"href":"https:\/\/www.luxor.cz\/blog\/wp-json\/wp\/v2\/comments?post=76232"}],"wp:attachment":[{"href":"https:\/\/www.luxor.cz\/blog\/wp-json\/wp\/v2\/media?parent=76232"}],"wp:term":[{"taxonomy":"product_cat","embeddable":true,"href":"https:\/\/www.luxor.cz\/blog\/wp-json\/wp\/v2\/product_cat?post=76232"},{"taxonomy":"product_tag","embeddable":true,"href":"https:\/\/www.luxor.cz\/blog\/wp-json\/wp\/v2\/product_tag?post=76232"}],"curies":[{"name":"wp","href":"https:\/\/api.w.org\/{rel}","templated":true}]}}