{"id":76193,"date":"2023-08-14T11:22:01","date_gmt":"2023-08-14T09:22:01","guid":{"rendered":"https:\/\/www.luxor.cz\/blog\/produkt\/diktaty-5-trida-procvicujeme-zabavny-pracovni-sesit\/"},"modified":"2023-08-14T11:22:04","modified_gmt":"2023-08-14T09:22:04","slug":"diktaty-5-trida-procvicujeme-zabavny-pracovni-sesit","status":"publish","type":"product","link":"https:\/\/www.luxor.cz\/blog\/produkt\/diktaty-5-trida-procvicujeme-zabavny-pracovni-sesit\/","title":{"rendered":"Dikt\u00e1ty 5. t\u0159\u00edda procvi\u010dujeme &#8211; Z\u00e1bavn\u00fd pracovn\u00ed se\u0161it"},"content":{"rendered":"<p>Tato kn\u00ed\u017eka je ur\u010dena v\u0161em \u0161kol\u00e1k\u016fm, kte\u0159\u00ed si cht\u011bj\u00ed (nebo maj\u00ed) procvi\u010dit pravopis a gramatiku. Obsahuje 100 cvi\u010den\u00ed, kter\u00e1 prov\u011b\u0159uj\u00ed znalosti \u017e\u00e1k\u016f. Kniha m\u016f\u017ee poslou\u017eit i p\u0159i p\u0159\u00edprav\u011b ke zkou\u0161k\u00e1m na st\u0159edn\u00ed \u0161koly.<\/p>\n","protected":false},"excerpt":{"rendered":"<p>Tato kn\u00ed\u017eka je ur\u010dena v\u0161em \u0161kol\u00e1k\u016fm, kte\u0159\u00ed si cht\u011bj\u00ed (nebo maj\u00ed) procvi\u010dit pravopis a gramatiku. Obsahuje 100 cvi\u010den\u00ed, kter\u00e1 prov\u011b\u0159uj\u00ed znalosti \u017e\u00e1k\u016f. Kniha m\u016f\u017ee poslou\u017eit i p\u0159i p\u0159\u00edprav\u011b ke zkou\u0161k\u00e1m [&hellip;]<\/p>\n","protected":false},"featured_media":0,"comment_status":"closed","ping_status":"open","template":"","meta":{"_acf_changed":false,"_monsterinsights_skip_tracking":false,"_monsterinsights_sitenote_active":false,"_monsterinsights_sitenote_note":"","_monsterinsights_sitenote_category":0,"_EventAllDay":false,"_EventTimezone":"","_EventStartDate":"","_EventEndDate":"","_EventStartDateUTC":"","_EventEndDateUTC":"","_EventShowMap":false,"_EventShowMapLink":false,"_EventURL":"","_EventCost":"","_EventCostDescription":"","_EventCurrencySymbol":"","_EventCurrencyCode":"","_EventCurrencyPosition":"","_EventDateTimeSeparator":"","_EventTimeRangeSeparator":"","_EventOrganizerID":[],"_EventVenueID":[],"_OrganizerEmail":"","_OrganizerPhone":"","_OrganizerWebsite":"","_VenueAddress":"","_VenueCity":"","_VenueCountry":"","_VenueProvince":"","_VenueState":"","_VenueZip":"","_VenuePhone":"","_VenueURL":"","_VenueStateProvince":"","_VenueLat":"","_VenueLng":"","_VenueShowMap":false,"_VenueShowMapLink":false,"twitterCardType":"","cardImageID":0,"cardImage":"","cardTitle":"","cardDesc":"","cardImageAlt":"","cardPlayer":"","cardPlayerWidth":0,"cardPlayerHeight":0,"cardPlayerStream":"","cardPlayerCodec":""},"product_cat":[],"product_tag":[],"class_list":["post-76193","product","type-product","status-publish","hentry"],"acf":{"description":"Tato kn\u00ed\u017eka je ur\u010dena v\u0161em \u0161kol\u00e1k\u016fm, kte\u0159\u00ed si cht\u011bj\u00ed (nebo maj\u00ed) procvi\u010dit pravopis a gramatiku. Obsahuje 100 cvi\u010den\u00ed, kter\u00e1 prov\u011b\u0159uj\u00ed znalosti \u017e\u00e1k\u016f. Kniha m\u016f\u017ee poslou\u017eit i p\u0159i p\u0159\u00edprav\u011b ke zkou\u0161k\u00e1m na st\u0159edn\u00ed \u0161koly.","item_id":"LX1613490","productname":"Dikt\u00e1ty 5. t\u0159\u00edda procvi\u010dujeme - Z\u00e1bavn\u00fd pracovn\u00ed se\u0161it","product":"Dikt\u00e1ty 5. t\u0159\u00edda procvi\u010dujeme - Z\u00e1bavn\u00fd pracovn\u00ed se\u0161it","url":"https:\/\/www.luxor.cz\/v\/1613490\/diktaty-5-trida-procvicujeme-zabavny-pracovni-sesit","imgurl":"https:\/\/img.luxor.cz\/orig\/produkty\/9788075676900.jpg","price_vat":"113.00","margin":"","vat":"","paramname1":"","paramval1":"","paramname2":"","paramval2":"","paramname3":"","paramval3":"","paramname4":"","paramval4":"","paramname5":"","paramval5":"","paramname6":"","paramval6":"","paramname7":"","paramval7":"","paramname8":"","paramval8":"","paramname9":"","paramval9":"","paramname10":"","paramval10":"","ean":"9788075676900","manufacturer":"Sun","categorytext":""},"_links":{"self":[{"href":"https:\/\/www.luxor.cz\/blog\/wp-json\/wp\/v2\/product\/76193","targetHints":{"allow":["GET"]}}],"collection":[{"href":"https:\/\/www.luxor.cz\/blog\/wp-json\/wp\/v2\/product"}],"about":[{"href":"https:\/\/www.luxor.cz\/blog\/wp-json\/wp\/v2\/types\/product"}],"replies":[{"embeddable":true,"href":"https:\/\/www.luxor.cz\/blog\/wp-json\/wp\/v2\/comments?post=76193"}],"wp:attachment":[{"href":"https:\/\/www.luxor.cz\/blog\/wp-json\/wp\/v2\/media?parent=76193"}],"wp:term":[{"taxonomy":"product_cat","embeddable":true,"href":"https:\/\/www.luxor.cz\/blog\/wp-json\/wp\/v2\/product_cat?post=76193"},{"taxonomy":"product_tag","embeddable":true,"href":"https:\/\/www.luxor.cz\/blog\/wp-json\/wp\/v2\/product_tag?post=76193"}],"curies":[{"name":"wp","href":"https:\/\/api.w.org\/{rel}","templated":true}]}}