{"id":75506,"date":"2023-08-14T11:18:42","date_gmt":"2023-08-14T09:18:42","guid":{"rendered":"https:\/\/www.luxor.cz\/blog\/produkt\/z-krve-zrozena-warhammer\/"},"modified":"2023-08-14T11:18:44","modified_gmt":"2023-08-14T09:18:44","slug":"z-krve-zrozena-warhammer","status":"publish","type":"product","link":"https:\/\/www.luxor.cz\/blog\/produkt\/z-krve-zrozena-warhammer\/","title":{"rendered":"Z krve zrozen\u00e1 &#8211; Warhammer"},"content":{"rendered":"<p>Nedobrovoln\u00e1 up\u00edrka Ulrika Magdovna se sna\u017e\u00ed udr\u017eet svou \u017e\u00edze\u0148 po krvi na uzd\u011b. Coven up\u00edr\u016f j\u00ed pro jej\u00ed vlastn\u00ed ochranu i dobro ostatn\u00edch poskytne \u00fato\u010di\u0161t\u011b, kde se m\u016f\u017ee v klidu a bezpe\u010d\u00ed p\u0159izp\u016fsobit \u017eivotu v temnot\u00e1ch. Ale ne\u017e se nau\u010d\u00ed ovl\u00e1dat svoje nov\u00e9 podivn\u00e9 schopnosti, je jej\u00ed \u00fato\u010di\u0161t\u011b ohro\u017eeno. Ve m\u011bst\u011b Nulnu n\u011bco zab\u00edj\u00ed p\u0159\u00edslu\u0161n\u00edky t\u00e9to prastar\u00e9 rasy a hroz\u00ed, \u017ee jejich existenci odhal\u00ed lidem. Za\u010d\u00edn\u00e1 hon na \u010darod\u011bjnice a lid\u00e9 volaj\u00ed po zni\u010den\u00ed v\u0161ech up\u00edr\u016f.Jeliko\u017e se Ulrika a jej\u00ed mentorka, hrab\u011bnka Gabriella, u\u017e nemaj\u00ed kam skr\u00fdt, mus\u00ed naj\u00edt tajemn\u00e9ho vraha d\u0159\u00edv, ne\u017e se samy stanou jeho ob\u011bt\u00ed. Jak ale mohou doufat, \u017ee si porad\u00ed s n\u011bk\u00fdm tak mocn\u00fdm,\u017ee dok\u00e1\u017ee zab\u00edt up\u00edra?<\/p>\n","protected":false},"excerpt":{"rendered":"<p>Nedobrovoln\u00e1 up\u00edrka Ulrika Magdovna se sna\u017e\u00ed udr\u017eet svou \u017e\u00edze\u0148 po krvi na uzd\u011b. Coven up\u00edr\u016f j\u00ed pro jej\u00ed vlastn\u00ed ochranu i dobro ostatn\u00edch poskytne \u00fato\u010di\u0161t\u011b, kde se m\u016f\u017ee v klidu [&hellip;]<\/p>\n","protected":false},"featured_media":0,"comment_status":"closed","ping_status":"open","template":"","meta":{"_acf_changed":false,"_monsterinsights_skip_tracking":false,"_monsterinsights_sitenote_active":false,"_monsterinsights_sitenote_note":"","_monsterinsights_sitenote_category":0,"_EventAllDay":false,"_EventTimezone":"","_EventStartDate":"","_EventEndDate":"","_EventStartDateUTC":"","_EventEndDateUTC":"","_EventShowMap":false,"_EventShowMapLink":false,"_EventURL":"","_EventCost":"","_EventCostDescription":"","_EventCurrencySymbol":"","_EventCurrencyCode":"","_EventCurrencyPosition":"","_EventDateTimeSeparator":"","_EventTimeRangeSeparator":"","_EventOrganizerID":[],"_EventVenueID":[],"_OrganizerEmail":"","_OrganizerPhone":"","_OrganizerWebsite":"","_VenueAddress":"","_VenueCity":"","_VenueCountry":"","_VenueProvince":"","_VenueState":"","_VenueZip":"","_VenuePhone":"","_VenueURL":"","_VenueStateProvince":"","_VenueLat":"","_VenueLng":"","_VenueShowMap":false,"_VenueShowMapLink":false,"twitterCardType":"","cardImageID":0,"cardImage":"","cardTitle":"","cardDesc":"","cardImageAlt":"","cardPlayer":"","cardPlayerWidth":0,"cardPlayerHeight":0,"cardPlayerStream":"","cardPlayerCodec":""},"product_cat":[],"product_tag":[],"class_list":["post-75506","product","type-product","status-publish","hentry"],"acf":{"description":"Nedobrovoln\u00e1 up\u00edrka Ulrika Magdovna se sna\u017e\u00ed udr\u017eet svou \u017e\u00edze\u0148 po krvi na uzd\u011b. Coven up\u00edr\u016f j\u00ed pro jej\u00ed vlastn\u00ed ochranu i dobro ostatn\u00edch poskytne \u00fato\u010di\u0161t\u011b, kde se m\u016f\u017ee v klidu a bezpe\u010d\u00ed p\u0159izp\u016fsobit \u017eivotu v temnot\u00e1ch. Ale ne\u017e se nau\u010d\u00ed ovl\u00e1dat svoje nov\u00e9 podivn\u00e9 schopnosti, je jej\u00ed \u00fato\u010di\u0161t\u011b ohro\u017eeno. Ve m\u011bst\u011b Nulnu n\u011bco zab\u00edj\u00ed p\u0159\u00edslu\u0161n\u00edky t\u00e9to prastar\u00e9 rasy a hroz\u00ed, \u017ee jejich existenci odhal\u00ed lidem. Za\u010d\u00edn\u00e1 hon na \u010darod\u011bjnice a lid\u00e9 volaj\u00ed po zni\u010den\u00ed v\u0161ech up\u00edr\u016f.Jeliko\u017e se Ulrika a jej\u00ed mentorka, hrab\u011bnka Gabriella, u\u017e nemaj\u00ed kam skr\u00fdt, mus\u00ed naj\u00edt tajemn\u00e9ho vraha d\u0159\u00edv, ne\u017e se samy stanou jeho ob\u011bt\u00ed. Jak ale mohou doufat, \u017ee si porad\u00ed s n\u011bk\u00fdm tak mocn\u00fdm,\u017ee dok\u00e1\u017ee zab\u00edt up\u00edra?","item_id":"LX1606791","productname":"Z krve zrozen\u00e1 - Warhammer","product":"Z krve zrozen\u00e1 - Warhammer","url":"https:\/\/www.luxor.cz\/v\/1606791\/warhammer-z-krve-zrozena","imgurl":"https:\/\/img.luxor.cz\/orig\/produkty\/9788073324100.jpg","price_vat":"305.00","margin":"","vat":"","paramname1":"","paramval1":"","paramname2":"","paramval2":"","paramname3":"","paramval3":"","paramname4":"","paramval4":"","paramname5":"","paramval5":"","paramname6":"","paramval6":"","paramname7":"","paramval7":"","paramname8":"","paramval8":"","paramname9":"","paramval9":"","paramname10":"","paramval10":"","ean":"9788073324100","manufacturer":"Polaris","categorytext":""},"_links":{"self":[{"href":"https:\/\/www.luxor.cz\/blog\/wp-json\/wp\/v2\/product\/75506","targetHints":{"allow":["GET"]}}],"collection":[{"href":"https:\/\/www.luxor.cz\/blog\/wp-json\/wp\/v2\/product"}],"about":[{"href":"https:\/\/www.luxor.cz\/blog\/wp-json\/wp\/v2\/types\/product"}],"replies":[{"embeddable":true,"href":"https:\/\/www.luxor.cz\/blog\/wp-json\/wp\/v2\/comments?post=75506"}],"wp:attachment":[{"href":"https:\/\/www.luxor.cz\/blog\/wp-json\/wp\/v2\/media?parent=75506"}],"wp:term":[{"taxonomy":"product_cat","embeddable":true,"href":"https:\/\/www.luxor.cz\/blog\/wp-json\/wp\/v2\/product_cat?post=75506"},{"taxonomy":"product_tag","embeddable":true,"href":"https:\/\/www.luxor.cz\/blog\/wp-json\/wp\/v2\/product_tag?post=75506"}],"curies":[{"name":"wp","href":"https:\/\/api.w.org\/{rel}","templated":true}]}}