{"id":73738,"date":"2023-08-14T11:10:26","date_gmt":"2023-08-14T09:10:26","guid":{"rendered":"https:\/\/www.luxor.cz\/blog\/produkt\/direkt-interaktiv-2-a2-ucebnice-a-pracovni-sesit-kod\/"},"modified":"2023-08-14T11:10:30","modified_gmt":"2023-08-14T09:10:30","slug":"direkt-interaktiv-2-a2-ucebnice-a-pracovni-sesit-kod","status":"publish","type":"product","link":"https:\/\/www.luxor.cz\/blog\/produkt\/direkt-interaktiv-2-a2-ucebnice-a-pracovni-sesit-kod\/","title":{"rendered":"Direkt interaktiv 2 (A2) \u2013 u\u010debnice a pracovn\u00ed se\u0161it + k\u00f3d"},"content":{"rendered":"<p>T\u0159i d\u00edly u\u010debnice s integrovan\u00fdm pracovn\u00edm se\u0161item dovedou \u017e\u00e1ky na \u00farove\u0148 B1 (A1\/A2, A2, B1) dle Spole\u010dn\u00e9ho evropsk\u00e9ho referen\u010dn\u00edho r\u00e1mce pro jazyky. V\u00fdukov\u00e1 sada se skl\u00e1d\u00e1 z u\u010debnice s integrovan\u00fdm pracovn\u00edm se\u0161item, interaktivn\u00ed podpory s platnost\u00ed licence p\u0159\u00edstupov\u00e9ho k\u00f3du 18 m\u011bs\u00edc\u016f (vypr\u0161\u00ed-li platnost licence a \u017e\u00e1k pot\u0159ebuje u\u010debnici je\u0161t\u011b pou\u017e\u00edvat, je mo\u017enost o za\u017e\u00e1d\u00e1n\u00ed n\u00e1hradn\u00edho k\u00f3du na adrese mcourser@klett.cz) a metodick\u00e9 p\u0159\u00edru\u010dky na DVD. V u\u010debnici najdete 8 lekc\u00ed, je\u017e jsou jasn\u011b a logicky strukturovan\u00e9, gramatick\u00e9 p\u0159ehledy, slovn\u00ed\u010dek, zaj\u00edmav\u00e9 projekty a nov\u011b tak\u00e9 odli\u0161nosti v jazykov\u00fdch variant\u00e1ch D-A-CH v lexik\u00e1ln\u00ed rovin\u011b. P\u0159\u00edprava k maturitn\u00ed zkou\u0161ce prob\u00edh\u00e1 kontinu\u00e1ln\u011b ji\u017e od prvn\u00edho d\u00edlu. V ka\u017ed\u00e9 lekci jsou drobn\u00e9 aktivity ABI SPRECHEN \u010di ABI SCHREIBEN. P\u0159ipravili jsme tak\u00e9 dvoustranu (ABI-) FERTIGKEITSTRAINING, kter\u00e1 obsahuje \u00falohy dle sou\u010dasn\u00e9 podoby maturitn\u00ed zkou\u0161ky. T\u00e9mata v u\u010debnici reflektuj\u00ed sou\u010dasn\u00e9 zm\u011bny ve sv\u011bt\u011b a t\u00e9mata t\u00fdkaj\u00edc\u00ed se mlad\u00fdch lid\u00ed. Pot\u0159ebn\u00fd objem gramatiky je rozd\u011blen tak, aby uveden\u00ed nov\u00e9 lekce bylo p\u0159irozen\u00e9 a doch\u00e1zelo k plynul\u00e9 progresi student\u016f. <\/p>\n<p>Druh\u00fd d\u00edl neobsahuje videa, kter\u00e9 se m\u011bly t\u00fdkat N\u011bmecka a kter\u00e9 jsme z pochopiteln\u00fdch d\u016fvod\u016f zat\u00edm nemohly nato\u010dit. M\u00edsto vide\u00ed obsahuje dopl\u0148kov\u00e9 aktivity.<\/p>\n<p>Jazykov\u00e1 \u00farove\u0148:A2<\/p>\n","protected":false},"excerpt":{"rendered":"<p>T\u0159i d\u00edly u\u010debnice s integrovan\u00fdm pracovn\u00edm se\u0161item dovedou \u017e\u00e1ky na \u00farove\u0148 B1 (A1\/A2, A2, B1) dle Spole\u010dn\u00e9ho evropsk\u00e9ho referen\u010dn\u00edho r\u00e1mce pro jazyky. V\u00fdukov\u00e1 sada se skl\u00e1d\u00e1 z u\u010debnice s integrovan\u00fdm [&hellip;]<\/p>\n","protected":false},"featured_media":0,"comment_status":"closed","ping_status":"open","template":"","meta":{"_acf_changed":false,"_monsterinsights_skip_tracking":false,"_monsterinsights_sitenote_active":false,"_monsterinsights_sitenote_note":"","_monsterinsights_sitenote_category":0,"_EventAllDay":false,"_EventTimezone":"","_EventStartDate":"","_EventEndDate":"","_EventStartDateUTC":"","_EventEndDateUTC":"","_EventShowMap":false,"_EventShowMapLink":false,"_EventURL":"","_EventCost":"","_EventCostDescription":"","_EventCurrencySymbol":"","_EventCurrencyCode":"","_EventCurrencyPosition":"","_EventDateTimeSeparator":"","_EventTimeRangeSeparator":"","_EventOrganizerID":[],"_EventVenueID":[],"_OrganizerEmail":"","_OrganizerPhone":"","_OrganizerWebsite":"","_VenueAddress":"","_VenueCity":"","_VenueCountry":"","_VenueProvince":"","_VenueState":"","_VenueZip":"","_VenuePhone":"","_VenueURL":"","_VenueStateProvince":"","_VenueLat":"","_VenueLng":"","_VenueShowMap":false,"_VenueShowMapLink":false,"twitterCardType":"","cardImageID":0,"cardImage":"","cardTitle":"","cardDesc":"","cardImageAlt":"","cardPlayer":"","cardPlayerWidth":0,"cardPlayerHeight":0,"cardPlayerStream":"","cardPlayerCodec":""},"product_cat":[],"product_tag":[],"class_list":["post-73738","product","type-product","status-publish","hentry"],"acf":{"description":"T\u0159i d\u00edly u\u010debnice s integrovan\u00fdm pracovn\u00edm se\u0161item dovedou \u017e\u00e1ky na \u00farove\u0148 B1 (A1\/A2, A2, B1) dle Spole\u010dn\u00e9ho evropsk\u00e9ho referen\u010dn\u00edho r\u00e1mce pro jazyky. V\u00fdukov\u00e1 sada se skl\u00e1d\u00e1 z u\u010debnice s integrovan\u00fdm pracovn\u00edm se\u0161item, interaktivn\u00ed podpory s platnost\u00ed licence p\u0159\u00edstupov\u00e9ho k\u00f3du 18 m\u011bs\u00edc\u016f (vypr\u0161\u00ed-li platnost licence a \u017e\u00e1k pot\u0159ebuje u\u010debnici je\u0161t\u011b pou\u017e\u00edvat, je mo\u017enost o za\u017e\u00e1d\u00e1n\u00ed n\u00e1hradn\u00edho k\u00f3du na adrese mcourser@klett.cz) a metodick\u00e9 p\u0159\u00edru\u010dky na DVD. V u\u010debnici najdete 8 lekc\u00ed, je\u017e jsou jasn\u011b a logicky strukturovan\u00e9, gramatick\u00e9 p\u0159ehledy, slovn\u00ed\u010dek, zaj\u00edmav\u00e9 projekty a nov\u011b tak\u00e9 odli\u0161nosti v jazykov\u00fdch variant\u00e1ch D-A-CH v lexik\u00e1ln\u00ed rovin\u011b. P\u0159\u00edprava k maturitn\u00ed zkou\u0161ce prob\u00edh\u00e1 kontinu\u00e1ln\u011b ji\u017e od prvn\u00edho d\u00edlu. V ka\u017ed\u00e9 lekci jsou drobn\u00e9 aktivity ABI SPRECHEN \u010di ABI SCHREIBEN. P\u0159ipravili jsme tak\u00e9 dvoustranu (ABI-) FERTIGKEITSTRAINING, kter\u00e1 obsahuje \u00falohy dle sou\u010dasn\u00e9 podoby maturitn\u00ed zkou\u0161ky. T\u00e9mata v u\u010debnici reflektuj\u00ed sou\u010dasn\u00e9 zm\u011bny ve sv\u011bt\u011b a t\u00e9mata t\u00fdkaj\u00edc\u00ed se mlad\u00fdch lid\u00ed. Pot\u0159ebn\u00fd objem gramatiky je rozd\u011blen tak, aby uveden\u00ed nov\u00e9 lekce bylo p\u0159irozen\u00e9 a doch\u00e1zelo k plynul\u00e9 progresi student\u016f. \n\nDruh\u00fd d\u00edl neobsahuje videa, kter\u00e9 se m\u011bly t\u00fdkat N\u011bmecka a kter\u00e9 jsme z pochopiteln\u00fdch d\u016fvod\u016f zat\u00edm nemohly nato\u010dit. M\u00edsto vide\u00ed obsahuje dopl\u0148kov\u00e9 aktivity.\n\n\nJazykov\u00e1 \u00farove\u0148:A2","item_id":"LX1606138","productname":"Direkt interaktiv 2 (A2) \u2013 u\u010debnice a pracovn\u00ed se\u0161it + k\u00f3d","product":"Direkt interaktiv 2 (A2) \u2013 u\u010debnice a pracovn\u00ed se\u0161it + k\u00f3d","url":"https:\/\/www.luxor.cz\/v\/1606138\/direkt-interaktiv-2a2-ucebnice-a-pracovni-sesit-kod","imgurl":"https:\/\/img.luxor.cz\/orig\/produkty\/9788073973117.jpg","price_vat":"474.00","margin":"","vat":"","paramname1":"","paramval1":"","paramname2":"","paramval2":"","paramname3":"","paramval3":"","paramname4":"","paramval4":"","paramname5":"","paramval5":"","paramname6":"","paramval6":"","paramname7":"","paramval7":"","paramname8":"","paramval8":"","paramname9":"","paramval9":"","paramname10":"","paramval10":"","ean":"9788073973117","manufacturer":"Klett","categorytext":""},"_links":{"self":[{"href":"https:\/\/www.luxor.cz\/blog\/wp-json\/wp\/v2\/product\/73738","targetHints":{"allow":["GET"]}}],"collection":[{"href":"https:\/\/www.luxor.cz\/blog\/wp-json\/wp\/v2\/product"}],"about":[{"href":"https:\/\/www.luxor.cz\/blog\/wp-json\/wp\/v2\/types\/product"}],"replies":[{"embeddable":true,"href":"https:\/\/www.luxor.cz\/blog\/wp-json\/wp\/v2\/comments?post=73738"}],"wp:attachment":[{"href":"https:\/\/www.luxor.cz\/blog\/wp-json\/wp\/v2\/media?parent=73738"}],"wp:term":[{"taxonomy":"product_cat","embeddable":true,"href":"https:\/\/www.luxor.cz\/blog\/wp-json\/wp\/v2\/product_cat?post=73738"},{"taxonomy":"product_tag","embeddable":true,"href":"https:\/\/www.luxor.cz\/blog\/wp-json\/wp\/v2\/product_tag?post=73738"}],"curies":[{"name":"wp","href":"https:\/\/api.w.org\/{rel}","templated":true}]}}