{"id":73582,"date":"2023-08-14T11:09:49","date_gmt":"2023-08-14T09:09:49","guid":{"rendered":"https:\/\/www.luxor.cz\/blog\/produkt\/slovni-druhy-procvicovaci-sesit-pro-3-rocnik-zs\/"},"modified":"2023-08-14T11:09:50","modified_gmt":"2023-08-14T09:09:50","slug":"slovni-druhy-procvicovaci-sesit-pro-3-rocnik-zs","status":"publish","type":"product","link":"https:\/\/www.luxor.cz\/blog\/produkt\/slovni-druhy-procvicovaci-sesit-pro-3-rocnik-zs\/","title":{"rendered":"Slovn\u00ed druhy &#8211; Procvi\u010dovac\u00ed se\u0161it pro 3. ro\u010dn\u00edk Z\u0160"},"content":{"rendered":"<p>Procvi\u010dov\u00e1n\u00ed slovn\u00edch druh\u016f.<\/p>\n<p>Obsah:<br \/>\n&#8211; Podstatn\u00e1 jm\u00e9na<br \/>\n&#8211; P\u0159\u00eddavn\u00e1 jm\u00e9na<br \/>\n&#8211; Z\u00e1jmena<br \/>\n&#8211; \u010c\u00edslovky<br \/>\n&#8211; Slovesa<br \/>\n&#8211; P\u0159\u00edslovce<br \/>\n&#8211; P\u0159edlo\u017eky<br \/>\n&#8211; Spojky<br \/>\n&#8211; \u010c\u00e1stice<br \/>\n&#8211; Citoslovce<\/p>\n","protected":false},"excerpt":{"rendered":"<p>Procvi\u010dov\u00e1n\u00ed slovn\u00edch druh\u016f. Obsah: &#8211; Podstatn\u00e1 jm\u00e9na &#8211; P\u0159\u00eddavn\u00e1 jm\u00e9na &#8211; Z\u00e1jmena &#8211; \u010c\u00edslovky &#8211; Slovesa &#8211; P\u0159\u00edslovce &#8211; P\u0159edlo\u017eky &#8211; Spojky &#8211; \u010c\u00e1stice &#8211; Citoslovce<\/p>\n","protected":false},"featured_media":0,"comment_status":"closed","ping_status":"open","template":"","meta":{"_acf_changed":false,"_monsterinsights_skip_tracking":false,"_monsterinsights_sitenote_active":false,"_monsterinsights_sitenote_note":"","_monsterinsights_sitenote_category":0,"_EventAllDay":false,"_EventTimezone":"","_EventStartDate":"","_EventEndDate":"","_EventStartDateUTC":"","_EventEndDateUTC":"","_EventShowMap":false,"_EventShowMapLink":false,"_EventURL":"","_EventCost":"","_EventCostDescription":"","_EventCurrencySymbol":"","_EventCurrencyCode":"","_EventCurrencyPosition":"","_EventDateTimeSeparator":"","_EventTimeRangeSeparator":"","_EventOrganizerID":[],"_EventVenueID":[],"_OrganizerEmail":"","_OrganizerPhone":"","_OrganizerWebsite":"","_VenueAddress":"","_VenueCity":"","_VenueCountry":"","_VenueProvince":"","_VenueState":"","_VenueZip":"","_VenuePhone":"","_VenueURL":"","_VenueStateProvince":"","_VenueLat":"","_VenueLng":"","_VenueShowMap":false,"_VenueShowMapLink":false,"twitterCardType":"","cardImageID":0,"cardImage":"","cardTitle":"","cardDesc":"","cardImageAlt":"","cardPlayer":"","cardPlayerWidth":0,"cardPlayerHeight":0,"cardPlayerStream":"","cardPlayerCodec":""},"product_cat":[],"product_tag":[],"class_list":["post-73582","product","type-product","status-publish","hentry"],"acf":{"description":"Procvi\u010dov\u00e1n\u00ed slovn\u00edch druh\u016f.\n\nObsah: \n- Podstatn\u00e1 jm\u00e9na\n- P\u0159\u00eddavn\u00e1 jm\u00e9na\n- Z\u00e1jmena\n- \u010c\u00edslovky\n- Slovesa\n- P\u0159\u00edslovce\n- P\u0159edlo\u017eky\n- Spojky\n- \u010c\u00e1stice\n- Citoslovce","item_id":"LX1600918","productname":"Slovn\u00ed druhy - Procvi\u010dovac\u00ed se\u0161it pro 3. ro\u010dn\u00edk Z\u0160","product":"Slovn\u00ed druhy - Procvi\u010dovac\u00ed se\u0161it pro 3. ro\u010dn\u00edk Z\u0160","url":"https:\/\/www.luxor.cz\/v\/1600918\/slovni-druhy-procvicovaci-sesit-pro-3-rocnik-zs","imgurl":"https:\/\/img.luxor.cz\/orig\/produkty\/8592032001558.jpg","price_vat":"38.00","margin":"","vat":"","paramname1":"","paramval1":"","paramname2":"","paramval2":"","paramname3":"","paramval3":"","paramname4":"","paramval4":"","paramname5":"","paramval5":"","paramname6":"","paramval6":"","paramname7":"","paramval7":"","paramname8":"","paramval8":"","paramname9":"","paramval9":"","paramname10":"","paramval10":"","ean":"8592032001558","manufacturer":"Pansofia","categorytext":""},"_links":{"self":[{"href":"https:\/\/www.luxor.cz\/blog\/wp-json\/wp\/v2\/product\/73582","targetHints":{"allow":["GET"]}}],"collection":[{"href":"https:\/\/www.luxor.cz\/blog\/wp-json\/wp\/v2\/product"}],"about":[{"href":"https:\/\/www.luxor.cz\/blog\/wp-json\/wp\/v2\/types\/product"}],"replies":[{"embeddable":true,"href":"https:\/\/www.luxor.cz\/blog\/wp-json\/wp\/v2\/comments?post=73582"}],"wp:attachment":[{"href":"https:\/\/www.luxor.cz\/blog\/wp-json\/wp\/v2\/media?parent=73582"}],"wp:term":[{"taxonomy":"product_cat","embeddable":true,"href":"https:\/\/www.luxor.cz\/blog\/wp-json\/wp\/v2\/product_cat?post=73582"},{"taxonomy":"product_tag","embeddable":true,"href":"https:\/\/www.luxor.cz\/blog\/wp-json\/wp\/v2\/product_tag?post=73582"}],"curies":[{"name":"wp","href":"https:\/\/api.w.org\/{rel}","templated":true}]}}