{"id":72283,"date":"2023-08-14T11:04:00","date_gmt":"2023-08-14T09:04:00","guid":{"rendered":"https:\/\/www.luxor.cz\/blog\/produkt\/pina-kolada-zive-2-cd\/"},"modified":"2023-08-14T11:04:02","modified_gmt":"2023-08-14T09:04:02","slug":"pina-kolada-zive-2-cd","status":"publish","type":"product","link":"https:\/\/www.luxor.cz\/blog\/produkt\/pina-kolada-zive-2-cd\/","title":{"rendered":"Pi\u0148a Kol\u00e1da &#8211; \u017div\u011b &#8211; 2 CD"},"content":{"rendered":"<p>Produkt &#8222;Pi\u0148a Kol\u00e1da &#8211; \u017div\u011b &#8211; 2 CD&#8220; spad\u00e1 do \u017e\u00e1nru CD. Jedn\u00e1 se o po\u010din nakladatelstv\u00ed &#8222;\u010cesk\u00e1 muzika&#8220; z roku 2013.<\/p>\n","protected":false},"excerpt":{"rendered":"<p>Produkt &#8222;Pi\u0148a Kol\u00e1da &#8211; \u017div\u011b &#8211; 2 CD&#8220; spad\u00e1 do \u017e\u00e1nru CD. Jedn\u00e1 se o po\u010din nakladatelstv\u00ed &#8222;\u010cesk\u00e1 muzika&#8220; z roku 2013.<\/p>\n","protected":false},"featured_media":0,"comment_status":"closed","ping_status":"open","template":"","meta":{"_acf_changed":false,"_monsterinsights_skip_tracking":false,"_monsterinsights_sitenote_active":false,"_monsterinsights_sitenote_note":"","_monsterinsights_sitenote_category":0,"_EventAllDay":false,"_EventTimezone":"","_EventStartDate":"","_EventEndDate":"","_EventStartDateUTC":"","_EventEndDateUTC":"","_EventShowMap":false,"_EventShowMapLink":false,"_EventURL":"","_EventCost":"","_EventCostDescription":"","_EventCurrencySymbol":"","_EventCurrencyCode":"","_EventCurrencyPosition":"","_EventDateTimeSeparator":"","_EventTimeRangeSeparator":"","_EventOrganizerID":[],"_EventVenueID":[],"_OrganizerEmail":"","_OrganizerPhone":"","_OrganizerWebsite":"","_VenueAddress":"","_VenueCity":"","_VenueCountry":"","_VenueProvince":"","_VenueState":"","_VenueZip":"","_VenuePhone":"","_VenueURL":"","_VenueStateProvince":"","_VenueLat":"","_VenueLng":"","_VenueShowMap":false,"_VenueShowMapLink":false,"twitterCardType":"","cardImageID":0,"cardImage":"","cardTitle":"","cardDesc":"","cardImageAlt":"","cardPlayer":"","cardPlayerWidth":0,"cardPlayerHeight":0,"cardPlayerStream":"","cardPlayerCodec":""},"product_cat":[],"product_tag":[],"class_list":["post-72283","product","type-product","status-publish","hentry"],"acf":{"description":"Produkt \"Pi\u0148a Kol\u00e1da - \u017div\u011b - 2 CD\" spad\u00e1 do \u017e\u00e1nru CD. Jedn\u00e1 se o po\u010din nakladatelstv\u00ed \"\u010cesk\u00e1 muzika\" z roku 2013.","item_id":"LX1595868","productname":"Pi\u0148a Kol\u00e1da - \u017div\u011b - 2 CD","product":"Pi\u0148a Kol\u00e1da - \u017div\u011b - 2 CD","url":"https:\/\/www.luxor.cz\/v\/1595868\/pina-kolada-zive-2-cd","imgurl":"https:\/\/img.luxor.cz\/orig\/produkty\/8595016248925.jpg","price_vat":"299.00","margin":"","vat":"","paramname1":"","paramval1":"","paramname2":"","paramval2":"","paramname3":"","paramval3":"","paramname4":"","paramval4":"","paramname5":"","paramval5":"","paramname6":"","paramval6":"","paramname7":"","paramval7":"","paramname8":"","paramval8":"","paramname9":"","paramval9":"","paramname10":"","paramval10":"","ean":"8595016248925","manufacturer":"\u010cesk\u00e1 muzika","categorytext":""},"_links":{"self":[{"href":"https:\/\/www.luxor.cz\/blog\/wp-json\/wp\/v2\/product\/72283","targetHints":{"allow":["GET"]}}],"collection":[{"href":"https:\/\/www.luxor.cz\/blog\/wp-json\/wp\/v2\/product"}],"about":[{"href":"https:\/\/www.luxor.cz\/blog\/wp-json\/wp\/v2\/types\/product"}],"replies":[{"embeddable":true,"href":"https:\/\/www.luxor.cz\/blog\/wp-json\/wp\/v2\/comments?post=72283"}],"wp:attachment":[{"href":"https:\/\/www.luxor.cz\/blog\/wp-json\/wp\/v2\/media?parent=72283"}],"wp:term":[{"taxonomy":"product_cat","embeddable":true,"href":"https:\/\/www.luxor.cz\/blog\/wp-json\/wp\/v2\/product_cat?post=72283"},{"taxonomy":"product_tag","embeddable":true,"href":"https:\/\/www.luxor.cz\/blog\/wp-json\/wp\/v2\/product_tag?post=72283"}],"curies":[{"name":"wp","href":"https:\/\/api.w.org\/{rel}","templated":true}]}}