{"id":70921,"date":"2023-08-14T10:58:05","date_gmt":"2023-08-14T08:58:05","guid":{"rendered":"https:\/\/www.luxor.cz\/blog\/produkt\/zviratko-herefordska-krava\/"},"modified":"2023-08-14T10:58:07","modified_gmt":"2023-08-14T08:58:07","slug":"zviratko-herefordska-krava","status":"publish","type":"product","link":"https:\/\/www.luxor.cz\/blog\/produkt\/zviratko-herefordska-krava\/","title":{"rendered":"Zv\u00ed\u0159\u00e1tko &#8211; herefordsk\u00e1 kr\u00e1va"},"content":{"rendered":"<p>Herefordsk\u00fd skot poch\u00e1z\u00ed z hrabstv\u00ed Herefordshire v Anglii, kde se chov\u00e1 u\u017e od 17. stolet\u00ed. Tato zv\u00ed\u0159ata jsou vylo\u017een\u011b dobr\u00e1ck\u00e1 a nen\u00e1ro\u010dn\u00e1. Jeliko\u017e se vyrovnaj\u00ed s t\u00e9m\u011b\u0159 jak\u00fdmkoli klimatem, chovaj\u00ed se dnes po cel\u00e9m sv\u011bt\u011b, od Austr\u00e1lie a\u017e po Argentinu. Herefordsk\u00e9 kr\u00e1vy p\u0159iv\u00e1d\u00ed na sv\u011bt sv\u00e9 prvn\u00ed tele ve v\u011bku dvou a\u017e t\u0159\u00ed let. Rozm\u011br: 14 x 8 x 4 cm. Nevhodn\u00e9 pro d\u011bti do 3 let. Doporu\u010den\u00fd v\u011bk: 3-8<\/p>\n","protected":false},"excerpt":{"rendered":"<p>Herefordsk\u00fd skot poch\u00e1z\u00ed z hrabstv\u00ed Herefordshire v Anglii, kde se chov\u00e1 u\u017e od 17. stolet\u00ed. Tato zv\u00ed\u0159ata jsou vylo\u017een\u011b dobr\u00e1ck\u00e1 a nen\u00e1ro\u010dn\u00e1. Jeliko\u017e se vyrovnaj\u00ed s t\u00e9m\u011b\u0159 jak\u00fdmkoli klimatem, chovaj\u00ed [&hellip;]<\/p>\n","protected":false},"featured_media":0,"comment_status":"closed","ping_status":"open","template":"","meta":{"_acf_changed":false,"_monsterinsights_skip_tracking":false,"_monsterinsights_sitenote_active":false,"_monsterinsights_sitenote_note":"","_monsterinsights_sitenote_category":0,"_EventAllDay":false,"_EventTimezone":"","_EventStartDate":"","_EventEndDate":"","_EventStartDateUTC":"","_EventEndDateUTC":"","_EventShowMap":false,"_EventShowMapLink":false,"_EventURL":"","_EventCost":"","_EventCostDescription":"","_EventCurrencySymbol":"","_EventCurrencyCode":"","_EventCurrencyPosition":"","_EventDateTimeSeparator":"","_EventTimeRangeSeparator":"","_EventOrganizerID":[],"_EventVenueID":[],"_OrganizerEmail":"","_OrganizerPhone":"","_OrganizerWebsite":"","_VenueAddress":"","_VenueCity":"","_VenueCountry":"","_VenueProvince":"","_VenueState":"","_VenueZip":"","_VenuePhone":"","_VenueURL":"","_VenueStateProvince":"","_VenueLat":"","_VenueLng":"","_VenueShowMap":false,"_VenueShowMapLink":false,"twitterCardType":"","cardImageID":0,"cardImage":"","cardTitle":"","cardDesc":"","cardImageAlt":"","cardPlayer":"","cardPlayerWidth":0,"cardPlayerHeight":0,"cardPlayerStream":"","cardPlayerCodec":""},"product_cat":[],"product_tag":[],"class_list":["post-70921","product","type-product","status-publish","hentry"],"acf":{"description":"Herefordsk\u00fd skot poch\u00e1z\u00ed z hrabstv\u00ed Herefordshire v Anglii, kde se chov\u00e1 u\u017e od 17. stolet\u00ed. Tato zv\u00ed\u0159ata jsou vylo\u017een\u011b dobr\u00e1ck\u00e1 a nen\u00e1ro\u010dn\u00e1. Jeliko\u017e se vyrovnaj\u00ed s t\u00e9m\u011b\u0159 jak\u00fdmkoli klimatem, chovaj\u00ed se dnes po cel\u00e9m sv\u011bt\u011b, od Austr\u00e1lie a\u017e po Argentinu. Herefordsk\u00e9 kr\u00e1vy p\u0159iv\u00e1d\u00ed na sv\u011bt sv\u00e9 prvn\u00ed tele ve v\u011bku dvou a\u017e t\u0159\u00ed let. Rozm\u011br: 14 x 8 x 4 cm. Nevhodn\u00e9 pro d\u011bti do 3 let. Doporu\u010den\u00fd v\u011bk: 3-8","item_id":"LX1589647","productname":"Zv\u00ed\u0159\u00e1tko - herefordsk\u00e1 kr\u00e1va","product":"Zv\u00ed\u0159\u00e1tko - herefordsk\u00e1 kr\u00e1va","url":"https:\/\/www.luxor.cz\/v\/1589647\/zviratko-herefordska-krava","imgurl":"https:\/\/img.luxor.cz\/orig\/produkty\/4055744028076.jpg","price_vat":"181.00","margin":"","vat":"","paramname1":"","paramval1":"","paramname2":"","paramval2":"","paramname3":"","paramval3":"","paramname4":"","paramval4":"","paramname5":"","paramval5":"","paramname6":"","paramval6":"","paramname7":"","paramval7":"","paramname8":"","paramval8":"","paramname9":"","paramval9":"","paramname10":"","paramval10":"","ean":"4055744028076","manufacturer":"Schleich","categorytext":""},"_links":{"self":[{"href":"https:\/\/www.luxor.cz\/blog\/wp-json\/wp\/v2\/product\/70921","targetHints":{"allow":["GET"]}}],"collection":[{"href":"https:\/\/www.luxor.cz\/blog\/wp-json\/wp\/v2\/product"}],"about":[{"href":"https:\/\/www.luxor.cz\/blog\/wp-json\/wp\/v2\/types\/product"}],"replies":[{"embeddable":true,"href":"https:\/\/www.luxor.cz\/blog\/wp-json\/wp\/v2\/comments?post=70921"}],"wp:attachment":[{"href":"https:\/\/www.luxor.cz\/blog\/wp-json\/wp\/v2\/media?parent=70921"}],"wp:term":[{"taxonomy":"product_cat","embeddable":true,"href":"https:\/\/www.luxor.cz\/blog\/wp-json\/wp\/v2\/product_cat?post=70921"},{"taxonomy":"product_tag","embeddable":true,"href":"https:\/\/www.luxor.cz\/blog\/wp-json\/wp\/v2\/product_tag?post=70921"}],"curies":[{"name":"wp","href":"https:\/\/api.w.org\/{rel}","templated":true}]}}