{"id":70421,"date":"2023-08-14T10:55:52","date_gmt":"2023-08-14T08:55:52","guid":{"rendered":"https:\/\/www.luxor.cz\/blog\/produkt\/escape-room-unikova-hra-exit\/"},"modified":"2023-08-14T10:55:54","modified_gmt":"2023-08-14T08:55:54","slug":"escape-room-unikova-hra-exit","status":"publish","type":"product","link":"https:\/\/www.luxor.cz\/blog\/produkt\/escape-room-unikova-hra-exit\/","title":{"rendered":"Escape Room &#8211; \u00danikov\u00e1 hra EXIT"},"content":{"rendered":"<p>Escape Room &#8211; \u00fanikov\u00e1 hra v sob\u011b obsahuje hned \u010dty\u0159i hry &#8211; \u010dtve\u0159ici jedine\u010dn\u00fdch puzzle, kter\u00e9 ka\u017ed\u00e9 vysta\u010d\u00ed a\u017e na 60 minut hran\u00ed. <\/p>\n<p>Vyzkou\u0161ejte schopnosti sv\u00e9 \u0161ed\u00e9 k\u016fry mozkov\u00e9. V ka\u017ed\u00e9 \u00fanikov\u00e9 m\u00edstnosti na v\u00e1s \u010dekaj\u00ed h\u00e1danky, kter\u00e9 budete \u0159e\u0161it ve t\u0159ech r\u016fzn\u00fdch f\u00e1z\u00edch pomoc\u00ed obr\u00e1zk\u016f, ozuben\u00fdch kol, slov, kl\u00ed\u010d\u016f, tvar\u016f, map a dal\u0161\u00edch prost\u0159edk\u016f. <\/p>\n<p>Elektronick\u00fd analogov\u00fd \u010dasova\u010d neust\u00e1le odpo\u010d\u00edt\u00e1v\u00e1 zb\u00fdvaj\u00edc\u00ed \u010das na centr\u00e1ln\u00edm chrono dekod\u00e9ru a vyd\u00e1v\u00e1 p\u0159itom zlov\u011bstn\u00e9 zvuky, kter\u00e9 jen umoc\u0148uj\u00ed atmosf\u00e9ru b\u011bhem hran\u00ed. <\/p>\n<p>A\u017e si budete myslet, \u017ee zn\u00e1te odpov\u011b\u010f, posu\u0148te 4 tla\u010d\u00edtka na chrono dekod\u00e9ru. Av\u0161ak pozor &#8211; pokud se zm\u00fdl\u00edte, bude v\u00e1m ode\u010dtena drahocenn\u00e1 minuta! <\/p>\n<p>Hra obsahuje \u010desk\u00e1 pravidla.<\/p>\n","protected":false},"excerpt":{"rendered":"<p>Escape Room &#8211; \u00fanikov\u00e1 hra v sob\u011b obsahuje hned \u010dty\u0159i hry &#8211; \u010dtve\u0159ici jedine\u010dn\u00fdch puzzle, kter\u00e9 ka\u017ed\u00e9 vysta\u010d\u00ed a\u017e na 60 minut hran\u00ed. Vyzkou\u0161ejte schopnosti sv\u00e9 \u0161ed\u00e9 k\u016fry mozkov\u00e9. V [&hellip;]<\/p>\n","protected":false},"featured_media":0,"comment_status":"closed","ping_status":"open","template":"","meta":{"_acf_changed":false,"_monsterinsights_skip_tracking":false,"_monsterinsights_sitenote_active":false,"_monsterinsights_sitenote_note":"","_monsterinsights_sitenote_category":0,"_EventAllDay":false,"_EventTimezone":"","_EventStartDate":"","_EventEndDate":"","_EventStartDateUTC":"","_EventEndDateUTC":"","_EventShowMap":false,"_EventShowMapLink":false,"_EventURL":"","_EventCost":"","_EventCostDescription":"","_EventCurrencySymbol":"","_EventCurrencyCode":"","_EventCurrencyPosition":"","_EventDateTimeSeparator":"","_EventTimeRangeSeparator":"","_EventOrganizerID":[],"_EventVenueID":[],"_OrganizerEmail":"","_OrganizerPhone":"","_OrganizerWebsite":"","_VenueAddress":"","_VenueCity":"","_VenueCountry":"","_VenueProvince":"","_VenueState":"","_VenueZip":"","_VenuePhone":"","_VenueURL":"","_VenueStateProvince":"","_VenueLat":"","_VenueLng":"","_VenueShowMap":false,"_VenueShowMapLink":false,"twitterCardType":"","cardImageID":0,"cardImage":"","cardTitle":"","cardDesc":"","cardImageAlt":"","cardPlayer":"","cardPlayerWidth":0,"cardPlayerHeight":0,"cardPlayerStream":"","cardPlayerCodec":""},"product_cat":[],"product_tag":[],"class_list":["post-70421","product","type-product","status-publish","hentry"],"acf":{"description":"Escape Room - \u00fanikov\u00e1 hra v sob\u011b obsahuje hned \u010dty\u0159i hry - \u010dtve\u0159ici jedine\u010dn\u00fdch puzzle, kter\u00e9 ka\u017ed\u00e9 vysta\u010d\u00ed a\u017e na 60 minut hran\u00ed. \n\nVyzkou\u0161ejte schopnosti sv\u00e9 \u0161ed\u00e9 k\u016fry mozkov\u00e9. V ka\u017ed\u00e9 \u00fanikov\u00e9 m\u00edstnosti na v\u00e1s \u010dekaj\u00ed h\u00e1danky, kter\u00e9 budete \u0159e\u0161it ve t\u0159ech r\u016fzn\u00fdch f\u00e1z\u00edch pomoc\u00ed obr\u00e1zk\u016f, ozuben\u00fdch kol, slov, kl\u00ed\u010d\u016f, tvar\u016f, map a dal\u0161\u00edch prost\u0159edk\u016f. \n\nElektronick\u00fd analogov\u00fd \u010dasova\u010d neust\u00e1le odpo\u010d\u00edt\u00e1v\u00e1 zb\u00fdvaj\u00edc\u00ed \u010das na centr\u00e1ln\u00edm chrono dekod\u00e9ru a vyd\u00e1v\u00e1 p\u0159itom zlov\u011bstn\u00e9 zvuky, kter\u00e9 jen umoc\u0148uj\u00ed atmosf\u00e9ru b\u011bhem hran\u00ed. \n\nA\u017e si budete myslet, \u017ee zn\u00e1te odpov\u011b\u010f, posu\u0148te 4 tla\u010d\u00edtka na chrono dekod\u00e9ru. Av\u0161ak pozor - pokud se zm\u00fdl\u00edte, bude v\u00e1m ode\u010dtena drahocenn\u00e1 minuta! \n\nHra obsahuje \u010desk\u00e1 pravidla.","item_id":"LX1589457","productname":"Escape Room - \u00danikov\u00e1 hra EXIT","product":"Escape Room - \u00danikov\u00e1 hra EXIT","url":"https:\/\/www.luxor.cz\/v\/1589457\/escape-room-unikova-hra-exit","imgurl":"https:\/\/img.luxor.cz\/orig\/produkty\/8594054916766.jpg","price_vat":"1099.00","margin":"","vat":"","paramname1":"","paramval1":"","paramname2":"","paramval2":"","paramname3":"","paramval3":"","paramname4":"","paramval4":"","paramname5":"","paramval5":"","paramname6":"","paramval6":"","paramname7":"","paramval7":"","paramname8":"","paramval8":"","paramname9":"","paramval9":"","paramname10":"","paramval10":"","ean":"8594054916766","manufacturer":"Identity Games","categorytext":""},"_links":{"self":[{"href":"https:\/\/www.luxor.cz\/blog\/wp-json\/wp\/v2\/product\/70421","targetHints":{"allow":["GET"]}}],"collection":[{"href":"https:\/\/www.luxor.cz\/blog\/wp-json\/wp\/v2\/product"}],"about":[{"href":"https:\/\/www.luxor.cz\/blog\/wp-json\/wp\/v2\/types\/product"}],"replies":[{"embeddable":true,"href":"https:\/\/www.luxor.cz\/blog\/wp-json\/wp\/v2\/comments?post=70421"}],"wp:attachment":[{"href":"https:\/\/www.luxor.cz\/blog\/wp-json\/wp\/v2\/media?parent=70421"}],"wp:term":[{"taxonomy":"product_cat","embeddable":true,"href":"https:\/\/www.luxor.cz\/blog\/wp-json\/wp\/v2\/product_cat?post=70421"},{"taxonomy":"product_tag","embeddable":true,"href":"https:\/\/www.luxor.cz\/blog\/wp-json\/wp\/v2\/product_tag?post=70421"}],"curies":[{"name":"wp","href":"https:\/\/api.w.org\/{rel}","templated":true}]}}