{"id":70289,"date":"2023-08-14T10:55:14","date_gmt":"2023-08-14T08:55:14","guid":{"rendered":"https:\/\/www.luxor.cz\/blog\/produkt\/pra-pra-pra-2-cdmp3-cte-frantisek-ringo-cech\/"},"modified":"2023-08-14T10:55:18","modified_gmt":"2023-08-14T08:55:18","slug":"pra-pra-pra-2-cdmp3-cte-frantisek-ringo-cech","status":"publish","type":"product","link":"https:\/\/www.luxor.cz\/blog\/produkt\/pra-pra-pra-2-cdmp3-cte-frantisek-ringo-cech\/","title":{"rendered":"Pra pra pra &#8211; 2 CDmp3 (\u010cte Franti\u0161ek Ringo \u010cech)"},"content":{"rendered":"<p>P\u0159\u00edchod kmene \u010cech\u016f k ho\u0159e \u0158\u00edp je dodnes obest\u0159en spoustou otazn\u00edk\u016f. Jako by jich u\u017e tak nebylo dost, klade si Franti\u0161ek Ringo \u010cech dal\u0161\u00ed znepokojiv\u00e9 ot\u00e1zky. Na rozd\u00edl od jin\u00fdch badatel\u016f v\u0161ak d\u00edky sv\u00e9 fantazii poka\u017ed\u00e9 nalezne uspokojivou odpov\u011b\u010f.<br \/>\nPokud p\u0159ijmete m\u00edrnou nads\u00e1zku a m\u00e1te r\u00e1di osobit\u00fd humor autora, budete se i vy jist\u011b dob\u0159e bavit.<\/p>\n<p>\u010cte: Franti\u0161ek Ringo \u010cech, d\u00e1le \u00fa\u010dinkuje: Ur\u0161ula Klukov\u00e1.<br \/>\nAudiokniha 13 hod. 6 min. ( 2x disk MP3)<\/p>\n","protected":false},"excerpt":{"rendered":"<p>P\u0159\u00edchod kmene \u010cech\u016f k ho\u0159e \u0158\u00edp je dodnes obest\u0159en spoustou otazn\u00edk\u016f. Jako by jich u\u017e tak nebylo dost, klade si Franti\u0161ek Ringo \u010cech dal\u0161\u00ed znepokojiv\u00e9 ot\u00e1zky. Na rozd\u00edl od jin\u00fdch [&hellip;]<\/p>\n","protected":false},"featured_media":0,"comment_status":"closed","ping_status":"open","template":"","meta":{"_acf_changed":false,"_monsterinsights_skip_tracking":false,"_monsterinsights_sitenote_active":false,"_monsterinsights_sitenote_note":"","_monsterinsights_sitenote_category":0,"_EventAllDay":false,"_EventTimezone":"","_EventStartDate":"","_EventEndDate":"","_EventStartDateUTC":"","_EventEndDateUTC":"","_EventShowMap":false,"_EventShowMapLink":false,"_EventURL":"","_EventCost":"","_EventCostDescription":"","_EventCurrencySymbol":"","_EventCurrencyCode":"","_EventCurrencyPosition":"","_EventDateTimeSeparator":"","_EventTimeRangeSeparator":"","_EventOrganizerID":[],"_EventVenueID":[],"_OrganizerEmail":"","_OrganizerPhone":"","_OrganizerWebsite":"","_VenueAddress":"","_VenueCity":"","_VenueCountry":"","_VenueProvince":"","_VenueState":"","_VenueZip":"","_VenuePhone":"","_VenueURL":"","_VenueStateProvince":"","_VenueLat":"","_VenueLng":"","_VenueShowMap":false,"_VenueShowMapLink":false,"twitterCardType":"","cardImageID":0,"cardImage":"","cardTitle":"","cardDesc":"","cardImageAlt":"","cardPlayer":"","cardPlayerWidth":0,"cardPlayerHeight":0,"cardPlayerStream":"","cardPlayerCodec":""},"product_cat":[],"product_tag":[],"class_list":["post-70289","product","type-product","status-publish","hentry"],"acf":{"description":"P\u0159\u00edchod kmene \u010cech\u016f k ho\u0159e \u0158\u00edp je dodnes obest\u0159en spoustou otazn\u00edk\u016f. Jako by jich u\u017e tak nebylo dost, klade si Franti\u0161ek Ringo \u010cech dal\u0161\u00ed znepokojiv\u00e9 ot\u00e1zky. Na rozd\u00edl od jin\u00fdch badatel\u016f v\u0161ak d\u00edky sv\u00e9 fantazii poka\u017ed\u00e9 nalezne uspokojivou odpov\u011b\u010f.\nPokud p\u0159ijmete m\u00edrnou nads\u00e1zku a m\u00e1te r\u00e1di osobit\u00fd humor autora, budete se i vy jist\u011b dob\u0159e bavit.\n\n\u010cte: Franti\u0161ek Ringo \u010cech, d\u00e1le \u00fa\u010dinkuje: Ur\u0161ula Klukov\u00e1.\nAudiokniha 13 hod. 6 min. ( 2x disk MP3)","item_id":"LX1596428","productname":"Pra pra pra - 2 CDmp3 (\u010cte Franti\u0161ek Ringo \u010cech)","product":"Pra pra pra - 2 CDmp3 (\u010cte Franti\u0161ek Ringo \u010cech)","url":"https:\/\/www.luxor.cz\/v\/1596428\/pra-pra-pra-2-cdmp3cte-frantisek-ringo-cech","imgurl":"https:\/\/img.luxor.cz\/orig\/produkty\/8595209640192.jpg","price_vat":"179.00","margin":"","vat":"","paramname1":"","paramval1":"","paramname2":"","paramval2":"","paramname3":"","paramval3":"","paramname4":"","paramval4":"","paramname5":"","paramval5":"","paramname6":"","paramval6":"","paramname7":"","paramval7":"","paramname8":"","paramval8":"","paramname9":"","paramval9":"","paramname10":"","paramval10":"","ean":"8595209640192","manufacturer":"Zem\u011b poh\u00e1dek","categorytext":""},"_links":{"self":[{"href":"https:\/\/www.luxor.cz\/blog\/wp-json\/wp\/v2\/product\/70289","targetHints":{"allow":["GET"]}}],"collection":[{"href":"https:\/\/www.luxor.cz\/blog\/wp-json\/wp\/v2\/product"}],"about":[{"href":"https:\/\/www.luxor.cz\/blog\/wp-json\/wp\/v2\/types\/product"}],"replies":[{"embeddable":true,"href":"https:\/\/www.luxor.cz\/blog\/wp-json\/wp\/v2\/comments?post=70289"}],"wp:attachment":[{"href":"https:\/\/www.luxor.cz\/blog\/wp-json\/wp\/v2\/media?parent=70289"}],"wp:term":[{"taxonomy":"product_cat","embeddable":true,"href":"https:\/\/www.luxor.cz\/blog\/wp-json\/wp\/v2\/product_cat?post=70289"},{"taxonomy":"product_tag","embeddable":true,"href":"https:\/\/www.luxor.cz\/blog\/wp-json\/wp\/v2\/product_tag?post=70289"}],"curies":[{"name":"wp","href":"https:\/\/api.w.org\/{rel}","templated":true}]}}