{"id":67067,"date":"2023-08-14T10:40:57","date_gmt":"2023-08-14T08:40:57","guid":{"rendered":"https:\/\/www.luxor.cz\/blog\/produkt\/jiri-zmozek-nejhezci-darek-a-dalsi-hity-2cd\/"},"modified":"2023-08-14T10:40:59","modified_gmt":"2023-08-14T08:40:59","slug":"jiri-zmozek-nejhezci-darek-a-dalsi-hity-2cd","status":"publish","type":"product","link":"https:\/\/www.luxor.cz\/blog\/produkt\/jiri-zmozek-nejhezci-darek-a-dalsi-hity-2cd\/","title":{"rendered":"Ji\u0159\u00ed Zmo\u017eek &#8211; Nejhez\u010d\u00ed d\u00e1rek a dal\u0161\u00ed hity 2CD"},"content":{"rendered":"<p>Profil Ji\u0159\u00edho Zmo\u017eka jako autora\/interpreta je na \u0159ad\u011b CD ji\u017e zachycen. Tento nov\u00fd v\u00fdb\u011br p\u0159edstavuje jeho nejv\u011bt\u0161\u00ed hity v p\u016fvodn\u00edch nahr\u00e1vk\u00e1ch zn\u00e1m\u00fdch zp\u011bv\u00e1k\u016f. Jeho p\u00edsni\u010dky byly vlastn\u011b automatickou cestou k \u00fasp\u011bchu a \u010detn\u00fdm r\u00e1diov\u00fdm rotac\u00edm. Nen\u00ed tedy divu, \u017ee tuto kompilaci bez pot\u00ed\u017e\u00ed zaplnily skladby tak proslul\u00e9, jako Ne\u0161lap, nel\u00e1mej, Tam u nebesk\u00fdch bran, Kantil\u00e9na, Brevi\u00e1\u0159 l\u00e1sky a dal\u0161\u00ed.<\/p>\n","protected":false},"excerpt":{"rendered":"<p>Profil Ji\u0159\u00edho Zmo\u017eka jako autora\/interpreta je na \u0159ad\u011b CD ji\u017e zachycen. Tento nov\u00fd v\u00fdb\u011br p\u0159edstavuje jeho nejv\u011bt\u0161\u00ed hity v p\u016fvodn\u00edch nahr\u00e1vk\u00e1ch zn\u00e1m\u00fdch zp\u011bv\u00e1k\u016f. Jeho p\u00edsni\u010dky byly vlastn\u011b automatickou cestou k [&hellip;]<\/p>\n","protected":false},"featured_media":0,"comment_status":"closed","ping_status":"open","template":"","meta":{"_acf_changed":false,"_monsterinsights_skip_tracking":false,"_monsterinsights_sitenote_active":false,"_monsterinsights_sitenote_note":"","_monsterinsights_sitenote_category":0,"_EventAllDay":false,"_EventTimezone":"","_EventStartDate":"","_EventEndDate":"","_EventStartDateUTC":"","_EventEndDateUTC":"","_EventShowMap":false,"_EventShowMapLink":false,"_EventURL":"","_EventCost":"","_EventCostDescription":"","_EventCurrencySymbol":"","_EventCurrencyCode":"","_EventCurrencyPosition":"","_EventDateTimeSeparator":"","_EventTimeRangeSeparator":"","_EventOrganizerID":[],"_EventVenueID":[],"_OrganizerEmail":"","_OrganizerPhone":"","_OrganizerWebsite":"","_VenueAddress":"","_VenueCity":"","_VenueCountry":"","_VenueProvince":"","_VenueState":"","_VenueZip":"","_VenuePhone":"","_VenueURL":"","_VenueStateProvince":"","_VenueLat":"","_VenueLng":"","_VenueShowMap":false,"_VenueShowMapLink":false,"twitterCardType":"","cardImageID":0,"cardImage":"","cardTitle":"","cardDesc":"","cardImageAlt":"","cardPlayer":"","cardPlayerWidth":0,"cardPlayerHeight":0,"cardPlayerStream":"","cardPlayerCodec":""},"product_cat":[],"product_tag":[],"class_list":["post-67067","product","type-product","status-publish","hentry"],"acf":{"description":"Profil Ji\u0159\u00edho Zmo\u017eka jako autora\/interpreta je na \u0159ad\u011b CD ji\u017e zachycen. Tento nov\u00fd v\u00fdb\u011br p\u0159edstavuje jeho nejv\u011bt\u0161\u00ed hity v p\u016fvodn\u00edch nahr\u00e1vk\u00e1ch zn\u00e1m\u00fdch zp\u011bv\u00e1k\u016f. Jeho p\u00edsni\u010dky byly vlastn\u011b automatickou cestou k \u00fasp\u011bchu a \u010detn\u00fdm r\u00e1diov\u00fdm rotac\u00edm. Nen\u00ed tedy divu, \u017ee tuto kompilaci bez pot\u00ed\u017e\u00ed zaplnily skladby tak proslul\u00e9, jako Ne\u0161lap, nel\u00e1mej, Tam u nebesk\u00fdch bran, Kantil\u00e9na, Brevi\u00e1\u0159 l\u00e1sky a dal\u0161\u00ed.","item_id":"LX1582685","productname":"Ji\u0159\u00ed Zmo\u017eek - Nejhez\u010d\u00ed d\u00e1rek a dal\u0161\u00ed hity 2CD","product":"Ji\u0159\u00ed Zmo\u017eek - Nejhez\u010d\u00ed d\u00e1rek a dal\u0161\u00ed hity 2CD","url":"https:\/\/www.luxor.cz\/v\/1582685\/jiri-zmozek-nejhezci-darek-a-dalsi-hity-2cd","imgurl":"https:\/\/img.luxor.cz\/orig\/produkty\/099925601126.jpg","price_vat":"251.00","margin":"","vat":"","paramname1":"","paramval1":"","paramname2":"","paramval2":"","paramname3":"","paramval3":"","paramname4":"","paramval4":"","paramname5":"","paramval5":"","paramname6":"","paramval6":"","paramname7":"","paramval7":"","paramname8":"","paramval8":"","paramname9":"","paramval9":"","paramname10":"","paramval10":"","ean":"099925601126","manufacturer":"Supraphon","categorytext":""},"_links":{"self":[{"href":"https:\/\/www.luxor.cz\/blog\/wp-json\/wp\/v2\/product\/67067","targetHints":{"allow":["GET"]}}],"collection":[{"href":"https:\/\/www.luxor.cz\/blog\/wp-json\/wp\/v2\/product"}],"about":[{"href":"https:\/\/www.luxor.cz\/blog\/wp-json\/wp\/v2\/types\/product"}],"replies":[{"embeddable":true,"href":"https:\/\/www.luxor.cz\/blog\/wp-json\/wp\/v2\/comments?post=67067"}],"wp:attachment":[{"href":"https:\/\/www.luxor.cz\/blog\/wp-json\/wp\/v2\/media?parent=67067"}],"wp:term":[{"taxonomy":"product_cat","embeddable":true,"href":"https:\/\/www.luxor.cz\/blog\/wp-json\/wp\/v2\/product_cat?post=67067"},{"taxonomy":"product_tag","embeddable":true,"href":"https:\/\/www.luxor.cz\/blog\/wp-json\/wp\/v2\/product_tag?post=67067"}],"curies":[{"name":"wp","href":"https:\/\/api.w.org\/{rel}","templated":true}]}}