{"id":67031,"date":"2023-08-14T10:40:47","date_gmt":"2023-08-14T08:40:47","guid":{"rendered":"https:\/\/www.luxor.cz\/blog\/produkt\/alp-sp-alpske-staty-1400-000-autoatlas\/"},"modified":"2023-08-14T10:40:50","modified_gmt":"2023-08-14T08:40:50","slug":"alp-sp-alpske-staty-1400-000-autoatlas","status":"publish","type":"product","link":"https:\/\/www.luxor.cz\/blog\/produkt\/alp-sp-alpske-staty-1400-000-autoatlas\/","title":{"rendered":"ALP SP Alpsk\u00e9 st\u00e1ty 1:400 000 \/ autoatlas"},"content":{"rendered":"<p>Produkt &#8222;Alpsk\u00e9 zem\u011b 1:400 000 &#8211; autoatlas&#8220; spad\u00e1 do \u017e\u00e1nru Mapy, atlasy. Autorem je neuveden. Obsahuje 272 stran. Jedn\u00e1 se o po\u010din nakladatelstv\u00ed &#8222;Freytag &#038; Berndt&#8220; z roku 2019.<\/p>\n","protected":false},"excerpt":{"rendered":"<p>Produkt &#8222;Alpsk\u00e9 zem\u011b 1:400 000 &#8211; autoatlas&#8220; spad\u00e1 do \u017e\u00e1nru Mapy, atlasy. Autorem je neuveden. Obsahuje 272 stran. Jedn\u00e1 se o po\u010din nakladatelstv\u00ed &#8222;Freytag &#038; Berndt&#8220; z roku 2019.<\/p>\n","protected":false},"featured_media":0,"comment_status":"closed","ping_status":"open","template":"","meta":{"_acf_changed":false,"_monsterinsights_skip_tracking":false,"_monsterinsights_sitenote_active":false,"_monsterinsights_sitenote_note":"","_monsterinsights_sitenote_category":0,"_EventAllDay":false,"_EventTimezone":"","_EventStartDate":"","_EventEndDate":"","_EventStartDateUTC":"","_EventEndDateUTC":"","_EventShowMap":false,"_EventShowMapLink":false,"_EventURL":"","_EventCost":"","_EventCostDescription":"","_EventCurrencySymbol":"","_EventCurrencyCode":"","_EventCurrencyPosition":"","_EventDateTimeSeparator":"","_EventTimeRangeSeparator":"","_EventOrganizerID":[],"_EventVenueID":[],"_OrganizerEmail":"","_OrganizerPhone":"","_OrganizerWebsite":"","_VenueAddress":"","_VenueCity":"","_VenueCountry":"","_VenueProvince":"","_VenueState":"","_VenueZip":"","_VenuePhone":"","_VenueURL":"","_VenueStateProvince":"","_VenueLat":"","_VenueLng":"","_VenueShowMap":false,"_VenueShowMapLink":false,"twitterCardType":"","cardImageID":0,"cardImage":"","cardTitle":"","cardDesc":"","cardImageAlt":"","cardPlayer":"","cardPlayerWidth":0,"cardPlayerHeight":0,"cardPlayerStream":"","cardPlayerCodec":""},"product_cat":[],"product_tag":[],"class_list":["post-67031","product","type-product","status-publish","hentry"],"acf":{"description":"Produkt \"Alpsk\u00e9 zem\u011b 1:400 000 - autoatlas\" spad\u00e1 do \u017e\u00e1nru Mapy, atlasy. Autorem je neuveden. Obsahuje 272 stran. Jedn\u00e1 se o po\u010din nakladatelstv\u00ed \"Freytag & Berndt\" z roku 2019.","item_id":"LX1582539","productname":"ALP SP Alpsk\u00e9 st\u00e1ty 1:400 000 \/ autoatlas","product":"ALP SP Alpsk\u00e9 st\u00e1ty 1:400 000 \/ autoatlas","url":"https:\/\/www.luxor.cz\/v\/1582539\/alpske-zeme-1400-000-autoatlas","imgurl":"https:\/\/img.luxor.cz\/orig\/produkty\/9783707907469.jpg","price_vat":"356.00","margin":"","vat":"","paramname1":"","paramval1":"","paramname2":"","paramval2":"","paramname3":"","paramval3":"","paramname4":"","paramval4":"","paramname5":"","paramval5":"","paramname6":"","paramval6":"","paramname7":"","paramval7":"","paramname8":"","paramval8":"","paramname9":"","paramval9":"","paramname10":"","paramval10":"","ean":"9783707907469","manufacturer":"Freytag & Berndt","categorytext":""},"_links":{"self":[{"href":"https:\/\/www.luxor.cz\/blog\/wp-json\/wp\/v2\/product\/67031","targetHints":{"allow":["GET"]}}],"collection":[{"href":"https:\/\/www.luxor.cz\/blog\/wp-json\/wp\/v2\/product"}],"about":[{"href":"https:\/\/www.luxor.cz\/blog\/wp-json\/wp\/v2\/types\/product"}],"replies":[{"embeddable":true,"href":"https:\/\/www.luxor.cz\/blog\/wp-json\/wp\/v2\/comments?post=67031"}],"wp:attachment":[{"href":"https:\/\/www.luxor.cz\/blog\/wp-json\/wp\/v2\/media?parent=67031"}],"wp:term":[{"taxonomy":"product_cat","embeddable":true,"href":"https:\/\/www.luxor.cz\/blog\/wp-json\/wp\/v2\/product_cat?post=67031"},{"taxonomy":"product_tag","embeddable":true,"href":"https:\/\/www.luxor.cz\/blog\/wp-json\/wp\/v2\/product_tag?post=67031"}],"curies":[{"name":"wp","href":"https:\/\/api.w.org\/{rel}","templated":true}]}}