{"id":64678,"date":"2023-08-14T10:29:03","date_gmt":"2023-08-14T08:29:03","guid":{"rendered":"https:\/\/www.luxor.cz\/blog\/produkt\/ted-bundy-vrah-po-mem-boku\/"},"modified":"2023-08-14T10:29:07","modified_gmt":"2023-08-14T08:29:07","slug":"ted-bundy-vrah-po-mem-boku","status":"publish","type":"product","link":"https:\/\/www.luxor.cz\/blog\/produkt\/ted-bundy-vrah-po-mem-boku\/","title":{"rendered":"Ted Bundy, vrah po m\u00e9m boku"},"content":{"rendered":"<p>Jak pozn\u00e1te, komu v\u011b\u0159it?<br \/>\nKomplexn\u00ed portr\u00e9t Teda Bundyho a jeho brut\u00e1ln\u00edho p\u0159\u00edpadu.<\/p>\n<p>Kniha spisovatelky Ann Rule zpracov\u00e1v\u00e1 p\u0159\u00edb\u011bh s\u00e9riov\u00e9ho vraha Teda Bundyho, kauzu, kter\u00e1 ot\u0159\u00e1sla Amerikou. Stejn\u011b jako v dob\u011b sv\u00e9ho vzniku d\u011bsiv\u011b pop\u00edr\u00e1 na\u0161i p\u0159edstavu, \u017ee bychom p\u0159ece samoz\u0159ejm\u011b poznali, kdyby mezi n\u00e1mi \u017eilo monstrum, pracovalo vedle n\u00e1s a tv\u00e1\u0159ilo se, \u017ee je jedn\u00edm z n\u00e1s.<br \/>\nS mrazen\u00edm stup\u0148uj\u00edc\u00edm se s ka\u017edou dal\u0161\u00ed str\u00e1nkou sledujeme, jak si autorka za\u010dala postupn\u011b uv\u011bdomovat, \u017ee jej\u00ed citliv\u00fd spolupracovn\u00edk z krizov\u00e9 linky Ted Bundy je ve skute\u010dnosti jedn\u00edm z nejd\u011bsiv\u011bj\u0161\u00edch s\u00e9riov\u00fdch vrah\u016f Ameriky. Bundy se doznal k zabit\u00ed nejm\u00e9n\u011b \u0161estat\u0159iceti mlad\u00fdch \u017een po cel\u00fdch Spojen\u00fdch st\u00e1tech a za t\u0159i z t\u011bchto vra\u017ed byl nakonec odsouzen k smrti na elektrick\u00e9m k\u0159esle. Autorka \u010derpala i ze sv\u00e9 korespondence s Bundym, je\u017e trvala a\u017e do doby kr\u00e1tce p\u0159ed jeho popravou. Poda\u0159ilo se j\u00ed udr\u017eet v rovnov\u00e1ze sv\u016fj hluboce osobn\u00ed pohled na v\u011bc a svou roli krimin\u00e1ln\u00ed report\u00e9rky p\u0159i honu na brut\u00e1ln\u00edho s\u00e9riov\u00e9ho vraha \u2013 geni\u00e1ln\u00edho a charismatick\u00e9ho Bundyho, o n\u011bm\u017e si myslela, \u017ee ho zn\u00e1. Touto nezapomenutelnou kronikou Bundyho \u017eivota, jeho p\u0159\u00edpadu a jejich vz\u00e1jemn\u00e9ho vztahu, Ann Rule zm\u011bnila sm\u011b\u0159ov\u00e1n\u00ed liter\u00e1rn\u00edho \u017e\u00e1nru true crime<\/p>\n","protected":false},"excerpt":{"rendered":"<p>Jak pozn\u00e1te, komu v\u011b\u0159it? Komplexn\u00ed portr\u00e9t Teda Bundyho a jeho brut\u00e1ln\u00edho p\u0159\u00edpadu. Kniha spisovatelky Ann Rule zpracov\u00e1v\u00e1 p\u0159\u00edb\u011bh s\u00e9riov\u00e9ho vraha Teda Bundyho, kauzu, kter\u00e1 ot\u0159\u00e1sla Amerikou. Stejn\u011b jako v dob\u011b [&hellip;]<\/p>\n","protected":false},"featured_media":0,"comment_status":"closed","ping_status":"open","template":"","meta":{"_acf_changed":false,"_monsterinsights_skip_tracking":false,"_monsterinsights_sitenote_active":false,"_monsterinsights_sitenote_note":"","_monsterinsights_sitenote_category":0,"_EventAllDay":false,"_EventTimezone":"","_EventStartDate":"","_EventEndDate":"","_EventStartDateUTC":"","_EventEndDateUTC":"","_EventShowMap":false,"_EventShowMapLink":false,"_EventURL":"","_EventCost":"","_EventCostDescription":"","_EventCurrencySymbol":"","_EventCurrencyCode":"","_EventCurrencyPosition":"","_EventDateTimeSeparator":"","_EventTimeRangeSeparator":"","_EventOrganizerID":[],"_EventVenueID":[],"_OrganizerEmail":"","_OrganizerPhone":"","_OrganizerWebsite":"","_VenueAddress":"","_VenueCity":"","_VenueCountry":"","_VenueProvince":"","_VenueState":"","_VenueZip":"","_VenuePhone":"","_VenueURL":"","_VenueStateProvince":"","_VenueLat":"","_VenueLng":"","_VenueShowMap":false,"_VenueShowMapLink":false,"twitterCardType":"","cardImageID":0,"cardImage":"","cardTitle":"","cardDesc":"","cardImageAlt":"","cardPlayer":"","cardPlayerWidth":0,"cardPlayerHeight":0,"cardPlayerStream":"","cardPlayerCodec":""},"product_cat":[],"product_tag":[],"class_list":["post-64678","product","type-product","status-publish","hentry"],"acf":{"description":"Jak pozn\u00e1te, komu v\u011b\u0159it?\nKomplexn\u00ed portr\u00e9t Teda Bundyho a jeho brut\u00e1ln\u00edho p\u0159\u00edpadu.\n\nKniha spisovatelky Ann Rule zpracov\u00e1v\u00e1 p\u0159\u00edb\u011bh s\u00e9riov\u00e9ho vraha Teda Bundyho, kauzu, kter\u00e1 ot\u0159\u00e1sla Amerikou. Stejn\u011b jako v dob\u011b sv\u00e9ho vzniku d\u011bsiv\u011b pop\u00edr\u00e1 na\u0161i p\u0159edstavu, \u017ee bychom p\u0159ece samoz\u0159ejm\u011b poznali, kdyby mezi n\u00e1mi \u017eilo monstrum, pracovalo vedle n\u00e1s a tv\u00e1\u0159ilo se, \u017ee je jedn\u00edm z n\u00e1s.\nS mrazen\u00edm stup\u0148uj\u00edc\u00edm se s ka\u017edou dal\u0161\u00ed str\u00e1nkou sledujeme, jak si autorka za\u010dala postupn\u011b uv\u011bdomovat, \u017ee jej\u00ed citliv\u00fd spolupracovn\u00edk z krizov\u00e9 linky Ted Bundy je ve skute\u010dnosti jedn\u00edm z nejd\u011bsiv\u011bj\u0161\u00edch s\u00e9riov\u00fdch vrah\u016f Ameriky. Bundy se doznal k zabit\u00ed nejm\u00e9n\u011b \u0161estat\u0159iceti mlad\u00fdch \u017een po cel\u00fdch Spojen\u00fdch st\u00e1tech a za t\u0159i z t\u011bchto vra\u017ed byl nakonec odsouzen k smrti na elektrick\u00e9m k\u0159esle. Autorka \u010derpala i ze sv\u00e9 korespondence s Bundym, je\u017e trvala a\u017e do doby kr\u00e1tce p\u0159ed jeho popravou. Poda\u0159ilo se j\u00ed udr\u017eet v rovnov\u00e1ze sv\u016fj hluboce osobn\u00ed pohled na v\u011bc a svou roli krimin\u00e1ln\u00ed report\u00e9rky p\u0159i honu na brut\u00e1ln\u00edho s\u00e9riov\u00e9ho vraha \u2013 geni\u00e1ln\u00edho a charismatick\u00e9ho Bundyho, o n\u011bm\u017e si myslela, \u017ee ho zn\u00e1. Touto nezapomenutelnou kronikou Bundyho \u017eivota, jeho p\u0159\u00edpadu a jejich vz\u00e1jemn\u00e9ho vztahu, Ann Rule zm\u011bnila sm\u011b\u0159ov\u00e1n\u00ed liter\u00e1rn\u00edho \u017e\u00e1nru true crime","item_id":"LX1569776","productname":"Ted Bundy, vrah po m\u00e9m boku","product":"Ted Bundy, vrah po m\u00e9m boku","url":"https:\/\/www.luxor.cz\/v\/1569776\/ted-bundy-vrah-po-mem-boku","imgurl":"https:\/\/img.luxor.cz\/orig\/produkty\/9788075650313.jpg","price_vat":"446.00","margin":"","vat":"","paramname1":"","paramval1":"","paramname2":"","paramval2":"","paramname3":"","paramval3":"","paramname4":"","paramval4":"","paramname5":"","paramval5":"","paramname6":"","paramval6":"","paramname7":"","paramval7":"","paramname8":"","paramval8":"","paramname9":"","paramval9":"","paramname10":"","paramval10":"","ean":"9788075650313","manufacturer":"Jota","categorytext":""},"_links":{"self":[{"href":"https:\/\/www.luxor.cz\/blog\/wp-json\/wp\/v2\/product\/64678","targetHints":{"allow":["GET"]}}],"collection":[{"href":"https:\/\/www.luxor.cz\/blog\/wp-json\/wp\/v2\/product"}],"about":[{"href":"https:\/\/www.luxor.cz\/blog\/wp-json\/wp\/v2\/types\/product"}],"replies":[{"embeddable":true,"href":"https:\/\/www.luxor.cz\/blog\/wp-json\/wp\/v2\/comments?post=64678"}],"wp:attachment":[{"href":"https:\/\/www.luxor.cz\/blog\/wp-json\/wp\/v2\/media?parent=64678"}],"wp:term":[{"taxonomy":"product_cat","embeddable":true,"href":"https:\/\/www.luxor.cz\/blog\/wp-json\/wp\/v2\/product_cat?post=64678"},{"taxonomy":"product_tag","embeddable":true,"href":"https:\/\/www.luxor.cz\/blog\/wp-json\/wp\/v2\/product_tag?post=64678"}],"curies":[{"name":"wp","href":"https:\/\/api.w.org\/{rel}","templated":true}]}}