{"id":63897,"date":"2023-08-14T10:25:21","date_gmt":"2023-08-14T08:25:21","guid":{"rendered":"https:\/\/www.luxor.cz\/blog\/produkt\/ci-je-to-kostra\/"},"modified":"2023-08-14T10:25:24","modified_gmt":"2023-08-14T08:25:24","slug":"ci-je-to-kostra","status":"publish","type":"product","link":"https:\/\/www.luxor.cz\/blog\/produkt\/ci-je-to-kostra\/","title":{"rendered":"\u010c\u00ed je to kostra?"},"content":{"rendered":"<p>Jsou kostry stra\u0161ideln\u00e9? Mo\u017en\u00e1 trochu, ale nudn\u00e9 rozhodn\u011b ne!<\/p>\n<p>Kostra je neuv\u011b\u0159iteln\u011b fascinuj\u00edc\u00ed sou\u010d\u00e1st t\u011bla v\u011bt\u0161iny tvor\u016f, kter\u00e9 zn\u00e1\u0161. Z \u010deho se skl\u00e1d\u00e1? Jak funguje? Je mo\u017en\u00e9 na prvn\u00ed pohled rozeznat lidskou kostru od goril\u00ed nebo rozli\u0161it lebku \u017eelvy od lebky zmije? Pro\u010d m\u00e1 d\u00edt\u011b v t\u011ble 350 kost\u00ed a dosp\u011bl\u00fd jen 200? V t\u00e9to hrav\u00e9 encyklopedii se dozv\u00ed\u0161 o kost\u0159e v\u0161e \u2014 od hlavy a\u017e k pat\u011b. <\/p>\n<p>Pozn\u00e1\u0161, \u010d\u00ed je to kostra? Nahl\u00e9dni pod jedno z 25 odkl\u00e1p\u011bc\u00edch ok\u00e9nek a nech se p\u0159ekvapit, co odhal\u00ed. <\/p>\n<p>Pro \u010dten\u00e1\u0159e od \u0161esti let<\/p>\n","protected":false},"excerpt":{"rendered":"<p>Jsou kostry stra\u0161ideln\u00e9? Mo\u017en\u00e1 trochu, ale nudn\u00e9 rozhodn\u011b ne! Kostra je neuv\u011b\u0159iteln\u011b fascinuj\u00edc\u00ed sou\u010d\u00e1st t\u011bla v\u011bt\u0161iny tvor\u016f, kter\u00e9 zn\u00e1\u0161. Z \u010deho se skl\u00e1d\u00e1? Jak funguje? Je mo\u017en\u00e9 na prvn\u00ed pohled [&hellip;]<\/p>\n","protected":false},"featured_media":0,"comment_status":"closed","ping_status":"open","template":"","meta":{"_acf_changed":false,"_monsterinsights_skip_tracking":false,"_monsterinsights_sitenote_active":false,"_monsterinsights_sitenote_note":"","_monsterinsights_sitenote_category":0,"_EventAllDay":false,"_EventTimezone":"","_EventStartDate":"","_EventEndDate":"","_EventStartDateUTC":"","_EventEndDateUTC":"","_EventShowMap":false,"_EventShowMapLink":false,"_EventURL":"","_EventCost":"","_EventCostDescription":"","_EventCurrencySymbol":"","_EventCurrencyCode":"","_EventCurrencyPosition":"","_EventDateTimeSeparator":"","_EventTimeRangeSeparator":"","_EventOrganizerID":[],"_EventVenueID":[],"_OrganizerEmail":"","_OrganizerPhone":"","_OrganizerWebsite":"","_VenueAddress":"","_VenueCity":"","_VenueCountry":"","_VenueProvince":"","_VenueState":"","_VenueZip":"","_VenuePhone":"","_VenueURL":"","_VenueStateProvince":"","_VenueLat":"","_VenueLng":"","_VenueShowMap":false,"_VenueShowMapLink":false,"twitterCardType":"","cardImageID":0,"cardImage":"","cardTitle":"","cardDesc":"","cardImageAlt":"","cardPlayer":"","cardPlayerWidth":0,"cardPlayerHeight":0,"cardPlayerStream":"","cardPlayerCodec":""},"product_cat":[],"product_tag":[],"class_list":["post-63897","product","type-product","status-publish","hentry"],"acf":{"description":"Jsou kostry stra\u0161ideln\u00e9? Mo\u017en\u00e1 trochu, ale nudn\u00e9 rozhodn\u011b ne!\n\nKostra je neuv\u011b\u0159iteln\u011b fascinuj\u00edc\u00ed sou\u010d\u00e1st t\u011bla v\u011bt\u0161iny tvor\u016f, kter\u00e9 zn\u00e1\u0161. Z \u010deho se skl\u00e1d\u00e1? Jak funguje? Je mo\u017en\u00e9 na prvn\u00ed pohled rozeznat lidskou kostru od goril\u00ed nebo rozli\u0161it lebku \u017eelvy od lebky zmije? Pro\u010d m\u00e1 d\u00edt\u011b v t\u011ble 350 kost\u00ed a dosp\u011bl\u00fd jen 200? V t\u00e9to hrav\u00e9 encyklopedii se dozv\u00ed\u0161 o kost\u0159e v\u0161e \u2014 od hlavy a\u017e k pat\u011b. \n\nPozn\u00e1\u0161, \u010d\u00ed je to kostra? Nahl\u00e9dni pod jedno z 25 odkl\u00e1p\u011bc\u00edch ok\u00e9nek a nech se p\u0159ekvapit, co odhal\u00ed. \n\nPro \u010dten\u00e1\u0159e od \u0161esti let","item_id":"LX1559098","productname":"\u010c\u00ed je to kostra?","product":"\u010c\u00ed je to kostra?","url":"https:\/\/www.luxor.cz\/v\/1559098\/ci-je-to-kostra","imgurl":"https:\/\/img.luxor.cz\/orig\/produkty\/9788075774538.jpg","price_vat":"411.00","margin":"","vat":"","paramname1":"","paramval1":"","paramname2":"","paramval2":"","paramname3":"","paramval3":"","paramname4":"","paramval4":"","paramname5":"","paramval5":"","paramname6":"","paramval6":"","paramname7":"","paramval7":"","paramname8":"","paramval8":"","paramname9":"","paramval9":"","paramname10":"","paramval10":"","ean":"9788075774538","manufacturer":"Host","categorytext":""},"_links":{"self":[{"href":"https:\/\/www.luxor.cz\/blog\/wp-json\/wp\/v2\/product\/63897","targetHints":{"allow":["GET"]}}],"collection":[{"href":"https:\/\/www.luxor.cz\/blog\/wp-json\/wp\/v2\/product"}],"about":[{"href":"https:\/\/www.luxor.cz\/blog\/wp-json\/wp\/v2\/types\/product"}],"replies":[{"embeddable":true,"href":"https:\/\/www.luxor.cz\/blog\/wp-json\/wp\/v2\/comments?post=63897"}],"wp:attachment":[{"href":"https:\/\/www.luxor.cz\/blog\/wp-json\/wp\/v2\/media?parent=63897"}],"wp:term":[{"taxonomy":"product_cat","embeddable":true,"href":"https:\/\/www.luxor.cz\/blog\/wp-json\/wp\/v2\/product_cat?post=63897"},{"taxonomy":"product_tag","embeddable":true,"href":"https:\/\/www.luxor.cz\/blog\/wp-json\/wp\/v2\/product_tag?post=63897"}],"curies":[{"name":"wp","href":"https:\/\/api.w.org\/{rel}","templated":true}]}}