{"id":63774,"date":"2023-08-14T10:24:46","date_gmt":"2023-08-14T08:24:46","guid":{"rendered":"https:\/\/www.luxor.cz\/blog\/produkt\/karmicka-setkani\/"},"modified":"2023-08-14T10:24:50","modified_gmt":"2023-08-14T08:24:50","slug":"karmicka-setkani","status":"publish","type":"product","link":"https:\/\/www.luxor.cz\/blog\/produkt\/karmicka-setkani\/","title":{"rendered":"Karmick\u00e1 setk\u00e1n\u00ed"},"content":{"rendered":"<p>V\u00fdznamn\u00e1 duchovn\u00ed u\u010ditelka a spisovatelka Helena Rerichov\u00e1 promlouv\u00e1 o mezilidsk\u00fdch vztaz\u00edch a jejich hlub\u0161\u00edm v\u00fdznamu.<\/p>\n","protected":false},"excerpt":{"rendered":"<p>V\u00fdznamn\u00e1 duchovn\u00ed u\u010ditelka a spisovatelka Helena Rerichov\u00e1 promlouv\u00e1 o mezilidsk\u00fdch vztaz\u00edch a jejich hlub\u0161\u00edm v\u00fdznamu.<\/p>\n","protected":false},"featured_media":0,"comment_status":"closed","ping_status":"open","template":"","meta":{"_acf_changed":false,"_monsterinsights_skip_tracking":false,"_monsterinsights_sitenote_active":false,"_monsterinsights_sitenote_note":"","_monsterinsights_sitenote_category":0,"_EventAllDay":false,"_EventTimezone":"","_EventStartDate":"","_EventEndDate":"","_EventStartDateUTC":"","_EventEndDateUTC":"","_EventShowMap":false,"_EventShowMapLink":false,"_EventURL":"","_EventCost":"","_EventCostDescription":"","_EventCurrencySymbol":"","_EventCurrencyCode":"","_EventCurrencyPosition":"","_EventDateTimeSeparator":"","_EventTimeRangeSeparator":"","_EventOrganizerID":[],"_EventVenueID":[],"_OrganizerEmail":"","_OrganizerPhone":"","_OrganizerWebsite":"","_VenueAddress":"","_VenueCity":"","_VenueCountry":"","_VenueProvince":"","_VenueState":"","_VenueZip":"","_VenuePhone":"","_VenueURL":"","_VenueStateProvince":"","_VenueLat":"","_VenueLng":"","_VenueShowMap":false,"_VenueShowMapLink":false,"twitterCardType":"","cardImageID":0,"cardImage":"","cardTitle":"","cardDesc":"","cardImageAlt":"","cardPlayer":"","cardPlayerWidth":0,"cardPlayerHeight":0,"cardPlayerStream":"","cardPlayerCodec":""},"product_cat":[],"product_tag":[],"class_list":["post-63774","product","type-product","status-publish","hentry"],"acf":{"description":"V\u00fdznamn\u00e1 duchovn\u00ed u\u010ditelka a spisovatelka Helena Rerichov\u00e1 promlouv\u00e1 o mezilidsk\u00fdch vztaz\u00edch a jejich hlub\u0161\u00edm v\u00fdznamu.","item_id":"LX1567109","productname":"Karmick\u00e1 setk\u00e1n\u00ed","product":"Karmick\u00e1 setk\u00e1n\u00ed","url":"https:\/\/www.luxor.cz\/v\/1567109\/karmicka-setkani","imgurl":"https:\/\/img.luxor.cz\/orig\/produkty\/9788089227235.jpg","price_vat":"314.00","margin":"","vat":"","paramname1":"","paramval1":"","paramname2":"","paramval2":"","paramname3":"","paramval3":"","paramname4":"","paramval4":"","paramname5":"","paramval5":"","paramname6":"","paramval6":"","paramname7":"","paramval7":"","paramname8":"","paramval8":"","paramname9":"","paramval9":"","paramname10":"","paramval10":"","ean":"9788089227235","manufacturer":"Eugenika","categorytext":""},"_links":{"self":[{"href":"https:\/\/www.luxor.cz\/blog\/wp-json\/wp\/v2\/product\/63774","targetHints":{"allow":["GET"]}}],"collection":[{"href":"https:\/\/www.luxor.cz\/blog\/wp-json\/wp\/v2\/product"}],"about":[{"href":"https:\/\/www.luxor.cz\/blog\/wp-json\/wp\/v2\/types\/product"}],"replies":[{"embeddable":true,"href":"https:\/\/www.luxor.cz\/blog\/wp-json\/wp\/v2\/comments?post=63774"}],"wp:attachment":[{"href":"https:\/\/www.luxor.cz\/blog\/wp-json\/wp\/v2\/media?parent=63774"}],"wp:term":[{"taxonomy":"product_cat","embeddable":true,"href":"https:\/\/www.luxor.cz\/blog\/wp-json\/wp\/v2\/product_cat?post=63774"},{"taxonomy":"product_tag","embeddable":true,"href":"https:\/\/www.luxor.cz\/blog\/wp-json\/wp\/v2\/product_tag?post=63774"}],"curies":[{"name":"wp","href":"https:\/\/api.w.org\/{rel}","templated":true}]}}