{"id":62385,"date":"2023-08-14T10:18:10","date_gmt":"2023-08-14T08:18:10","guid":{"rendered":"https:\/\/www.luxor.cz\/blog\/produkt\/svalove-retezce-4-spiralni-stabilizace-patere-skolioza\/"},"modified":"2023-08-14T10:18:11","modified_gmt":"2023-08-14T08:18:11","slug":"svalove-retezce-4-spiralni-stabilizace-patere-skolioza","status":"publish","type":"product","link":"https:\/\/www.luxor.cz\/blog\/produkt\/svalove-retezce-4-spiralni-stabilizace-patere-skolioza\/","title":{"rendered":"Svalov\u00e9 \u0159et\u011bzce 4 &#8211; Spir\u00e1ln\u00ed stabilizace p\u00e1te\u0159e &#8211; Skoli\u00f3za"},"content":{"rendered":"<p>P\u0159\u00ed\u010dina skoli\u00f3zy spo\u010d\u00edv\u00e1 v asymetrick\u00e9 svalov\u00e9 dysbalanci v pletenci ramenn\u00edm, p\u00e1nevn\u00edm a v trupu. Je po\u0161kozeno centr\u00e1ln\u00ed \u0159\u00edzen\u00ed motoriky. Je nutno odstranit oslaben\u00ed a zkr\u00e1cen\u00ed sval\u016f a vytvo\u0159it centr\u00e1ln\u011b fixovan\u00e9 pohybov\u00e9 vzorce, p\u0159edev\u0161\u00edm koordinaci ch\u016fze. Toho nelze dos\u00e1hnout no\u0161en\u00edm plastov\u00e9ho korzetu ani stabiliza\u010dn\u00ed operac\u00ed. Je nutno cvi\u010den\u00edm vytvo\u0159it svalov\u00fd korzet, prot\u00e1hnout svaly zkr\u00e1cen\u00e9 a nau\u010dit mozek spr\u00e1vn\u011b koordinovat pohyb a ch\u016fzi. Cviky mus\u00edme prov\u00e1d\u011bt vestoje ve vertik\u00e1ln\u00ed ose t\u011bla. Cvi\u010den\u00ed v \u0161ikm\u00e9 a horizont\u00e1ln\u00ed ose skoli\u00f3zu zhor\u0161uje.<\/p>\n","protected":false},"excerpt":{"rendered":"<p>P\u0159\u00ed\u010dina skoli\u00f3zy spo\u010d\u00edv\u00e1 v asymetrick\u00e9 svalov\u00e9 dysbalanci v pletenci ramenn\u00edm, p\u00e1nevn\u00edm a v trupu. Je po\u0161kozeno centr\u00e1ln\u00ed \u0159\u00edzen\u00ed motoriky. Je nutno odstranit oslaben\u00ed a zkr\u00e1cen\u00ed sval\u016f a vytvo\u0159it centr\u00e1ln\u011b fixovan\u00e9 [&hellip;]<\/p>\n","protected":false},"featured_media":0,"comment_status":"closed","ping_status":"open","template":"","meta":{"_acf_changed":false,"_monsterinsights_skip_tracking":false,"_monsterinsights_sitenote_active":false,"_monsterinsights_sitenote_note":"","_monsterinsights_sitenote_category":0,"_EventAllDay":false,"_EventTimezone":"","_EventStartDate":"","_EventEndDate":"","_EventStartDateUTC":"","_EventEndDateUTC":"","_EventShowMap":false,"_EventShowMapLink":false,"_EventURL":"","_EventCost":"","_EventCostDescription":"","_EventCurrencySymbol":"","_EventCurrencyCode":"","_EventCurrencyPosition":"","_EventDateTimeSeparator":"","_EventTimeRangeSeparator":"","_EventOrganizerID":[],"_EventVenueID":[],"_OrganizerEmail":"","_OrganizerPhone":"","_OrganizerWebsite":"","_VenueAddress":"","_VenueCity":"","_VenueCountry":"","_VenueProvince":"","_VenueState":"","_VenueZip":"","_VenuePhone":"","_VenueURL":"","_VenueStateProvince":"","_VenueLat":"","_VenueLng":"","_VenueShowMap":false,"_VenueShowMapLink":false,"twitterCardType":"","cardImageID":0,"cardImage":"","cardTitle":"","cardDesc":"","cardImageAlt":"","cardPlayer":"","cardPlayerWidth":0,"cardPlayerHeight":0,"cardPlayerStream":"","cardPlayerCodec":""},"product_cat":[],"product_tag":[],"class_list":["post-62385","product","type-product","status-publish","hentry"],"acf":{"description":"P\u0159\u00ed\u010dina skoli\u00f3zy spo\u010d\u00edv\u00e1 v asymetrick\u00e9 svalov\u00e9 dysbalanci v pletenci ramenn\u00edm, p\u00e1nevn\u00edm a v trupu. Je po\u0161kozeno centr\u00e1ln\u00ed \u0159\u00edzen\u00ed motoriky. Je nutno odstranit oslaben\u00ed a zkr\u00e1cen\u00ed sval\u016f a vytvo\u0159it centr\u00e1ln\u011b fixovan\u00e9 pohybov\u00e9 vzorce, p\u0159edev\u0161\u00edm koordinaci ch\u016fze. Toho nelze dos\u00e1hnout no\u0161en\u00edm plastov\u00e9ho korzetu ani stabiliza\u010dn\u00ed operac\u00ed. Je nutno cvi\u010den\u00edm vytvo\u0159it svalov\u00fd korzet, prot\u00e1hnout svaly zkr\u00e1cen\u00e9 a nau\u010dit mozek spr\u00e1vn\u011b koordinovat pohyb a ch\u016fzi. Cviky mus\u00edme prov\u00e1d\u011bt vestoje ve vertik\u00e1ln\u00ed ose t\u011bla. Cvi\u010den\u00ed v \u0161ikm\u00e9 a horizont\u00e1ln\u00ed ose skoli\u00f3zu zhor\u0161uje.","item_id":"LX1564416","productname":"Svalov\u00e9 \u0159et\u011bzce 4 - Spir\u00e1ln\u00ed stabilizace p\u00e1te\u0159e - Skoli\u00f3za","product":"Svalov\u00e9 \u0159et\u011bzce 4 - Spir\u00e1ln\u00ed stabilizace p\u00e1te\u0159e - Skoli\u00f3za","url":"https:\/\/www.luxor.cz\/v\/1564416\/svalove-retezce-4-spiralni-stabilizace-patere-skolioza","imgurl":"https:\/\/img.luxor.cz\/orig\/produkty\/9788088267140.jpg","price_vat":"268.00","margin":"","vat":"","paramname1":"","paramval1":"","paramname2":"","paramval2":"","paramname3":"","paramval3":"","paramname4":"","paramval4":"","paramname5":"","paramval5":"","paramname6":"","paramval6":"","paramname7":"","paramval7":"","paramname8":"","paramval8":"","paramname9":"","paramval9":"","paramname10":"","paramval10":"","ean":"9788088267140","manufacturer":"Sm\u00ed\u0161ek","categorytext":""},"_links":{"self":[{"href":"https:\/\/www.luxor.cz\/blog\/wp-json\/wp\/v2\/product\/62385","targetHints":{"allow":["GET"]}}],"collection":[{"href":"https:\/\/www.luxor.cz\/blog\/wp-json\/wp\/v2\/product"}],"about":[{"href":"https:\/\/www.luxor.cz\/blog\/wp-json\/wp\/v2\/types\/product"}],"replies":[{"embeddable":true,"href":"https:\/\/www.luxor.cz\/blog\/wp-json\/wp\/v2\/comments?post=62385"}],"wp:attachment":[{"href":"https:\/\/www.luxor.cz\/blog\/wp-json\/wp\/v2\/media?parent=62385"}],"wp:term":[{"taxonomy":"product_cat","embeddable":true,"href":"https:\/\/www.luxor.cz\/blog\/wp-json\/wp\/v2\/product_cat?post=62385"},{"taxonomy":"product_tag","embeddable":true,"href":"https:\/\/www.luxor.cz\/blog\/wp-json\/wp\/v2\/product_tag?post=62385"}],"curies":[{"name":"wp","href":"https:\/\/api.w.org\/{rel}","templated":true}]}}