{"id":61600,"date":"2023-08-14T10:14:36","date_gmt":"2023-08-14T08:14:36","guid":{"rendered":"https:\/\/www.luxor.cz\/blog\/produkt\/nizozemsko-cesky-slovnik-woordenboek-nederlands-tsjechisch\/"},"modified":"2023-08-14T10:14:37","modified_gmt":"2023-08-14T08:14:37","slug":"nizozemsko-cesky-slovnik-woordenboek-nederlands-tsjechisch","status":"publish","type":"product","link":"https:\/\/www.luxor.cz\/blog\/produkt\/nizozemsko-cesky-slovnik-woordenboek-nederlands-tsjechisch\/","title":{"rendered":"Nizozemsko-\u010desk\u00fd slovn\u00edk \/ Woordenboek nederlands-tsjechisch"},"content":{"rendered":"<p>S t\u00edmto slovn\u00edkem se nedorozum\u00edte jen v Nizozem\u00ed, ale tak\u00e9 v belgick\u00e9m Fl\u00e1msku a nav\u00edc v b\u00fdval\u00fdch nizozemsk\u00fdch koloni\u00edch &#8211; v Indon\u00e9sii, jihoamerick\u00e9m Surinamu a Nizozemsk\u00fdch Antil\u00e1ch. Form\u00e1t A5 se v\u00e1m bez probl\u00e9m\u016f vejde do batohu nebo aktovky. Slovn\u00edk, kter\u00fd obsahuje t\u00e9m\u011b\u0159 45 000 hesel, je tak\u00e9 bohat\u00fdm zdrojem pro p\u0159ekladatele, tlumo\u010dn\u00edky a dal\u0161\u00ed odborn\u00edky. D\u00edky rozs\u00e1hl\u00e9 gramatice v \u00favodu a gramatick\u00e9, stylov\u00e9 a v\u00fdslovnostn\u00ed informaci v hesl\u00e1\u0159i budete v\u017edy schopni vybrat spr\u00e1vn\u00fd v\u00fdraz v dan\u00e9m kontextu.<\/p>\n","protected":false},"excerpt":{"rendered":"<p>S t\u00edmto slovn\u00edkem se nedorozum\u00edte jen v Nizozem\u00ed, ale tak\u00e9 v belgick\u00e9m Fl\u00e1msku a nav\u00edc v b\u00fdval\u00fdch nizozemsk\u00fdch koloni\u00edch &#8211; v Indon\u00e9sii, jihoamerick\u00e9m Surinamu a Nizozemsk\u00fdch Antil\u00e1ch. Form\u00e1t A5 se [&hellip;]<\/p>\n","protected":false},"featured_media":0,"comment_status":"closed","ping_status":"open","template":"","meta":{"_acf_changed":false,"_monsterinsights_skip_tracking":false,"_monsterinsights_sitenote_active":false,"_monsterinsights_sitenote_note":"","_monsterinsights_sitenote_category":0,"_EventAllDay":false,"_EventTimezone":"","_EventStartDate":"","_EventEndDate":"","_EventStartDateUTC":"","_EventEndDateUTC":"","_EventShowMap":false,"_EventShowMapLink":false,"_EventURL":"","_EventCost":"","_EventCostDescription":"","_EventCurrencySymbol":"","_EventCurrencyCode":"","_EventCurrencyPosition":"","_EventDateTimeSeparator":"","_EventTimeRangeSeparator":"","_EventOrganizerID":[],"_EventVenueID":[],"_OrganizerEmail":"","_OrganizerPhone":"","_OrganizerWebsite":"","_VenueAddress":"","_VenueCity":"","_VenueCountry":"","_VenueProvince":"","_VenueState":"","_VenueZip":"","_VenuePhone":"","_VenueURL":"","_VenueStateProvince":"","_VenueLat":"","_VenueLng":"","_VenueShowMap":false,"_VenueShowMapLink":false,"twitterCardType":"","cardImageID":0,"cardImage":"","cardTitle":"","cardDesc":"","cardImageAlt":"","cardPlayer":"","cardPlayerWidth":0,"cardPlayerHeight":0,"cardPlayerStream":"","cardPlayerCodec":""},"product_cat":[],"product_tag":[],"class_list":["post-61600","product","type-product","status-publish","hentry"],"acf":{"description":"S t\u00edmto slovn\u00edkem se nedorozum\u00edte jen v Nizozem\u00ed, ale tak\u00e9 v belgick\u00e9m Fl\u00e1msku a nav\u00edc v b\u00fdval\u00fdch nizozemsk\u00fdch koloni\u00edch - v Indon\u00e9sii, jihoamerick\u00e9m Surinamu a Nizozemsk\u00fdch Antil\u00e1ch. Form\u00e1t A5 se v\u00e1m bez probl\u00e9m\u016f vejde do batohu nebo aktovky. Slovn\u00edk, kter\u00fd obsahuje t\u00e9m\u011b\u0159 45 000 hesel, je tak\u00e9 bohat\u00fdm zdrojem pro p\u0159ekladatele, tlumo\u010dn\u00edky a dal\u0161\u00ed odborn\u00edky. D\u00edky rozs\u00e1hl\u00e9 gramatice v \u00favodu a gramatick\u00e9, stylov\u00e9 a v\u00fdslovnostn\u00ed informaci v hesl\u00e1\u0159i budete v\u017edy schopni vybrat spr\u00e1vn\u00fd v\u00fdraz v dan\u00e9m kontextu.","item_id":"LX1557422","productname":"Nizozemsko-\u010desk\u00fd slovn\u00edk \/ Woordenboek nederlands-tsjechisch","product":"Nizozemsko-\u010desk\u00fd slovn\u00edk \/ Woordenboek nederlands-tsjechisch","url":"https:\/\/www.luxor.cz\/v\/1557422\/nizozemsko-cesky-slovnik-woordenboek-nederlands-tsjechisch","imgurl":"https:\/\/img.luxor.cz\/orig\/produkty\/9788085927122.jpg","price_vat":"643.00","margin":"","vat":"","paramname1":"","paramval1":"","paramname2":"","paramval2":"","paramname3":"","paramval3":"","paramname4":"","paramval4":"","paramname5":"","paramval5":"","paramname6":"","paramval6":"","paramname7":"","paramval7":"","paramname8":"","paramval8":"","paramname9":"","paramval9":"","paramname10":"","paramval10":"","ean":"9788085927122","manufacturer":"Leda","categorytext":""},"_links":{"self":[{"href":"https:\/\/www.luxor.cz\/blog\/wp-json\/wp\/v2\/product\/61600","targetHints":{"allow":["GET"]}}],"collection":[{"href":"https:\/\/www.luxor.cz\/blog\/wp-json\/wp\/v2\/product"}],"about":[{"href":"https:\/\/www.luxor.cz\/blog\/wp-json\/wp\/v2\/types\/product"}],"replies":[{"embeddable":true,"href":"https:\/\/www.luxor.cz\/blog\/wp-json\/wp\/v2\/comments?post=61600"}],"wp:attachment":[{"href":"https:\/\/www.luxor.cz\/blog\/wp-json\/wp\/v2\/media?parent=61600"}],"wp:term":[{"taxonomy":"product_cat","embeddable":true,"href":"https:\/\/www.luxor.cz\/blog\/wp-json\/wp\/v2\/product_cat?post=61600"},{"taxonomy":"product_tag","embeddable":true,"href":"https:\/\/www.luxor.cz\/blog\/wp-json\/wp\/v2\/product_tag?post=61600"}],"curies":[{"name":"wp","href":"https:\/\/api.w.org\/{rel}","templated":true}]}}