{"id":60305,"date":"2023-08-14T10:08:31","date_gmt":"2023-08-14T08:08:31","guid":{"rendered":"https:\/\/www.luxor.cz\/blog\/produkt\/elektrotechnicka-schemata-a-zapojeni-1-zakladni-prvky-a-obvody-elektrotechnicke-znacky\/"},"modified":"2023-08-14T10:08:33","modified_gmt":"2023-08-14T08:08:33","slug":"elektrotechnicka-schemata-a-zapojeni-1-zakladni-prvky-a-obvody-elektrotechnicke-znacky","status":"publish","type":"product","link":"https:\/\/www.luxor.cz\/blog\/produkt\/elektrotechnicka-schemata-a-zapojeni-1-zakladni-prvky-a-obvody-elektrotechnicke-znacky\/","title":{"rendered":"Elektrotechnick\u00e1 sch\u00e9mata a zapojen\u00ed 1 &#8211; Z\u00e1kladn\u00ed prvky a obvody, elektrotechnick\u00e9 zna\u010dky"},"content":{"rendered":"<p>Unik\u00e1tn\u00ed publikace &#8222;Elektrotechnick\u00e1 sch\u00e9mata a zapojen\u00ed 1&#8220;<br \/>\nobsahuje zapojen\u00ed z\u00e1kladn\u00edch elektrick\u00fdch obvod\u016f (vyp\u00edna\u010d\u016f,<br \/>\nsv\u011bteln\u00fdch okruh\u016f &#8211; \u017e\u00e1rovek i z\u00e1\u0159ivek, rozv\u00e1d\u011b\u010d\u016f, styka\u010d\u016f, jisti\u010d\u016f,<br \/>\nelektrom\u011br\u016f, domovn\u00edch dorozum\u00edvac\u00edch syst\u00e9m\u016f apod.). Z d\u016fvodu<br \/>\np\u0159ehlednosti, srozumitelnosti a n\u00e1zornosti jsou v\u0161echna elektrick\u00e1<br \/>\nzapojen\u00ed a sch\u00e9mata kreslena barevn\u011b, a dopln\u011bna mno\u017estv\u00edm<br \/>\nilustra\u010dn\u00edch obr\u00e1zk\u016f.<br \/>\nV\u0161echna publikovan\u00e1 sch\u00e9mata a zapojen\u00ed autor prakticky odzkou\u0161el<br \/>\nse sv\u00fdmi \u017e\u00e1ky elektrotechnick\u00e9ho oboru na SO\u0160 a SOU. P\u0159edkl\u00e1dan\u00e1<br \/>\nproblematika je v souladu s osnovami v\u00fduky odborn\u00e9ho v\u00fdcviku,<br \/>\np\u0159edev\u0161\u00edm oboru Elektrik\u00e1\u0159 pro silnoproud a Mechanik silnoproud\u00fdch<br \/>\nza\u0159\u00edzen\u00ed.<\/p>\n<p>Tento prvn\u00ed d\u00edl zahrnuje p\u011bt t\u00e9matick\u00fdch celk\u016f:<br \/>\n&#8211; Prvn\u00ed celek \u201eV\u00fdroba elektrick\u00e9 energie\u201c pojedn\u00e1v\u00e1 o v\u00fdrob\u011b a<br \/>\np\u0159enosu elektrick\u00e9 energie.<br \/>\n&#8211; Druh\u00fd s n\u00e1zvem \u201eSp\u00edna\u010de n\u00edzk\u00e9ho nap\u011bt\u00ed\u201c obsahuje jednotliv\u00e1<br \/>\nz\u00e1kladn\u00ed zapojen\u00ed sv\u011bteln\u00fdch a z\u00e1suvkov\u00fdch obvod\u016f pou\u017e\u00edvan\u00fdch v<br \/>\npraxi p\u0159es instala\u010dn\u00ed krabice v jednotliv\u00fdch elektrick\u00fdch<br \/>\ns\u00edt\u00edch.<br \/>\n&#8211; T\u0159et\u00ed \u201eDom\u00e1c\u00ed dorozum\u00edvac\u00ed audio a video syst\u00e9my\u201c ukazuje n\u00e1zorn\u00e1<br \/>\nz\u00e1kladn\u00ed zapojen\u00ed dom\u00e1c\u00edch telefon\u016f a zvonk\u016f.<br \/>\n&#8211; \u010ctvrt\u00e1 \u010d\u00e1st \u201eElektrom\u011brov\u00e9 a bytov\u00e9 rozv\u00e1d\u011b\u010de\u201c p\u0159edstavuje<br \/>\njednotliv\u00e1 z\u00e1kladn\u00ed zapojen\u00ed rozv\u00e1d\u011b\u010d\u016f p\u0159i pou\u017eit\u00ed ur\u010dit\u00e9<br \/>\nelektrick\u00e9 s\u00edt\u011b.<br \/>\n&#8211; P\u00e1t\u00fd celek \u201eZ\u00e1kladn\u00ed zapojen\u00ed styka\u010dov\u00fdch kombinac\u00ed\u201c ukazuje<br \/>\nn\u00e1zorn\u00e1 zapojen\u00ed styka\u010dov\u00fdch kombinac\u00ed, kter\u00e1 se b\u011b\u017en\u011b vyskytuj\u00ed v<br \/>\npraxi p\u0159i spou\u0161t\u011bn\u00ed elektromotor\u016f.<br \/>\n&#8211; V z\u00e1v\u011bre\u010dn\u00e9 p\u0159\u00edloze najdete na 15 stran\u00e1ch nejb\u011b\u017en\u011bj\u0161\u00ed<br \/>\nelektrotechnick\u00e9 zna\u010dky. Dopln\u011bno je tak\u00e9 barevn\u00e9 zna\u010den\u00ed vodi\u010d\u016f a<br \/>\nbarevn\u00e9 zna\u010den\u00ed jisti\u010d\u016f. Pro praxi byla tak\u00e9 dopln\u011bna tabulka<br \/>\nmno\u017estv\u00ed vlo\u017een\u00fdch kabel\u016f v parapetn\u00edch kan\u00e1lech Kopos Kol\u00edn.<\/p>\n","protected":false},"excerpt":{"rendered":"<p>Unik\u00e1tn\u00ed publikace &#8222;Elektrotechnick\u00e1 sch\u00e9mata a zapojen\u00ed 1&#8220; obsahuje zapojen\u00ed z\u00e1kladn\u00edch elektrick\u00fdch obvod\u016f (vyp\u00edna\u010d\u016f, sv\u011bteln\u00fdch okruh\u016f &#8211; \u017e\u00e1rovek i z\u00e1\u0159ivek, rozv\u00e1d\u011b\u010d\u016f, styka\u010d\u016f, jisti\u010d\u016f, elektrom\u011br\u016f, domovn\u00edch dorozum\u00edvac\u00edch syst\u00e9m\u016f apod.). Z d\u016fvodu p\u0159ehlednosti, [&hellip;]<\/p>\n","protected":false},"featured_media":0,"comment_status":"closed","ping_status":"open","template":"","meta":{"_acf_changed":false,"_monsterinsights_skip_tracking":false,"_monsterinsights_sitenote_active":false,"_monsterinsights_sitenote_note":"","_monsterinsights_sitenote_category":0,"_EventAllDay":false,"_EventTimezone":"","_EventStartDate":"","_EventEndDate":"","_EventStartDateUTC":"","_EventEndDateUTC":"","_EventShowMap":false,"_EventShowMapLink":false,"_EventURL":"","_EventCost":"","_EventCostDescription":"","_EventCurrencySymbol":"","_EventCurrencyCode":"","_EventCurrencyPosition":"","_EventDateTimeSeparator":"","_EventTimeRangeSeparator":"","_EventOrganizerID":[],"_EventVenueID":[],"_OrganizerEmail":"","_OrganizerPhone":"","_OrganizerWebsite":"","_VenueAddress":"","_VenueCity":"","_VenueCountry":"","_VenueProvince":"","_VenueState":"","_VenueZip":"","_VenuePhone":"","_VenueURL":"","_VenueStateProvince":"","_VenueLat":"","_VenueLng":"","_VenueShowMap":false,"_VenueShowMapLink":false,"twitterCardType":"","cardImageID":0,"cardImage":"","cardTitle":"","cardDesc":"","cardImageAlt":"","cardPlayer":"","cardPlayerWidth":0,"cardPlayerHeight":0,"cardPlayerStream":"","cardPlayerCodec":""},"product_cat":[],"product_tag":[],"class_list":["post-60305","product","type-product","status-publish","hentry"],"acf":{"description":"Unik\u00e1tn\u00ed publikace \"Elektrotechnick\u00e1 sch\u00e9mata a zapojen\u00ed 1\"\nobsahuje zapojen\u00ed z\u00e1kladn\u00edch elektrick\u00fdch obvod\u016f (vyp\u00edna\u010d\u016f,\nsv\u011bteln\u00fdch okruh\u016f - \u017e\u00e1rovek i z\u00e1\u0159ivek, rozv\u00e1d\u011b\u010d\u016f, styka\u010d\u016f, jisti\u010d\u016f,\nelektrom\u011br\u016f, domovn\u00edch dorozum\u00edvac\u00edch syst\u00e9m\u016f apod.). Z d\u016fvodu\np\u0159ehlednosti, srozumitelnosti a n\u00e1zornosti jsou v\u0161echna elektrick\u00e1\nzapojen\u00ed a sch\u00e9mata kreslena barevn\u011b, a dopln\u011bna mno\u017estv\u00edm\nilustra\u010dn\u00edch obr\u00e1zk\u016f.\nV\u0161echna publikovan\u00e1 sch\u00e9mata a zapojen\u00ed autor prakticky odzkou\u0161el\nse sv\u00fdmi \u017e\u00e1ky elektrotechnick\u00e9ho oboru na SO\u0160 a SOU. P\u0159edkl\u00e1dan\u00e1\nproblematika je v souladu s osnovami v\u00fduky odborn\u00e9ho v\u00fdcviku,\np\u0159edev\u0161\u00edm oboru Elektrik\u00e1\u0159 pro silnoproud a Mechanik silnoproud\u00fdch\nza\u0159\u00edzen\u00ed.\n\nTento prvn\u00ed d\u00edl zahrnuje p\u011bt t\u00e9matick\u00fdch celk\u016f:\n- Prvn\u00ed celek \u201eV\u00fdroba elektrick\u00e9 energie\u201c pojedn\u00e1v\u00e1 o v\u00fdrob\u011b a\np\u0159enosu elektrick\u00e9 energie.\n- Druh\u00fd s n\u00e1zvem \u201eSp\u00edna\u010de n\u00edzk\u00e9ho nap\u011bt\u00ed\u201c obsahuje jednotliv\u00e1\nz\u00e1kladn\u00ed zapojen\u00ed sv\u011bteln\u00fdch a z\u00e1suvkov\u00fdch obvod\u016f pou\u017e\u00edvan\u00fdch v\npraxi p\u0159es instala\u010dn\u00ed krabice v jednotliv\u00fdch elektrick\u00fdch\ns\u00edt\u00edch.\n- T\u0159et\u00ed \u201eDom\u00e1c\u00ed dorozum\u00edvac\u00ed audio a video syst\u00e9my\u201c ukazuje n\u00e1zorn\u00e1\nz\u00e1kladn\u00ed zapojen\u00ed dom\u00e1c\u00edch telefon\u016f a zvonk\u016f.\n- \u010ctvrt\u00e1 \u010d\u00e1st \u201eElektrom\u011brov\u00e9 a bytov\u00e9 rozv\u00e1d\u011b\u010de\u201c p\u0159edstavuje\njednotliv\u00e1 z\u00e1kladn\u00ed zapojen\u00ed rozv\u00e1d\u011b\u010d\u016f p\u0159i pou\u017eit\u00ed ur\u010dit\u00e9\nelektrick\u00e9 s\u00edt\u011b.\n- P\u00e1t\u00fd celek \u201eZ\u00e1kladn\u00ed zapojen\u00ed styka\u010dov\u00fdch kombinac\u00ed\u201c ukazuje\nn\u00e1zorn\u00e1 zapojen\u00ed styka\u010dov\u00fdch kombinac\u00ed, kter\u00e1 se b\u011b\u017en\u011b vyskytuj\u00ed v\npraxi p\u0159i spou\u0161t\u011bn\u00ed elektromotor\u016f.\n- V z\u00e1v\u011bre\u010dn\u00e9 p\u0159\u00edloze najdete na 15 stran\u00e1ch nejb\u011b\u017en\u011bj\u0161\u00ed\nelektrotechnick\u00e9 zna\u010dky. Dopln\u011bno je tak\u00e9 barevn\u00e9 zna\u010den\u00ed vodi\u010d\u016f a\nbarevn\u00e9 zna\u010den\u00ed jisti\u010d\u016f. Pro praxi byla tak\u00e9 dopln\u011bna tabulka\nmno\u017estv\u00ed vlo\u017een\u00fdch kabel\u016f v parapetn\u00edch kan\u00e1lech Kopos Kol\u00edn.","item_id":"LX1556758","productname":"Elektrotechnick\u00e1 sch\u00e9mata a zapojen\u00ed 1 - Z\u00e1kladn\u00ed prvky a obvody, elektrotechnick\u00e9 zna\u010dky","product":"Elektrotechnick\u00e1 sch\u00e9mata a zapojen\u00ed 1 - Z\u00e1kladn\u00ed prvky a obvody, elektrotechnick\u00e9 zna\u010dky","url":"https:\/\/www.luxor.cz\/v\/1556758\/elektrotechnicka-schemata-a-zapojeni-1-zakladni-prvky-a-obvody-elektrotechnicke-znacky","imgurl":"https:\/\/img.luxor.cz\/orig\/produkty\/9788073002534.jpg","price_vat":"359.00","margin":"","vat":"","paramname1":"","paramval1":"","paramname2":"","paramval2":"","paramname3":"","paramval3":"","paramname4":"","paramval4":"","paramname5":"","paramval5":"","paramname6":"","paramval6":"","paramname7":"","paramval7":"","paramname8":"","paramval8":"","paramname9":"","paramval9":"","paramname10":"","paramval10":"","ean":"9788073002534","manufacturer":"BEN-Technick\u00e1 literatura","categorytext":""},"_links":{"self":[{"href":"https:\/\/www.luxor.cz\/blog\/wp-json\/wp\/v2\/product\/60305","targetHints":{"allow":["GET"]}}],"collection":[{"href":"https:\/\/www.luxor.cz\/blog\/wp-json\/wp\/v2\/product"}],"about":[{"href":"https:\/\/www.luxor.cz\/blog\/wp-json\/wp\/v2\/types\/product"}],"replies":[{"embeddable":true,"href":"https:\/\/www.luxor.cz\/blog\/wp-json\/wp\/v2\/comments?post=60305"}],"wp:attachment":[{"href":"https:\/\/www.luxor.cz\/blog\/wp-json\/wp\/v2\/media?parent=60305"}],"wp:term":[{"taxonomy":"product_cat","embeddable":true,"href":"https:\/\/www.luxor.cz\/blog\/wp-json\/wp\/v2\/product_cat?post=60305"},{"taxonomy":"product_tag","embeddable":true,"href":"https:\/\/www.luxor.cz\/blog\/wp-json\/wp\/v2\/product_tag?post=60305"}],"curies":[{"name":"wp","href":"https:\/\/api.w.org\/{rel}","templated":true}]}}