{"id":58958,"date":"2023-08-14T10:02:23","date_gmt":"2023-08-14T08:02:23","guid":{"rendered":"https:\/\/www.luxor.cz\/blog\/produkt\/newton-kosmos-bios-logos\/"},"modified":"2023-08-14T10:02:27","modified_gmt":"2023-08-14T08:02:27","slug":"newton-kosmos-bios-logos","status":"publish","type":"product","link":"https:\/\/www.luxor.cz\/blog\/produkt\/newton-kosmos-bios-logos\/","title":{"rendered":"Newton: Kosmos, Bios, Logos"},"content":{"rendered":"<p>Irena \u0160t\u011bp\u00e1nov\u00e1 in this book explores Isaac Newton\u2019s engagement with ancient wisdom, the Hexameral tradition, Hermeticism, theology, alchemy as well as natural philosophy. In so doing, she brings together the established historiography with her own new insights. \u0160t\u011bp\u00e1nov\u00e1\u2019s study is more than a study of Newton\u2019s thought, for it contains a good deal of background on ancient (e.g., Hermeticism) and early modern thought (e.g., the Cambridge Platonists). She also uses the interpretative lenses of several contemporary Newton and non-Newton scholars in her work. Moreover, provides helpful summaries of Newton\u2019s thought (e.g., his theology).  \u0160t\u011bp\u00e1nov\u00e1 has provided Newton scholarship a great service in this book, not only by making her Czech-language work available in English, but bringing to the English-language reader learning on Hebraic thought, philosophy of life and Hermeticism originally published in Czech. (Abstract from the review by Stephen David Snobelen Associate Professor, History of Science and Technology Programme, University of King\u2019s College, Halifax, Nova Scotia, Canada, and Director of Newton Project Canada)<\/p>\n","protected":false},"excerpt":{"rendered":"<p>Irena \u0160t\u011bp\u00e1nov\u00e1 in this book explores Isaac Newton\u2019s engagement with ancient wisdom, the Hexameral tradition, Hermeticism, theology, alchemy as well as natural philosophy. In so doing, she brings together the [&hellip;]<\/p>\n","protected":false},"featured_media":0,"comment_status":"closed","ping_status":"open","template":"","meta":{"_acf_changed":false,"_monsterinsights_skip_tracking":false,"_monsterinsights_sitenote_active":false,"_monsterinsights_sitenote_note":"","_monsterinsights_sitenote_category":0,"_EventAllDay":false,"_EventTimezone":"","_EventStartDate":"","_EventEndDate":"","_EventStartDateUTC":"","_EventEndDateUTC":"","_EventShowMap":false,"_EventShowMapLink":false,"_EventURL":"","_EventCost":"","_EventCostDescription":"","_EventCurrencySymbol":"","_EventCurrencyCode":"","_EventCurrencyPosition":"","_EventDateTimeSeparator":"","_EventTimeRangeSeparator":"","_EventOrganizerID":[],"_EventVenueID":[],"_OrganizerEmail":"","_OrganizerPhone":"","_OrganizerWebsite":"","_VenueAddress":"","_VenueCity":"","_VenueCountry":"","_VenueProvince":"","_VenueState":"","_VenueZip":"","_VenuePhone":"","_VenueURL":"","_VenueStateProvince":"","_VenueLat":"","_VenueLng":"","_VenueShowMap":false,"_VenueShowMapLink":false,"twitterCardType":"","cardImageID":0,"cardImage":"","cardTitle":"","cardDesc":"","cardImageAlt":"","cardPlayer":"","cardPlayerWidth":0,"cardPlayerHeight":0,"cardPlayerStream":"","cardPlayerCodec":""},"product_cat":[],"product_tag":[],"class_list":["post-58958","product","type-product","status-publish","hentry"],"acf":{"description":"Irena \u0160t\u011bp\u00e1nov\u00e1 in this book explores Isaac Newton\u2019s engagement with ancient wisdom, the Hexameral tradition, Hermeticism, theology, alchemy as well as natural philosophy. In so doing, she brings together the established historiography with her own new insights. \u0160t\u011bp\u00e1nov\u00e1\u2019s study is more than a study of Newton\u2019s thought, for it contains a good deal of background on ancient (e.g., Hermeticism) and early modern thought (e.g., the Cambridge Platonists). She also uses the interpretative lenses of several contemporary Newton and non-Newton scholars in her work. Moreover, provides helpful summaries of Newton\u2019s thought (e.g., his theology).  \u0160t\u011bp\u00e1nov\u00e1 has provided Newton scholarship a great service in this book, not only by making her Czech-language work available in English, but bringing to the English-language reader learning on Hebraic thought, philosophy of life and Hermeticism originally published in Czech. (Abstract from the review by Stephen David Snobelen Associate Professor, History of Science and Technology Programme, University of King\u2019s College, Halifax, Nova Scotia, Canada, and Director of Newton Project Canada)","item_id":"LX1551334","productname":"Newton: Kosmos, Bios, Logos","product":"Newton: Kosmos, Bios, Logos","url":"https:\/\/www.luxor.cz\/v\/1551334\/newton-kosmos-bios-logos","imgurl":"https:\/\/img.luxor.cz\/orig\/produkty\/9788024623795.jpg","price_vat":"215.00","margin":"","vat":"","paramname1":"","paramval1":"","paramname2":"","paramval2":"","paramname3":"","paramval3":"","paramname4":"","paramval4":"","paramname5":"","paramval5":"","paramname6":"","paramval6":"","paramname7":"","paramval7":"","paramname8":"","paramval8":"","paramname9":"","paramval9":"","paramname10":"","paramval10":"","ean":"9788024623795","manufacturer":"Karolinum","categorytext":""},"_links":{"self":[{"href":"https:\/\/www.luxor.cz\/blog\/wp-json\/wp\/v2\/product\/58958","targetHints":{"allow":["GET"]}}],"collection":[{"href":"https:\/\/www.luxor.cz\/blog\/wp-json\/wp\/v2\/product"}],"about":[{"href":"https:\/\/www.luxor.cz\/blog\/wp-json\/wp\/v2\/types\/product"}],"replies":[{"embeddable":true,"href":"https:\/\/www.luxor.cz\/blog\/wp-json\/wp\/v2\/comments?post=58958"}],"wp:attachment":[{"href":"https:\/\/www.luxor.cz\/blog\/wp-json\/wp\/v2\/media?parent=58958"}],"wp:term":[{"taxonomy":"product_cat","embeddable":true,"href":"https:\/\/www.luxor.cz\/blog\/wp-json\/wp\/v2\/product_cat?post=58958"},{"taxonomy":"product_tag","embeddable":true,"href":"https:\/\/www.luxor.cz\/blog\/wp-json\/wp\/v2\/product_tag?post=58958"}],"curies":[{"name":"wp","href":"https:\/\/api.w.org\/{rel}","templated":true}]}}