{"id":56964,"date":"2023-08-14T09:53:46","date_gmt":"2023-08-14T07:53:46","guid":{"rendered":"https:\/\/www.luxor.cz\/blog\/produkt\/denik-maleho-turisty\/"},"modified":"2023-08-14T09:53:47","modified_gmt":"2023-08-14T07:53:47","slug":"denik-maleho-turisty","status":"publish","type":"product","link":"https:\/\/www.luxor.cz\/blog\/produkt\/denik-maleho-turisty\/","title":{"rendered":"Den\u00edk mal\u00e9ho turisty"},"content":{"rendered":"<p>Vytvo\u0159 si origin\u00e1ln\u00ed cestovn\u00ed den\u00edk, kter\u00fd si zapl\u0148 b\u00e1je\u010dn\u00fdmi z\u00e1\u017eitky a dobrodru\u017estv\u00edmi z cest.\u201c <\/p>\n<p>Jedine\u010dn\u00fd turistick\u00fd den\u00edk, do kter\u00e9ho si m\u016f\u017ee\u0161 zaznamenat v\u0161echna sv\u00e1 cestovatelsk\u00e1 dobrodru\u017estv\u00ed, z\u00e1\u017eitky a zku\u0161enosti. A nejen to! Aby to nebylo jen o psan\u00ed, najde\u0161 v den\u00edku i m\u00edsta na svou sb\u00edrku turistick\u00fdch raz\u00edtek, pr\u00e1zdn\u00e9 str\u00e1nky, na kter\u00e9 si m\u016f\u017ee\u0161 vlepit sv\u00e9 fotky z cest a k nim p\u0159idat vtipn\u00fd popisek, nebo vyst\u0159ihovac\u00ed foto rekvizity. K tomu jsme p\u0159idali p\u00e1r tip\u016f a informac\u00ed na zaj\u00edmav\u00e1 m\u00edsta v \u010cesk\u00e9 republice a vymysleli p\u00e1r \u00fakol\u016f. Zapisuj, raz\u00edtkuj, kresli, \u0159e\u0161, st\u0159\u00edhej&#8230;<\/p>\n","protected":false},"excerpt":{"rendered":"<p>Vytvo\u0159 si origin\u00e1ln\u00ed cestovn\u00ed den\u00edk, kter\u00fd si zapl\u0148 b\u00e1je\u010dn\u00fdmi z\u00e1\u017eitky a dobrodru\u017estv\u00edmi z cest.\u201c Jedine\u010dn\u00fd turistick\u00fd den\u00edk, do kter\u00e9ho si m\u016f\u017ee\u0161 zaznamenat v\u0161echna sv\u00e1 cestovatelsk\u00e1 dobrodru\u017estv\u00ed, z\u00e1\u017eitky a zku\u0161enosti. A [&hellip;]<\/p>\n","protected":false},"featured_media":0,"comment_status":"closed","ping_status":"open","template":"","meta":{"_acf_changed":false,"_monsterinsights_skip_tracking":false,"_monsterinsights_sitenote_active":false,"_monsterinsights_sitenote_note":"","_monsterinsights_sitenote_category":0,"_EventAllDay":false,"_EventTimezone":"","_EventStartDate":"","_EventEndDate":"","_EventStartDateUTC":"","_EventEndDateUTC":"","_EventShowMap":false,"_EventShowMapLink":false,"_EventURL":"","_EventCost":"","_EventCostDescription":"","_EventCurrencySymbol":"","_EventCurrencyCode":"","_EventCurrencyPosition":"","_EventDateTimeSeparator":"","_EventTimeRangeSeparator":"","_EventOrganizerID":[],"_EventVenueID":[],"_OrganizerEmail":"","_OrganizerPhone":"","_OrganizerWebsite":"","_VenueAddress":"","_VenueCity":"","_VenueCountry":"","_VenueProvince":"","_VenueState":"","_VenueZip":"","_VenuePhone":"","_VenueURL":"","_VenueStateProvince":"","_VenueLat":"","_VenueLng":"","_VenueShowMap":false,"_VenueShowMapLink":false,"twitterCardType":"","cardImageID":0,"cardImage":"","cardTitle":"","cardDesc":"","cardImageAlt":"","cardPlayer":"","cardPlayerWidth":0,"cardPlayerHeight":0,"cardPlayerStream":"","cardPlayerCodec":""},"product_cat":[],"product_tag":[],"class_list":["post-56964","product","type-product","status-publish","hentry"],"acf":{"description":"Vytvo\u0159 si origin\u00e1ln\u00ed cestovn\u00ed den\u00edk, kter\u00fd si zapl\u0148 b\u00e1je\u010dn\u00fdmi z\u00e1\u017eitky a dobrodru\u017estv\u00edmi z cest.\u201c \n\nJedine\u010dn\u00fd turistick\u00fd den\u00edk, do kter\u00e9ho si m\u016f\u017ee\u0161 zaznamenat v\u0161echna sv\u00e1 cestovatelsk\u00e1 dobrodru\u017estv\u00ed, z\u00e1\u017eitky a zku\u0161enosti. A nejen to! Aby to nebylo jen o psan\u00ed, najde\u0161 v den\u00edku i m\u00edsta na svou sb\u00edrku turistick\u00fdch raz\u00edtek, pr\u00e1zdn\u00e9 str\u00e1nky, na kter\u00e9 si m\u016f\u017ee\u0161 vlepit sv\u00e9 fotky z cest a k nim p\u0159idat vtipn\u00fd popisek, nebo vyst\u0159ihovac\u00ed foto rekvizity. K tomu jsme p\u0159idali p\u00e1r tip\u016f a informac\u00ed na zaj\u00edmav\u00e1 m\u00edsta v \u010cesk\u00e9 republice a vymysleli p\u00e1r \u00fakol\u016f. Zapisuj, raz\u00edtkuj, kresli, \u0159e\u0161, st\u0159\u00edhej...","item_id":"LX1546073","productname":"Den\u00edk mal\u00e9ho turisty","product":"Den\u00edk mal\u00e9ho turisty","url":"https:\/\/www.luxor.cz\/v\/1546073\/denik-maleho-turisty","imgurl":"https:\/\/img.luxor.cz\/orig\/produkty\/9788026425427.jpg","price_vat":"223.00","margin":"","vat":"","paramname1":"","paramval1":"","paramname2":"","paramval2":"","paramname3":"","paramval3":"","paramname4":"","paramval4":"","paramname5":"","paramval5":"","paramname6":"","paramval6":"","paramname7":"","paramval7":"","paramname8":"","paramval8":"","paramname9":"","paramval9":"","paramname10":"","paramval10":"","ean":"9788026425427","manufacturer":"Cpress","categorytext":""},"_links":{"self":[{"href":"https:\/\/www.luxor.cz\/blog\/wp-json\/wp\/v2\/product\/56964","targetHints":{"allow":["GET"]}}],"collection":[{"href":"https:\/\/www.luxor.cz\/blog\/wp-json\/wp\/v2\/product"}],"about":[{"href":"https:\/\/www.luxor.cz\/blog\/wp-json\/wp\/v2\/types\/product"}],"replies":[{"embeddable":true,"href":"https:\/\/www.luxor.cz\/blog\/wp-json\/wp\/v2\/comments?post=56964"}],"wp:attachment":[{"href":"https:\/\/www.luxor.cz\/blog\/wp-json\/wp\/v2\/media?parent=56964"}],"wp:term":[{"taxonomy":"product_cat","embeddable":true,"href":"https:\/\/www.luxor.cz\/blog\/wp-json\/wp\/v2\/product_cat?post=56964"},{"taxonomy":"product_tag","embeddable":true,"href":"https:\/\/www.luxor.cz\/blog\/wp-json\/wp\/v2\/product_tag?post=56964"}],"curies":[{"name":"wp","href":"https:\/\/api.w.org\/{rel}","templated":true}]}}