{"id":56835,"date":"2023-08-14T09:53:09","date_gmt":"2023-08-14T07:53:09","guid":{"rendered":"https:\/\/www.luxor.cz\/blog\/produkt\/avengers-endgame-dvd\/"},"modified":"2023-08-14T09:53:13","modified_gmt":"2023-08-14T07:53:13","slug":"avengers-endgame-dvd","status":"publish","type":"product","link":"https:\/\/www.luxor.cz\/blog\/produkt\/avengers-endgame-dvd\/","title":{"rendered":"Avengers: Endgame DVD"},"content":{"rendered":"<p>\u010ctvrt\u00e9 pokra\u010dov\u00e1n\u00ed s\u00e9rie Avengers je strhuj\u00edc\u00edm vyvrcholen\u00edm 22 vz\u00e1jemn\u011b propojen\u00fdch film\u016f. V p\u0159\u00edb\u011bhu o p\u0159\u00e1telstv\u00ed a t\u00fdmov\u00e9 pr\u00e1ci, bez ohledu na rozd\u00edly, hrdinov\u00e9 nakonec pochop\u00ed, jak k\u0159ehk\u00e1 je na\u0161e realita, a \u017ee je nutn\u00e9 podstoupit ob\u011bti za jej\u00ed zachov\u00e1n\u00ed. Jak napsal Peter Travers z \u010dasopisu Rolling Stone: &#8222;Budete ohromeni!&#8220;<\/p>\n","protected":false},"excerpt":{"rendered":"<p>\u010ctvrt\u00e9 pokra\u010dov\u00e1n\u00ed s\u00e9rie Avengers je strhuj\u00edc\u00edm vyvrcholen\u00edm 22 vz\u00e1jemn\u011b propojen\u00fdch film\u016f. V p\u0159\u00edb\u011bhu o p\u0159\u00e1telstv\u00ed a t\u00fdmov\u00e9 pr\u00e1ci, bez ohledu na rozd\u00edly, hrdinov\u00e9 nakonec pochop\u00ed, jak k\u0159ehk\u00e1 je na\u0161e realita, [&hellip;]<\/p>\n","protected":false},"featured_media":0,"comment_status":"closed","ping_status":"open","template":"","meta":{"_acf_changed":false,"_monsterinsights_skip_tracking":false,"_monsterinsights_sitenote_active":false,"_monsterinsights_sitenote_note":"","_monsterinsights_sitenote_category":0,"_EventAllDay":false,"_EventTimezone":"","_EventStartDate":"","_EventEndDate":"","_EventStartDateUTC":"","_EventEndDateUTC":"","_EventShowMap":false,"_EventShowMapLink":false,"_EventURL":"","_EventCost":"","_EventCostDescription":"","_EventCurrencySymbol":"","_EventCurrencyCode":"","_EventCurrencyPosition":"","_EventDateTimeSeparator":"","_EventTimeRangeSeparator":"","_EventOrganizerID":[],"_EventVenueID":[],"_OrganizerEmail":"","_OrganizerPhone":"","_OrganizerWebsite":"","_VenueAddress":"","_VenueCity":"","_VenueCountry":"","_VenueProvince":"","_VenueState":"","_VenueZip":"","_VenuePhone":"","_VenueURL":"","_VenueStateProvince":"","_VenueLat":"","_VenueLng":"","_VenueShowMap":false,"_VenueShowMapLink":false,"twitterCardType":"","cardImageID":0,"cardImage":"","cardTitle":"","cardDesc":"","cardImageAlt":"","cardPlayer":"","cardPlayerWidth":0,"cardPlayerHeight":0,"cardPlayerStream":"","cardPlayerCodec":""},"product_cat":[],"product_tag":[],"class_list":["post-56835","product","type-product","status-publish","hentry"],"acf":{"description":"\u010ctvrt\u00e9 pokra\u010dov\u00e1n\u00ed s\u00e9rie Avengers je strhuj\u00edc\u00edm vyvrcholen\u00edm 22 vz\u00e1jemn\u011b propojen\u00fdch film\u016f. V p\u0159\u00edb\u011bhu o p\u0159\u00e1telstv\u00ed a t\u00fdmov\u00e9 pr\u00e1ci, bez ohledu na rozd\u00edly, hrdinov\u00e9 nakonec pochop\u00ed, jak k\u0159ehk\u00e1 je na\u0161e realita, a \u017ee je nutn\u00e9 podstoupit ob\u011bti za jej\u00ed zachov\u00e1n\u00ed. Jak napsal Peter Travers z \u010dasopisu Rolling Stone: \"Budete ohromeni!\"","item_id":"LX1538575","productname":"Avengers: Endgame DVD","product":"Avengers: Endgame DVD","url":"https:\/\/www.luxor.cz\/v\/1538575\/avengers-endgame-dvd","imgurl":"https:\/\/img.luxor.cz\/orig\/produkty\/8595165372137.jpg","price_vat":"179.00","margin":"","vat":"","paramname1":"","paramval1":"","paramname2":"","paramval2":"","paramname3":"","paramval3":"","paramname4":"","paramval4":"","paramname5":"","paramval5":"","paramname6":"","paramval6":"","paramname7":"","paramval7":"","paramname8":"","paramval8":"","paramname9":"","paramval9":"","paramname10":"","paramval10":"","ean":"8595165372137","manufacturer":"Disney Press","categorytext":""},"_links":{"self":[{"href":"https:\/\/www.luxor.cz\/blog\/wp-json\/wp\/v2\/product\/56835","targetHints":{"allow":["GET"]}}],"collection":[{"href":"https:\/\/www.luxor.cz\/blog\/wp-json\/wp\/v2\/product"}],"about":[{"href":"https:\/\/www.luxor.cz\/blog\/wp-json\/wp\/v2\/types\/product"}],"replies":[{"embeddable":true,"href":"https:\/\/www.luxor.cz\/blog\/wp-json\/wp\/v2\/comments?post=56835"}],"wp:attachment":[{"href":"https:\/\/www.luxor.cz\/blog\/wp-json\/wp\/v2\/media?parent=56835"}],"wp:term":[{"taxonomy":"product_cat","embeddable":true,"href":"https:\/\/www.luxor.cz\/blog\/wp-json\/wp\/v2\/product_cat?post=56835"},{"taxonomy":"product_tag","embeddable":true,"href":"https:\/\/www.luxor.cz\/blog\/wp-json\/wp\/v2\/product_tag?post=56835"}],"curies":[{"name":"wp","href":"https:\/\/api.w.org\/{rel}","templated":true}]}}