{"id":56673,"date":"2023-08-14T09:52:30","date_gmt":"2023-08-14T07:52:30","guid":{"rendered":"https:\/\/www.luxor.cz\/blog\/produkt\/hribovite-houby-evropy\/"},"modified":"2023-08-14T09:52:33","modified_gmt":"2023-08-14T07:52:33","slug":"hribovite-houby-evropy","status":"publish","type":"product","link":"https:\/\/www.luxor.cz\/blog\/produkt\/hribovite-houby-evropy\/","title":{"rendered":"H\u0159ibovit\u00e9 houby Evropy"},"content":{"rendered":"<p>Kniha, kter\u00e1 by nem\u011bla chyb\u011bt v knihovn\u011b \u017e\u00e1dn\u00e9ho houba\u0159e, mykologa, milovn\u00edka hub a p\u0159\u00edrody.H\u0159ibovit\u00e9 houby. Kdo by je neznal? Milujeme jejich v\u016fni a chu\u0165 a r\u00e1di se za nimi vyd\u00e1v\u00e1me do lesa. Sice je prakticky nelze zam\u011bnit za smrteln\u011b jedovat\u00e9 druhy, p\u0159esto se v\u00e1m tento atlas bude hodit. Mo\u017en\u00e1 ani netu\u0161\u00edte, jak velik\u00e1 rozmanitost h\u0159ibovit\u00fdch hub panuje. V\u011bd\u011bli jste, \u017ee na na\u0161em \u00fazem\u00ed lze nal\u00e9zt v\u00edce ne\u017e 80 druh\u016f, v\u010detn\u011b mnoha variet a forem? V cel\u00e9 Evrop\u011b je to v\u00edce ne\u017e 100! C\u00edlem knihy je prost\u0159ednictv\u00edm kvalitn\u00edch popis\u016f a fotografi\u00ed toto bohatstv\u00ed p\u0159edstavit. V\u016fbec poprv\u00e9 tak jsou v knize uvedeny v\u0161echny druhy h\u0159ibovit\u00fdch hub, kter\u00e9 v Evrop\u011b rostou, v\u010detn\u011b mnoha nov\u00fdch druh\u016f, kter\u00e9 byly pops\u00e1ny teprve v ned\u00e1vn\u00e9 dob\u011b. Jednotliv\u00e9 druhy jsou poprv\u00e9 p\u0159edstaveny tak\u00e9 dle nov\u00e9 latinsk\u00e9 klasifikace na z\u00e1klad\u011b posledn\u00edch poznatk\u016f. Vedle hlavn\u00ed atlasov\u00e9 \u010d\u00e1sti najdete v knize kapitoly o morfologii, ekologii a ochran\u011b hub. Mnoho druh\u016f je vz\u00e1cn\u00fdch, nebo i chr\u00e1n\u011bn\u00fdch, a je tak nutn\u00e9 na to houba\u0159e upozornit a chr\u00e1nit nejen samotn\u00e9 houby, ale i biotopy, v nich\u017e rostou. Kniha by nem\u011bla chyb\u011bt v knihovn\u00e1ch houba\u0159\u016f a mykolog\u016f a zaujme v\u0161echny milovn\u00edky p\u0159\u00edrody, hub obzvl\u00e1\u0161\u0165.V\u00e1z., 512 str., 210 x 297 mm<\/p>\n","protected":false},"excerpt":{"rendered":"<p>Kniha, kter\u00e1 by nem\u011bla chyb\u011bt v knihovn\u011b \u017e\u00e1dn\u00e9ho houba\u0159e, mykologa, milovn\u00edka hub a p\u0159\u00edrody.H\u0159ibovit\u00e9 houby. Kdo by je neznal? Milujeme jejich v\u016fni a chu\u0165 a r\u00e1di se za nimi vyd\u00e1v\u00e1me [&hellip;]<\/p>\n","protected":false},"featured_media":0,"comment_status":"closed","ping_status":"open","template":"","meta":{"_acf_changed":false,"_monsterinsights_skip_tracking":false,"_monsterinsights_sitenote_active":false,"_monsterinsights_sitenote_note":"","_monsterinsights_sitenote_category":0,"_EventAllDay":false,"_EventTimezone":"","_EventStartDate":"","_EventEndDate":"","_EventStartDateUTC":"","_EventEndDateUTC":"","_EventShowMap":false,"_EventShowMapLink":false,"_EventURL":"","_EventCost":"","_EventCostDescription":"","_EventCurrencySymbol":"","_EventCurrencyCode":"","_EventCurrencyPosition":"","_EventDateTimeSeparator":"","_EventTimeRangeSeparator":"","_EventOrganizerID":[],"_EventVenueID":[],"_OrganizerEmail":"","_OrganizerPhone":"","_OrganizerWebsite":"","_VenueAddress":"","_VenueCity":"","_VenueCountry":"","_VenueProvince":"","_VenueState":"","_VenueZip":"","_VenuePhone":"","_VenueURL":"","_VenueStateProvince":"","_VenueLat":"","_VenueLng":"","_VenueShowMap":false,"_VenueShowMapLink":false,"twitterCardType":"","cardImageID":0,"cardImage":"","cardTitle":"","cardDesc":"","cardImageAlt":"","cardPlayer":"","cardPlayerWidth":0,"cardPlayerHeight":0,"cardPlayerStream":"","cardPlayerCodec":""},"product_cat":[],"product_tag":[],"class_list":["post-56673","product","type-product","status-publish","hentry"],"acf":{"description":"Kniha, kter\u00e1 by nem\u011bla chyb\u011bt v knihovn\u011b \u017e\u00e1dn\u00e9ho houba\u0159e, mykologa, milovn\u00edka hub a p\u0159\u00edrody.H\u0159ibovit\u00e9 houby. Kdo by je neznal? Milujeme jejich v\u016fni a chu\u0165 a r\u00e1di se za nimi vyd\u00e1v\u00e1me do lesa. Sice je prakticky nelze zam\u011bnit za smrteln\u011b jedovat\u00e9 druhy, p\u0159esto se v\u00e1m tento atlas bude hodit. Mo\u017en\u00e1 ani netu\u0161\u00edte, jak velik\u00e1 rozmanitost h\u0159ibovit\u00fdch hub panuje. V\u011bd\u011bli jste, \u017ee na na\u0161em \u00fazem\u00ed lze nal\u00e9zt v\u00edce ne\u017e 80 druh\u016f, v\u010detn\u011b mnoha variet a forem? V cel\u00e9 Evrop\u011b je to v\u00edce ne\u017e 100! C\u00edlem knihy je prost\u0159ednictv\u00edm kvalitn\u00edch popis\u016f a fotografi\u00ed toto bohatstv\u00ed p\u0159edstavit. V\u016fbec poprv\u00e9 tak jsou v knize uvedeny v\u0161echny druhy h\u0159ibovit\u00fdch hub, kter\u00e9 v Evrop\u011b rostou, v\u010detn\u011b mnoha nov\u00fdch druh\u016f, kter\u00e9 byly pops\u00e1ny teprve v ned\u00e1vn\u00e9 dob\u011b. Jednotliv\u00e9 druhy jsou poprv\u00e9 p\u0159edstaveny tak\u00e9 dle nov\u00e9 latinsk\u00e9 klasifikace na z\u00e1klad\u011b posledn\u00edch poznatk\u016f. Vedle hlavn\u00ed atlasov\u00e9 \u010d\u00e1sti najdete v knize kapitoly o morfologii, ekologii a ochran\u011b hub. Mnoho druh\u016f je vz\u00e1cn\u00fdch, nebo i chr\u00e1n\u011bn\u00fdch, a je tak nutn\u00e9 na to houba\u0159e upozornit a chr\u00e1nit nejen samotn\u00e9 houby, ale i biotopy, v nich\u017e rostou. Kniha by nem\u011bla chyb\u011bt v knihovn\u00e1ch houba\u0159\u016f a mykolog\u016f a zaujme v\u0161echny milovn\u00edky p\u0159\u00edrody, hub obzvl\u00e1\u0161\u0165.V\u00e1z., 512 str., 210 x 297 mm","item_id":"LX1549041","productname":"H\u0159ibovit\u00e9 houby Evropy","product":"H\u0159ibovit\u00e9 houby Evropy","url":"https:\/\/www.luxor.cz\/v\/1549041\/hribovite-houby-evropy","imgurl":"https:\/\/img.luxor.cz\/orig\/produkty\/9788025620632.jpg","price_vat":"402.00","margin":"","vat":"","paramname1":"","paramval1":"","paramname2":"","paramval2":"","paramname3":"","paramval3":"","paramname4":"","paramval4":"","paramname5":"","paramval5":"","paramname6":"","paramval6":"","paramname7":"","paramval7":"","paramname8":"","paramval8":"","paramname9":"","paramval9":"","paramname10":"","paramval10":"","ean":"9788025620632","manufacturer":"Svojtka&Co.","categorytext":""},"_links":{"self":[{"href":"https:\/\/www.luxor.cz\/blog\/wp-json\/wp\/v2\/product\/56673","targetHints":{"allow":["GET"]}}],"collection":[{"href":"https:\/\/www.luxor.cz\/blog\/wp-json\/wp\/v2\/product"}],"about":[{"href":"https:\/\/www.luxor.cz\/blog\/wp-json\/wp\/v2\/types\/product"}],"replies":[{"embeddable":true,"href":"https:\/\/www.luxor.cz\/blog\/wp-json\/wp\/v2\/comments?post=56673"}],"wp:attachment":[{"href":"https:\/\/www.luxor.cz\/blog\/wp-json\/wp\/v2\/media?parent=56673"}],"wp:term":[{"taxonomy":"product_cat","embeddable":true,"href":"https:\/\/www.luxor.cz\/blog\/wp-json\/wp\/v2\/product_cat?post=56673"},{"taxonomy":"product_tag","embeddable":true,"href":"https:\/\/www.luxor.cz\/blog\/wp-json\/wp\/v2\/product_tag?post=56673"}],"curies":[{"name":"wp","href":"https:\/\/api.w.org\/{rel}","templated":true}]}}