{"id":56105,"date":"2023-08-14T09:50:06","date_gmt":"2023-08-14T07:50:06","guid":{"rendered":"https:\/\/www.luxor.cz\/blog\/produkt\/skalpel-prosim-remasterovana-verze-dvd\/"},"modified":"2023-08-14T09:50:09","modified_gmt":"2023-08-14T07:50:09","slug":"skalpel-prosim-remasterovana-verze-dvd","status":"publish","type":"product","link":"https:\/\/www.luxor.cz\/blog\/produkt\/skalpel-prosim-remasterovana-verze-dvd\/","title":{"rendered":"Skalpel, pros\u00edm (remasterovan\u00e1 verze) DVD"},"content":{"rendered":"<p>Neurochirurgick\u00e1 klinika v Praze m\u00e1 vynikaj\u00edc\u00ed pov\u011bst. Vede ji st\u00e1rnouc\u00ed profesor, uzn\u00e1van\u00fd odborn\u00edk, kter\u00fd i po desetilet\u00edch str\u00e1ven\u00fdch na klinice p\u0159istupuje k pacient\u016fm se soucitem a porozum\u011bn\u00edm. P\u0159\u00edpad mal\u00e9ho pacienta V\u00edti Uzla, v\u0161emi naz\u00fdvan\u00e9ho Uzl\u00edk, trp\u00edc\u00edho neoperovateln\u00fdm n\u00e1dorem, se ale st\u00e1v\u00e1 st\u0159etem mezi profesn\u00edm pohledem a lidskou nad\u011bj\u00ed. I p\u0159es ve\u0161ker\u00e9 negativn\u00ed progn\u00f3zy se profesor rozhodne chlapce operovat\u2026<\/p>\n","protected":false},"excerpt":{"rendered":"<p>Neurochirurgick\u00e1 klinika v Praze m\u00e1 vynikaj\u00edc\u00ed pov\u011bst. Vede ji st\u00e1rnouc\u00ed profesor, uzn\u00e1van\u00fd odborn\u00edk, kter\u00fd i po desetilet\u00edch str\u00e1ven\u00fdch na klinice p\u0159istupuje k pacient\u016fm se soucitem a porozum\u011bn\u00edm. P\u0159\u00edpad mal\u00e9ho pacienta [&hellip;]<\/p>\n","protected":false},"featured_media":0,"comment_status":"closed","ping_status":"open","template":"","meta":{"_acf_changed":false,"_monsterinsights_skip_tracking":false,"_monsterinsights_sitenote_active":false,"_monsterinsights_sitenote_note":"","_monsterinsights_sitenote_category":0,"_EventAllDay":false,"_EventTimezone":"","_EventStartDate":"","_EventEndDate":"","_EventStartDateUTC":"","_EventEndDateUTC":"","_EventShowMap":false,"_EventShowMapLink":false,"_EventURL":"","_EventCost":"","_EventCostDescription":"","_EventCurrencySymbol":"","_EventCurrencyCode":"","_EventCurrencyPosition":"","_EventDateTimeSeparator":"","_EventTimeRangeSeparator":"","_EventOrganizerID":[],"_EventVenueID":[],"_OrganizerEmail":"","_OrganizerPhone":"","_OrganizerWebsite":"","_VenueAddress":"","_VenueCity":"","_VenueCountry":"","_VenueProvince":"","_VenueState":"","_VenueZip":"","_VenuePhone":"","_VenueURL":"","_VenueStateProvince":"","_VenueLat":"","_VenueLng":"","_VenueShowMap":false,"_VenueShowMapLink":false,"twitterCardType":"","cardImageID":0,"cardImage":"","cardTitle":"","cardDesc":"","cardImageAlt":"","cardPlayer":"","cardPlayerWidth":0,"cardPlayerHeight":0,"cardPlayerStream":"","cardPlayerCodec":""},"product_cat":[],"product_tag":[],"class_list":["post-56105","product","type-product","status-publish","hentry"],"acf":{"description":"Neurochirurgick\u00e1 klinika v Praze m\u00e1 vynikaj\u00edc\u00ed pov\u011bst. Vede ji st\u00e1rnouc\u00ed profesor, uzn\u00e1van\u00fd odborn\u00edk, kter\u00fd i po desetilet\u00edch str\u00e1ven\u00fdch na klinice p\u0159istupuje k pacient\u016fm se soucitem a porozum\u011bn\u00edm. P\u0159\u00edpad mal\u00e9ho pacienta V\u00edti Uzla, v\u0161emi naz\u00fdvan\u00e9ho Uzl\u00edk, trp\u00edc\u00edho neoperovateln\u00fdm n\u00e1dorem, se ale st\u00e1v\u00e1 st\u0159etem mezi profesn\u00edm pohledem a lidskou nad\u011bj\u00ed. I p\u0159es ve\u0161ker\u00e9 negativn\u00ed progn\u00f3zy se profesor rozhodne chlapce operovat\u2026","item_id":"LX1532949","productname":"Skalpel, pros\u00edm (remasterovan\u00e1 verze) DVD","product":"Skalpel, pros\u00edm (remasterovan\u00e1 verze) DVD","url":"https:\/\/www.luxor.cz\/v\/1532949\/skalpel-prosimremasterovana-verze-dvd","imgurl":"https:\/\/img.luxor.cz\/orig\/produkty\/8596086002509.jpg","price_vat":"90.00","margin":"","vat":"","paramname1":"","paramval1":"","paramname2":"","paramval2":"","paramname3":"","paramval3":"","paramname4":"","paramval4":"","paramname5":"","paramval5":"","paramname6":"","paramval6":"","paramname7":"","paramval7":"","paramname8":"","paramval8":"","paramname9":"","paramval9":"","paramname10":"","paramval10":"","ean":"8596086002509","manufacturer":"Magic Box","categorytext":""},"_links":{"self":[{"href":"https:\/\/www.luxor.cz\/blog\/wp-json\/wp\/v2\/product\/56105","targetHints":{"allow":["GET"]}}],"collection":[{"href":"https:\/\/www.luxor.cz\/blog\/wp-json\/wp\/v2\/product"}],"about":[{"href":"https:\/\/www.luxor.cz\/blog\/wp-json\/wp\/v2\/types\/product"}],"replies":[{"embeddable":true,"href":"https:\/\/www.luxor.cz\/blog\/wp-json\/wp\/v2\/comments?post=56105"}],"wp:attachment":[{"href":"https:\/\/www.luxor.cz\/blog\/wp-json\/wp\/v2\/media?parent=56105"}],"wp:term":[{"taxonomy":"product_cat","embeddable":true,"href":"https:\/\/www.luxor.cz\/blog\/wp-json\/wp\/v2\/product_cat?post=56105"},{"taxonomy":"product_tag","embeddable":true,"href":"https:\/\/www.luxor.cz\/blog\/wp-json\/wp\/v2\/product_tag?post=56105"}],"curies":[{"name":"wp","href":"https:\/\/api.w.org\/{rel}","templated":true}]}}