{"id":55359,"date":"2023-08-14T09:47:02","date_gmt":"2023-08-14T07:47:02","guid":{"rendered":"https:\/\/www.luxor.cz\/blog\/produkt\/lindemann-f-m-lp\/"},"modified":"2023-08-14T09:47:04","modified_gmt":"2023-08-14T07:47:04","slug":"lindemann-f-m-lp","status":"publish","type":"product","link":"https:\/\/www.luxor.cz\/blog\/produkt\/lindemann-f-m-lp\/","title":{"rendered":"Lindemann: F &#038; M &#8211; LP"},"content":{"rendered":"<p>F&#038;M je studiov\u00e9 album zp\u011bv\u00e1ka \u00fasp\u011b\u0161n\u00e9 n\u011bmeck\u00e9 kapely Rammstein Tilla Lindemanna.   Obsaj alba:   1 Steh auf   2 Ich wei\u00df es nicht  3 Allesfresser  4 Blut  5 Knebel  6 Frau &#038; Mann  7 Ach so gern  8 Schlaf ein  9 Gummi  10 Platz Eins  11 Wer wei\u00df das schon<\/p>\n","protected":false},"excerpt":{"rendered":"<p>F&#038;M je studiov\u00e9 album zp\u011bv\u00e1ka \u00fasp\u011b\u0161n\u00e9 n\u011bmeck\u00e9 kapely Rammstein Tilla Lindemanna. Obsaj alba: 1 Steh auf 2 Ich wei\u00df es nicht 3 Allesfresser 4 Blut 5 Knebel 6 Frau &#038; [&hellip;]<\/p>\n","protected":false},"featured_media":0,"comment_status":"closed","ping_status":"open","template":"","meta":{"_acf_changed":false,"_monsterinsights_skip_tracking":false,"_monsterinsights_sitenote_active":false,"_monsterinsights_sitenote_note":"","_monsterinsights_sitenote_category":0,"_EventAllDay":false,"_EventTimezone":"","_EventStartDate":"","_EventEndDate":"","_EventStartDateUTC":"","_EventEndDateUTC":"","_EventShowMap":false,"_EventShowMapLink":false,"_EventURL":"","_EventCost":"","_EventCostDescription":"","_EventCurrencySymbol":"","_EventCurrencyCode":"","_EventCurrencyPosition":"","_EventDateTimeSeparator":"","_EventTimeRangeSeparator":"","_EventOrganizerID":[],"_EventVenueID":[],"_OrganizerEmail":"","_OrganizerPhone":"","_OrganizerWebsite":"","_VenueAddress":"","_VenueCity":"","_VenueCountry":"","_VenueProvince":"","_VenueState":"","_VenueZip":"","_VenuePhone":"","_VenueURL":"","_VenueStateProvince":"","_VenueLat":"","_VenueLng":"","_VenueShowMap":false,"_VenueShowMapLink":false,"twitterCardType":"","cardImageID":0,"cardImage":"","cardTitle":"","cardDesc":"","cardImageAlt":"","cardPlayer":"","cardPlayerWidth":0,"cardPlayerHeight":0,"cardPlayerStream":"","cardPlayerCodec":""},"product_cat":[],"product_tag":[],"class_list":["post-55359","product","type-product","status-publish","hentry"],"acf":{"description":"F&M je studiov\u00e9 album zp\u011bv\u00e1ka \u00fasp\u011b\u0161n\u00e9 n\u011bmeck\u00e9 kapely Rammstein Tilla Lindemanna.   Obsaj alba:   1 Steh auf   2 Ich wei\u00df es nicht  3 Allesfresser  4 Blut  5 Knebel  6 Frau & Mann  7 Ach so gern  8 Schlaf ein  9 Gummi  10 Platz Eins  11 Wer wei\u00df das schon","item_id":"LX1530402","productname":"Lindemann: F & M - LP","product":"Lindemann: F & M - LP","url":"https:\/\/www.luxor.cz\/v\/1530402\/lindemann-f-m-lp","imgurl":"https:\/\/img.luxor.cz\/orig\/produkty\/602508110634.jpg","price_vat":"1008.00","margin":"","vat":"","paramname1":"","paramval1":"","paramname2":"","paramval2":"","paramname3":"","paramval3":"","paramname4":"","paramval4":"","paramname5":"","paramval5":"","paramname6":"","paramval6":"","paramname7":"","paramval7":"","paramname8":"","paramval8":"","paramname9":"","paramval9":"","paramname10":"","paramval10":"","ean":"602508110634","manufacturer":"Universal Music","categorytext":""},"_links":{"self":[{"href":"https:\/\/www.luxor.cz\/blog\/wp-json\/wp\/v2\/product\/55359","targetHints":{"allow":["GET"]}}],"collection":[{"href":"https:\/\/www.luxor.cz\/blog\/wp-json\/wp\/v2\/product"}],"about":[{"href":"https:\/\/www.luxor.cz\/blog\/wp-json\/wp\/v2\/types\/product"}],"replies":[{"embeddable":true,"href":"https:\/\/www.luxor.cz\/blog\/wp-json\/wp\/v2\/comments?post=55359"}],"wp:attachment":[{"href":"https:\/\/www.luxor.cz\/blog\/wp-json\/wp\/v2\/media?parent=55359"}],"wp:term":[{"taxonomy":"product_cat","embeddable":true,"href":"https:\/\/www.luxor.cz\/blog\/wp-json\/wp\/v2\/product_cat?post=55359"},{"taxonomy":"product_tag","embeddable":true,"href":"https:\/\/www.luxor.cz\/blog\/wp-json\/wp\/v2\/product_tag?post=55359"}],"curies":[{"name":"wp","href":"https:\/\/api.w.org\/{rel}","templated":true}]}}