{"id":54536,"date":"2023-08-14T09:43:45","date_gmt":"2023-08-14T07:43:45","guid":{"rendered":"https:\/\/www.luxor.cz\/blog\/produkt\/lego-minecraft-opusteny-dul-21166\/"},"modified":"2023-08-14T09:43:47","modified_gmt":"2023-08-14T07:43:47","slug":"lego-minecraft-opusteny-dul-21166","status":"publish","type":"product","link":"https:\/\/www.luxor.cz\/blog\/produkt\/lego-minecraft-opusteny-dul-21166\/","title":{"rendered":"Lego Minecraft \u201eOpu\u0161t\u011bn\u00fd\u201c d\u016fl 21166"},"content":{"rendered":"<p>Produkt &#8222;Lego Minecraft \u201eOpu\u0161t\u011bn\u00fd\u201c d\u016fl 21166&#8220; spad\u00e1 do \u017e\u00e1nru Hra\u010dky. Jedn\u00e1 se o po\u010din nakladatelstv\u00ed &#8222;Lego&#8220; z roku 2021.<\/p>\n","protected":false},"excerpt":{"rendered":"<p>Produkt &#8222;Lego Minecraft \u201eOpu\u0161t\u011bn\u00fd\u201c d\u016fl 21166&#8220; spad\u00e1 do \u017e\u00e1nru Hra\u010dky. Jedn\u00e1 se o po\u010din nakladatelstv\u00ed &#8222;Lego&#8220; z roku 2021.<\/p>\n","protected":false},"featured_media":0,"comment_status":"closed","ping_status":"open","template":"","meta":{"_acf_changed":false,"_monsterinsights_skip_tracking":false,"_monsterinsights_sitenote_active":false,"_monsterinsights_sitenote_note":"","_monsterinsights_sitenote_category":0,"_EventAllDay":false,"_EventTimezone":"","_EventStartDate":"","_EventEndDate":"","_EventStartDateUTC":"","_EventEndDateUTC":"","_EventShowMap":false,"_EventShowMapLink":false,"_EventURL":"","_EventCost":"","_EventCostDescription":"","_EventCurrencySymbol":"","_EventCurrencyCode":"","_EventCurrencyPosition":"","_EventDateTimeSeparator":"","_EventTimeRangeSeparator":"","_EventOrganizerID":[],"_EventVenueID":[],"_OrganizerEmail":"","_OrganizerPhone":"","_OrganizerWebsite":"","_VenueAddress":"","_VenueCity":"","_VenueCountry":"","_VenueProvince":"","_VenueState":"","_VenueZip":"","_VenuePhone":"","_VenueURL":"","_VenueStateProvince":"","_VenueLat":"","_VenueLng":"","_VenueShowMap":false,"_VenueShowMapLink":false,"twitterCardType":"","cardImageID":0,"cardImage":"","cardTitle":"","cardDesc":"","cardImageAlt":"","cardPlayer":"","cardPlayerWidth":0,"cardPlayerHeight":0,"cardPlayerStream":"","cardPlayerCodec":""},"product_cat":[],"product_tag":[],"class_list":["post-54536","product","type-product","status-publish","hentry"],"acf":{"description":"Produkt \"Lego Minecraft \u201eOpu\u0161t\u011bn\u00fd\u201c d\u016fl 21166\" spad\u00e1 do \u017e\u00e1nru Hra\u010dky. Jedn\u00e1 se o po\u010din nakladatelstv\u00ed \"Lego\" z roku 2021.","item_id":"LX1535459","productname":"Lego Minecraft \u201eOpu\u0161t\u011bn\u00fd\u201c d\u016fl 21166","product":"Lego Minecraft \u201eOpu\u0161t\u011bn\u00fd\u201c d\u016fl 21166","url":"https:\/\/www.luxor.cz\/v\/1535459\/lego-minecraftopusteny-dul-21166","imgurl":"https:\/\/img.luxor.cz\/orig\/produkty\/5702016913446.jpg","price_vat":"549.00","margin":"","vat":"","paramname1":"","paramval1":"","paramname2":"","paramval2":"","paramname3":"","paramval3":"","paramname4":"","paramval4":"","paramname5":"","paramval5":"","paramname6":"","paramval6":"","paramname7":"","paramval7":"","paramname8":"","paramval8":"","paramname9":"","paramval9":"","paramname10":"","paramval10":"","ean":"5702016913446","manufacturer":"Lego","categorytext":""},"_links":{"self":[{"href":"https:\/\/www.luxor.cz\/blog\/wp-json\/wp\/v2\/product\/54536","targetHints":{"allow":["GET"]}}],"collection":[{"href":"https:\/\/www.luxor.cz\/blog\/wp-json\/wp\/v2\/product"}],"about":[{"href":"https:\/\/www.luxor.cz\/blog\/wp-json\/wp\/v2\/types\/product"}],"replies":[{"embeddable":true,"href":"https:\/\/www.luxor.cz\/blog\/wp-json\/wp\/v2\/comments?post=54536"}],"wp:attachment":[{"href":"https:\/\/www.luxor.cz\/blog\/wp-json\/wp\/v2\/media?parent=54536"}],"wp:term":[{"taxonomy":"product_cat","embeddable":true,"href":"https:\/\/www.luxor.cz\/blog\/wp-json\/wp\/v2\/product_cat?post=54536"},{"taxonomy":"product_tag","embeddable":true,"href":"https:\/\/www.luxor.cz\/blog\/wp-json\/wp\/v2\/product_tag?post=54536"}],"curies":[{"name":"wp","href":"https:\/\/api.w.org\/{rel}","templated":true}]}}